{"id":2106,"date":"2021-03-25T04:08:26","date_gmt":"2021-03-25T04:08:26","guid":{"rendered":"http:\/\/localhost\/nuss\/?page_id=298"},"modified":"2025-10-07T13:51:56","modified_gmt":"2025-10-07T13:51:56","slug":"erlebnisse","status":"publish","type":"page","link":"https:\/\/orangehaohotel.com\/de\/experiences\/","title":{"rendered":"Kundenerfahrungen und Bewertungen"},"content":{"rendered":"<div data-elementor-type=\"wp-page\" data-elementor-id=\"2106\" class=\"elementor elementor-2106\">\n\t\t\t\t\t\t<section class=\"elementor-section elementor-top-section elementor-element elementor-element-1954ffc elementor-section-boxed elementor-section-gap-beside-yes elementor-section-height-default elementor-section-height-default elementor-section-column-vertical-align-stretch\" data-id=\"1954ffc\" data-element_type=\"section\" data-e-type=\"section\">\n\t\t\t\t\t\t<div class=\"elementor-container elementor-column-gap-extended\">\n\t\t\t\t\t<div class=\"elementor-column elementor-col-100 elementor-top-column elementor-element elementor-element-86aebc5\" data-id=\"86aebc5\" data-element_type=\"column\" data-e-type=\"column\">\n\t\t\t<div class=\"elementor-widget-wrap elementor-element-populated\">\n\t\t\t\t\t\t<div class=\"elementor-element elementor-element-11803d1 elementor-widget__width-initial elementor-invisible elementor-widget elementor-widget-text-editor\" data-id=\"11803d1\" data-element_type=\"widget\" data-e-type=\"widget\" data-settings=\"{&quot;_animation&quot;:&quot;nussFadeInUp&quot;}\" data-widget_type=\"text-editor.default\">\n\t\t\t\t\t\t\t\t\t<div class=\"svelte-1c06zsf\" data-lang-code=\"\"><p><strong data-spm-anchor-id=\"a2ty_o01.29997173.0.i108.47fcc921vt3Wiu\">Warum Reisende das OrangeHao Hotel in Xi&#039;an lieben: Echte G\u00e4steerfahrungen und ehrliche Bewertungen von Trip.com<\/strong><\/p><\/div>\t\t\t\t\t\t\t\t<\/div>\n\t\t\t\t\t<\/div>\n\t\t<\/div>\n\t\t\t\t\t<\/div>\n\t\t<\/section>\n\t\t<div class=\"elementor-element elementor-element-95e7268 e-flex e-con-boxed e-con e-parent\" data-id=\"95e7268\" data-element_type=\"container\" data-e-type=\"container\">\n\t\t\t\t\t<div class=\"e-con-inner\">\n\t\t\t\t<div class=\"elementor-element elementor-element-bd47571 elementor-widget elementor-widget-image\" data-id=\"bd47571\" data-element_type=\"widget\" data-e-type=\"widget\" data-widget_type=\"image.default\">\n\t\t\t\t\t\t\t\t\t\t\t\t\t\t\t\t<a href=\"https:\/\/www.trip.com\/t\/GCEdZzWmlR2\" target=\"_blank\" rel=\"noopener\">\n\t\t\t\t\t\t\t<img fetchpriority=\"high\" decoding=\"async\" width=\"1024\" height=\"390\" src=\"https:\/\/orangehaohotel.com\/wp-content\/uploads\/2025\/10\/reviews-1024x390.jpg\" class=\"attachment-large size-large wp-image-7323\" alt=\"\" srcset=\"https:\/\/orangehaohotel.com\/wp-content\/uploads\/2025\/10\/reviews-1024x390.jpg 1024w, https:\/\/orangehaohotel.com\/wp-content\/uploads\/2025\/10\/reviews-300x114.jpg 300w, https:\/\/orangehaohotel.com\/wp-content\/uploads\/2025\/10\/reviews-768x293.jpg 768w, https:\/\/orangehaohotel.com\/wp-content\/uploads\/2025\/10\/reviews-1536x585.jpg 1536w, https:\/\/orangehaohotel.com\/wp-content\/uploads\/2025\/10\/reviews-18x7.jpg 18w, https:\/\/orangehaohotel.com\/wp-content\/uploads\/2025\/10\/reviews.jpg 1704w\" sizes=\"(max-width: 1024px) 100vw, 1024px\" \/>\t\t\t\t\t\t\t\t<\/a>\n\t\t\t\t\t\t\t\t\t\t\t\t\t\t\t<\/div>\n\t\t\t\t\t<\/div>\n\t\t\t\t<\/div>\n\t\t<div class=\"elementor-element elementor-element-3e39171 e-flex e-con-boxed e-con e-parent\" data-id=\"3e39171\" data-element_type=\"container\" data-e-type=\"container\">\n\t\t\t\t\t<div class=\"e-con-inner\">\n\t\t\t\t<div class=\"elementor-element elementor-element-7761d0c elementor-widget elementor-widget-text-editor\" data-id=\"7761d0c\" data-element_type=\"widget\" data-e-type=\"widget\" data-widget_type=\"text-editor.default\">\n\t\t\t\t\t\t\t\t\t<p>Wenn Sie eine Reise in eine der geschichtstr\u00e4chtigsten und kulturell reichsten St\u00e4dte Chinas planen, kann die Wahl der richtigen Unterkunft den entscheidenden Unterschied machen. Eingebettet in das pulsierende <strong>Bezirk Beilin<\/strong> bei <strong>Nr. 16 Huancheng South Road, Xi&#039;an, Shaanxi 710000<\/strong>, <strong>OrangeHao Hotel<\/strong> ist schnell zu einem Favoriten unter anspruchsvollen Reisenden geworden \u2013 und das aus gutem Grund. Basierend auf verifizierten G\u00e4stebewertungen auf <strong>Trip.com<\/strong> (Hotel-ID: 2352601), dieses Boutique-Hotel in der Stadt erh\u00e4lt regelm\u00e4\u00dfig gro\u00dfes Lob f\u00fcr seine <strong>makellose Zimmer, au\u00dfergew\u00f6hnlicher Service, unschlagbare Lage<\/strong>, Und <strong>authentischer lokaler Charme<\/strong>.<\/p><h3 data-spm-anchor-id=\"a2ty_o01.29997173.0.i109.47fcc921vt3Wiu\">Konsequent Bestnoten f\u00fcr Sauberkeit und Komfort<\/h3><p>Immer wieder betonen die G\u00e4ste die <strong>tadellose Sauberkeit<\/strong> des OrangeHao Hotels als herausragendes Merkmal. \u201eDas Zimmer war makellos \u2013 frische Bettw\u00e4sche, ein gl\u00e4nzendes Badezimmer und nirgendwo Staub\u201c, schrieb ein Reisender aus Guangzhou. Andere bemerkten die <strong>modernes, minimalistisches Design<\/strong> Das Hotel verbindet modernen Komfort mit subtilen Anspielungen auf das Erbe Xi&#039;ans und schafft so nach einem Tag voller Entdeckungen eine beruhigende Atmosph\u00e4re. Die Betten \u2013 h\u00e4ufig als \u201esehr bequem\u201c und \u201eperfekt f\u00fcr einen erholsamen Schlaf\u201c beschrieben \u2013 sind ein wiederkehrendes Thema in 5-Sterne-Bewertungen. Viele G\u00e4ste sch\u00e4tzen die hochwertige Bettw\u00e4sche und die schallisolierten Fenster, die trotz der zentralen Lage f\u00fcr erholsame Ruhe sorgen.<\/p><h3>Erstklassige Lage: Nur wenige Schritte von Xi&#039;ans gr\u00f6\u00dften Sch\u00e4tzen entfernt<\/h3><p>Einer der am meisten gefeierten Aspekte des OrangeHao Hotels ist seine <strong>unschlagbare N\u00e4he zu den wichtigsten Sehensw\u00fcrdigkeiten<\/strong>. Nur einen <strong>5 Gehminuten vom S\u00fcdtor der alten Stadtmauer von Xi&#039;an<\/strong>k\u00f6nnen die G\u00e4ste bequem auf die <strong>Glockenturm<\/strong>, <strong>Trommelturm<\/strong>, <strong>Muslimisches Viertel<\/strong>, Und <strong>Beilin Museum<\/strong>\u2013 alles innerhalb von 15 Gehminuten. \u201eWir sind \u00fcberall hingelaufen! Die Lage des Hotels hat uns Zeit und Taxifahrten gespart\u201c, erz\u00e4hlte eine Familie aus Shanghai. Gesch\u00e4ftsreisende sch\u00e4tzen auch die gute Erreichbarkeit der B\u00fcros und Verkehrsknotenpunkte in der Innenstadt. <strong>Bahnhof Xi&#039;an<\/strong> Und <strong>U-Bahn-Linien<\/strong> nur eine kurze Fahrt entfernt.<\/p><h3>Herzlicher, aufmerksamer Service, der sich besonders viel M\u00fche gibt<\/h3><p>G\u00e4ste beschreiben das Personal durchweg als <strong>freundlich, hilfsbereit und wirklich gastfreundlich<\/strong>. Vom Rezeptionsteam mit Angebot <strong>personalisierte Sightseeing-Tipps<\/strong> Der Service im OrangeHao Hotel hinterl\u00e4sst einen bleibenden Eindruck, vom Housekeeping bis hin zur t\u00e4glichen Frische. \u201eDie Rezeptionistin half uns bei der Buchung von Terrakotta-Krieger-Tickets und zeichnete uns sogar eine Karte zu einem versteckten Nudelrestaurant!\u201c, schw\u00e4rmte ein Paar aus Kanada. Mehrsprachige Unterst\u00fctzung (einschlie\u00dflich Englisch und Mandarin) rundet das Erlebnis f\u00fcr internationale G\u00e4ste zus\u00e4tzlich ab.<\/p><h3>Tolles Preis-Leistungs-Verh\u00e4ltnis mit durchdachten Annehmlichkeiten<\/h3><p>Kritiker erw\u00e4hnen h\u00e4ufig das Hotel <strong>ausgezeichnetes Preis-Leistungs-Verh\u00e4ltnis<\/strong>. Trotz seiner zentralen Lage und hohen Standards bleibt das OrangeHao Hotel preisg\u00fcnstig. Kostenlose <strong>Highspeed-WLAN<\/strong>, Smart-TVs, hochwertige Toilettenartikel und ein <strong>leckeres Fr\u00fchst\u00fcck<\/strong> mit lokalen Shaanxi-Spezialit\u00e4ten (wie herzhafte <em>hulutou<\/em> Porridge und Dampfbr\u00f6tchen) bieten einen erheblichen Mehrwert. Viele G\u00e4ste bemerkten, dass sie \u201ef\u00fcr den Preis viel mehr bekommen haben, als sie erwartet hatten\u201c.<\/p><h3>Kleine Anmerkungen, gro\u00dfe Zufriedenheit<\/h3><p>W\u00e4hrend die \u00fcberwiegende Mehrheit der Bewertungen begeistert ist, erw\u00e4hnten einige G\u00e4ste typische st\u00e4dtische Probleme \u2013 wie Stra\u00dfenl\u00e4rm w\u00e4hrend der Sto\u00dfzeiten (obwohl die meisten Zimmer zu ruhigen Innenh\u00f6fen liegen) oder begrenzte Parkm\u00f6glichkeiten (\u00fcblich im Zentrum von Xi&#039;an). Diese kleinen Punkte beeintr\u00e4chtigen jedoch selten die allgemeine Zufriedenheit. <strong>\u00fcber 90% von Trip.com-Rezensenten vergeben 9,5 bis 10\u00a0<\/strong>.<\/p><h3>Das Urteil: Eine vertrauensw\u00fcrdige Wahl f\u00fcr moderne Reisende<\/h3><p>Basierend auf echten G\u00e4steerfahrungen, <strong>OrangeHao Hotel<\/strong> ist nicht nur ein Ort zum Schlafen \u2013 es ist ein <strong>sorgf\u00e4ltig kuratiertes Tor nach Xi&#039;an<\/strong>. Egal, ob Sie allein auf Entdeckungsreise sind, als Paar einen kulturellen Kurzurlaub machen, als Familie das alte China entdecken oder als Gesch\u00e4ftsreisender zuverl\u00e4ssigen Komfort suchen, dieses Hotel h\u00e4lt, was es verspricht: <strong>moderner Komfort, authentische Gastfreundschaft und eine Lage, die Ihnen die Seele von Xi&#039;an direkt vor die Haust\u00fcr bringt<\/strong>.<\/p><p data-spm-anchor-id=\"a2ty_o01.29997173.0.i111.47fcc921vt3Wiu\"><strong>Sind Sie bereit, Xi&#039;an wie ein Einheimischer zu erleben?<\/strong> Pr\u00fcfen Sie die Verf\u00fcgbarkeit und buchen Sie Ihren Aufenthalt im OrangeHao Hotel \u2013 wo jede Bewertung eine Geschichte von Komfort, Bequemlichkeit und Verbundenheit erz\u00e4hlt.<\/p>\t\t\t\t\t\t\t\t<\/div>\n\t\t\t\t\t<\/div>\n\t\t\t\t<\/div>\n\t\t\t\t<section class=\"elementor-section elementor-top-section elementor-element elementor-element-1d2888c9 elementor-section-stretched elementor-section-boxed elementor-section-gap-beside-yes elementor-section-height-default elementor-section-height-default elementor-section-column-vertical-align-stretch\" data-id=\"1d2888c9\" data-element_type=\"section\" data-e-type=\"section\" data-settings=\"{&quot;background_background&quot;:&quot;classic&quot;,&quot;stretch_section&quot;:&quot;section-stretched&quot;}\">\n\t\t\t\t\t\t<div class=\"elementor-container elementor-column-gap-extended\">\n\t\t\t\t\t<div class=\"elementor-column elementor-col-100 elementor-top-column elementor-element elementor-element-23c2b575\" data-id=\"23c2b575\" data-element_type=\"column\" data-e-type=\"column\">\n\t\t\t<div class=\"elementor-widget-wrap elementor-element-populated\">\n\t\t\t\t\t\t<div class=\"elementor-element elementor-element-7337f138 elementor-widget elementor-widget-nuss-heading\" data-id=\"7337f138\" data-element_type=\"widget\" data-e-type=\"widget\" data-widget_type=\"nuss-heading.default\">\n\t\t\t\t<div class=\"elementor-widget-container\">\n\t\t\t\t\t\t\t<div class=\"nuss-modern-heading\">\r\n\t\t\t\t\t\t<div class=\"heading-secondary-wrap\">\r\n\t\t\t\t<h3 class=\"heading-secondary elementor-heading-title\">Verf\u00fcgbarkeit pr\u00fcfen <\/h3>\t\t\t<\/div>\r\n\t\t\r\n\t\t\t\r\n\t\t\t\r\n\t\t\t\t\t<\/div>\r\n\t\t\t\t\t<\/div>\n\t\t\t\t<\/div>\n\t\t\t\t<div class=\"elementor-element elementor-element-6dc1d42 elementor-widget elementor-widget-text-editor\" data-id=\"6dc1d42\" data-element_type=\"widget\" data-e-type=\"widget\" data-widget_type=\"text-editor.default\">\n\t\t\t\t\t\t\t\t\t<iframe border=\"0\" src=\"https:\/\/www.trip.com\/partners\/ad\/S5783395?Allianceid=4590391&#038;SID=263897943&#038;trip_sub1=\" style=\"width:900px;height:200px\" frameborder=\"0\" scrolling=\"no\" id=\"S5783395\"><\/iframe>\t\t\t\t\t\t\t\t<\/div>\n\t\t\t\t\t<\/div>\n\t\t<\/div>\n\t\t\t\t\t<\/div>\n\t\t<\/section>\n\t\t\t\t<\/div>","protected":false},"excerpt":{"rendered":"<p>Why Travelers Love OrangeHao Hotel in Xi\u2019an: Real Guest Experiences &amp; Honest Reviews from Trip.com When planning a trip to one of China\u2019s most historic and culturally rich cities, choosing the right place to stay can make all the difference. Nestled in the vibrant Beilin District at No.16 Huancheng South Road, Xi\u2019an, Shaanxi 710000, OrangeHao [&hellip;]<\/p>\n","protected":false},"author":1,"featured_media":0,"parent":0,"menu_order":0,"comment_status":"closed","ping_status":"closed","template":"","meta":{"footnotes":""},"class_list":["post-2106","page","type-page","status-publish","hentry","post-no-thumbnail"],"_links":{"self":[{"href":"https:\/\/orangehaohotel.com\/de\/wp-json\/wp\/v2\/pages\/2106","targetHints":{"allow":["GET"]}}],"collection":[{"href":"https:\/\/orangehaohotel.com\/de\/wp-json\/wp\/v2\/pages"}],"about":[{"href":"https:\/\/orangehaohotel.com\/de\/wp-json\/wp\/v2\/types\/page"}],"author":[{"embeddable":true,"href":"https:\/\/orangehaohotel.com\/de\/wp-json\/wp\/v2\/users\/1"}],"replies":[{"embeddable":true,"href":"https:\/\/orangehaohotel.com\/de\/wp-json\/wp\/v2\/comments?post=2106"}],"version-history":[{"count":0,"href":"https:\/\/orangehaohotel.com\/de\/wp-json\/wp\/v2\/pages\/2106\/revisions"}],"wp:attachment":[{"href":"https:\/\/orangehaohotel.com\/de\/wp-json\/wp\/v2\/media?parent=2106"}],"curies":[{"name":"wp","href":"https:\/\/api.w.org\/{rel}","templated":true}]}}