{"id":612,"date":"2021-03-26T10:04:13","date_gmt":"2021-03-26T10:04:13","guid":{"rendered":"http:\/\/localhost\/nuss\/?page_id=612"},"modified":"2025-10-07T14:05:09","modified_gmt":"2025-10-07T14:05:09","slug":"restaurant","status":"publish","type":"page","link":"https:\/\/orangehaohotel.com\/de\/restaurant\/","title":{"rendered":"Restaurant"},"content":{"rendered":"<div data-elementor-type=\"wp-page\" data-elementor-id=\"612\" class=\"elementor elementor-612\">\n\t\t\t\t\t\t<section class=\"elementor-section elementor-top-section elementor-element elementor-element-e2effe8 elementor-section-boxed elementor-section-gap-beside-yes elementor-section-height-default elementor-section-height-default elementor-section-column-vertical-align-stretch\" data-id=\"e2effe8\" data-element_type=\"section\" data-e-type=\"section\">\n\t\t\t\t\t\t<div class=\"elementor-container elementor-column-gap-extended\">\n\t\t\t\t\t<div class=\"elementor-column elementor-col-100 elementor-top-column elementor-element elementor-element-e18f688\" data-id=\"e18f688\" data-element_type=\"column\" data-e-type=\"column\">\n\t\t\t<div class=\"elementor-widget-wrap elementor-element-populated\">\n\t\t\t\t\t\t<div class=\"elementor-element elementor-element-6db146d elementor-widget__width-initial elementor-invisible elementor-widget elementor-widget-text-editor\" data-id=\"6db146d\" data-element_type=\"widget\" data-e-type=\"widget\" data-settings=\"{&quot;_animation&quot;:&quot;nussFadeInUp&quot;}\" data-widget_type=\"text-editor.default\">\n\t\t\t\t\t\t\t\t\t<div class=\"svelte-1c06zsf\" data-lang-code=\"\"><p><strong data-spm-anchor-id=\"a2ty_o01.29997173.0.i125.47fcc921vt3Wiu\">Genie\u00dfen Sie die Seele von Shaanxi: Authentisches Essen im hoteleigenen Restaurant des OrangeHao Hotels im Herzen von Xi&#039;an<\/strong><\/p><\/div>\t\t\t\t\t\t\t\t<\/div>\n\t\t\t\t\t<\/div>\n\t\t<\/div>\n\t\t\t\t\t<\/div>\n\t\t<\/section>\n\t\t<div class=\"elementor-element elementor-element-764955e e-flex e-con-boxed e-con e-parent\" data-id=\"764955e\" data-element_type=\"container\" data-e-type=\"container\">\n\t\t\t\t\t<div class=\"e-con-inner\">\n\t\t<div class=\"elementor-element elementor-element-3a71d84 e-con-full e-flex e-con e-child\" data-id=\"3a71d84\" data-element_type=\"container\" data-e-type=\"container\">\n\t\t\t\t<div class=\"elementor-element elementor-element-81a00fb elementor-widget elementor-widget-text-editor\" data-id=\"81a00fb\" data-element_type=\"widget\" data-e-type=\"widget\" data-widget_type=\"text-editor.default\">\n\t\t\t\t\t\t\t\t\t<p>Treten Sie ein in die <strong>OrangeHao Hotel Restaurant<\/strong>\u2013 ein kulinarisches Heiligtum, wo die kr\u00e4ftigen, aromatischen Aromen von <strong>Shaanxi-K\u00fcche<\/strong> werden in einer Umgebung lebendig, die zeitgen\u00f6ssische Eleganz mit dem reichen Erbe einer der \u00e4ltesten St\u00e4dte Chinas verbindet. G\u00fcnstig gelegen innerhalb <strong>OrangeHao Hotel in der Huancheng South Road Nr. 16, Bezirk Beilin, Xi&#039;an, Shaanxi 710000<\/strong>Unser hoteleigenes Restaurant bietet sowohl Hotelg\u00e4sten als auch Liebhabern der lokalen K\u00fcche eine unvergessliche gastronomische Reise durch das Herz Nordwestchinas \u2013 ohne jemals den Komfort unseres urbanen R\u00fcckzugsortes verlassen zu m\u00fcssen.<\/p>\t\t\t\t\t\t\t\t<\/div>\n\t\t\t\t<\/div>\n\t\t<div class=\"elementor-element elementor-element-bb76a06 e-con-full e-flex e-con e-child\" data-id=\"bb76a06\" data-element_type=\"container\" data-e-type=\"container\">\n\t\t\t\t<div class=\"elementor-element elementor-element-636ac5f elementor-widget elementor-widget-image\" data-id=\"636ac5f\" data-element_type=\"widget\" data-e-type=\"widget\" data-widget_type=\"image.default\">\n\t\t\t\t\t\t\t\t\t\t\t\t\t\t\t<img fetchpriority=\"high\" decoding=\"async\" width=\"1024\" height=\"682\" src=\"https:\/\/orangehaohotel.com\/wp-content\/uploads\/2025\/10\/OrangeHao-Hotel-80-1024x682.webp\" class=\"attachment-large size-large wp-image-7220\" alt=\"\" srcset=\"https:\/\/orangehaohotel.com\/wp-content\/uploads\/2025\/10\/OrangeHao-Hotel-80-1024x682.webp 1024w, https:\/\/orangehaohotel.com\/wp-content\/uploads\/2025\/10\/OrangeHao-Hotel-80-300x200.webp 300w, https:\/\/orangehaohotel.com\/wp-content\/uploads\/2025\/10\/OrangeHao-Hotel-80-768x512.webp 768w, https:\/\/orangehaohotel.com\/wp-content\/uploads\/2025\/10\/OrangeHao-Hotel-80-18x12.webp 18w, https:\/\/orangehaohotel.com\/wp-content\/uploads\/2025\/10\/OrangeHao-Hotel-80.webp 1280w\" sizes=\"(max-width: 1024px) 100vw, 1024px\" \/>\t\t\t\t\t\t\t\t\t\t\t\t\t\t\t<\/div>\n\t\t\t\t<\/div>\n\t\t\t\t\t<\/div>\n\t\t\t\t<\/div>\n\t\t<div class=\"elementor-element elementor-element-d05381b e-flex e-con-boxed e-con e-parent\" data-id=\"d05381b\" data-element_type=\"container\" data-e-type=\"container\">\n\t\t\t\t\t<div class=\"e-con-inner\">\n\t\t\t\t<div class=\"elementor-element elementor-element-53bd849 elementor-widget elementor-widget-text-editor\" data-id=\"53bd849\" data-element_type=\"widget\" data-e-type=\"widget\" data-widget_type=\"text-editor.default\">\n\t\t\t\t\t\t\t\t\t<p data-spm-anchor-id=\"a2ty_o01.29997173.0.i127.47fcc921vt3Wiu\">Nur wenige Minuten von Xi&#039;ans ikonischem <strong>Antike Stadtmauer<\/strong>, <strong>Glockenturm<\/strong>und das gesch\u00e4ftige <strong>Muslimisches Viertel<\/strong>Unser Restaurant ist mehr als nur ein Speiselokal \u2013 es ist eine kuratierte Hommage an lokale Traditionen, saisonale Zutaten und altehrw\u00fcrdige Techniken, die \u00fcber Generationen weitergegeben wurden. Von der legend\u00e4ren <strong>handgezogene Biangbiang-Nudeln<\/strong>\u2013 breit, z\u00e4h und in Chili\u00f6l und Knoblauch getr\u00e4nkt \u2013 bis hin zum saftigen, langsam geschmorten <strong>Lamm Roujiamo<\/strong> (oft \u201echinesische Hamburger\u201c genannt) wird jedes Gericht so zubereitet, dass es die robuste kulinarische Identit\u00e4t von Shaanxi w\u00fcrdigt und gleichzeitig den modernen Erwartungen an Frische, Pr\u00e4sentation und Qualit\u00e4t entspricht.<\/p><div class=\"my-2\">\u00a0<\/div><p>Unsere K\u00f6che beziehen t\u00e4glich Zutaten von vertrauensw\u00fcrdigen lokalen M\u00e4rkten und garantieren so h\u00f6chsten Geschmack und Authentizit\u00e4t. Zu den Spezialit\u00e4ten geh\u00f6ren <strong>Yangrou Paomo<\/strong> (zerbr\u00f6seltes Fladenbrot in duftendem Lammeintopf), <strong>Qishan Saocai-Nudeln<\/strong> mit w\u00fcrzigem eingelegtem Gem\u00fcse und zartem <strong>ged\u00e4mpfte Teigtaschen<\/strong> gef\u00fcllt mit Schweinefleisch und Schnittlauch \u2013 jeder Teller ein Beweis f\u00fcr Xi&#039;ans Rolle als historischer Knotenpunkt der Seidenstra\u00dfe, wo zentralasiatische Gew\u00fcrze auf chinesische Kochkunst trafen.<\/p><div class=\"my-2\">\u00a0<\/div><p>Das Restaurant ist mit Blick auf W\u00e4rme und Komfort gestaltet und bietet <strong>sanfte Ambientebeleuchtung<\/strong>, minimalistisches Dekor, inspiriert von der \u00c4sthetik der Tang-Dynastie, und raumhohe Fenster, die den Raum tags\u00fcber in nat\u00fcrliches Licht tauchen und nachts einen Blick auf den ruhigen Innenhof bieten. Ob Sie ein gem\u00fctliches Fr\u00fchst\u00fcck genie\u00dfen <strong>Milch-Congee, Youtiao (frittierte Teigstangen) und ged\u00e4mpftes Baozi<\/strong>, ein Gesch\u00e4ftsessen mit Kollegen oder ein romantisches Abendessen nach der Erkundung der antiken Wunder der Stadt, die Atmosph\u00e4re schafft die perfekte Balance zwischen Eleganz und Leichtigkeit.<\/p><div class=\"my-2\">\u00a0<\/div><p>Das Fr\u00fchst\u00fcck ist f\u00fcr viele G\u00e4ste ein Highlight, mit einem <strong>sorgf\u00e4ltig zusammengestelltes Buffet<\/strong> das lokale Grundnahrungsmittel mit internationalen Favoriten verbindet \u2013 denken Sie an frisch gebackenes Geb\u00e4ck neben herzhaften <strong>Hulutou-Brei<\/strong>, saisonale Fr\u00fcchte und frisch zubereitete Eier. Zum Abendessen l\u00e4dt das \u00c0-la-carte-Men\u00fc zum Entdecken ein. Auf Anfrage sind auch vegetarische, glutenfreie und gew\u00fcrzvariable Optionen erh\u00e4ltlich. Und als Erg\u00e4nzung zu Ihrem Essen? Eine Auswahl an <strong>Chinesische Tees<\/strong>, lokale Craft-Biere und alkoholfreie Aufg\u00fcsse mit Goji-Beeren, Chrysanthemen oder Wei\u00dfdorn \u2013 ideal f\u00fcr die Verdauung und Entspannung.<\/p><div class=\"my-2\">\u00a0<\/div><p>Bequem ge\u00f6ffnet f\u00fcr <strong>Fr\u00fchst\u00fcck, Mittag- und Abendessen<\/strong>Das OrangeHao Hotel Restaurant ist exklusiv f\u00fcr Hotelg\u00e4ste und Laufkundschaft zug\u00e4nglich, die ein authentisches und doch raffiniertes Xi&#039;an-Speiseerlebnis suchen. Mit <strong>kostenloses Highspeed-WLAN<\/strong>, aufmerksamer zweisprachiger Service und eine Lage, die Sie nur wenige Schritte von den wichtigsten Sehensw\u00fcrdigkeiten der Stadt entfernt bringt, ist es der ideale Ort, um neue Energie zu tanken, neue Kontakte zu kn\u00fcpfen und die Aromen neu zu entdecken, die diese legend\u00e4re Region ausmachen.<\/p><div class=\"my-2\">\u00a0<\/div><p>Egal, ob Sie zum ersten Mal hier sind und neugierig auf Shaanxis Nudeltradition sind oder ein wiederkehrender Reisender, der sich nach dem Geschmack der Heimat sehnt, unser Restaurant verspricht mehr als nur eine Mahlzeit \u2013 es bietet eine <strong>k\u00f6stlicher Zugang zur kulturellen Seele von Xi&#039;an<\/strong>.<\/p><div class=\"my-2\">\u00a0<\/div><p data-spm-anchor-id=\"a2ty_o01.29997173.0.i129.47fcc921vt3Wiu\"><strong>Speisen Sie hier. Schmecken Sie Tradition. F\u00fchlen Sie sich wie zu Hause.<\/strong><br \/><em data-spm-anchor-id=\"a2ty_o01.29997173.0.i128.47fcc921vt3Wiu\">T\u00e4glich ge\u00f6ffnet | Im OrangeHao Hotel, Nr. 16 Huancheng South Road, Bezirk Beilin, Xi&#039;an, Shaanxi 710000, China.<\/em><\/p>\t\t\t\t\t\t\t\t<\/div>\n\t\t\t\t\t<\/div>\n\t\t\t\t<\/div>\n\t\t\t\t<section class=\"elementor-section elementor-top-section elementor-element elementor-element-2aaa09d1 elementor-section-stretched elementor-section-boxed elementor-section-gap-beside-yes elementor-section-height-default elementor-section-height-default elementor-section-column-vertical-align-stretch\" data-id=\"2aaa09d1\" data-element_type=\"section\" data-e-type=\"section\" data-settings=\"{&quot;background_background&quot;:&quot;classic&quot;,&quot;stretch_section&quot;:&quot;section-stretched&quot;}\">\n\t\t\t\t\t\t<div class=\"elementor-container elementor-column-gap-extended\">\n\t\t\t\t\t<div class=\"elementor-column elementor-col-100 elementor-top-column elementor-element elementor-element-e755ed6\" data-id=\"e755ed6\" data-element_type=\"column\" data-e-type=\"column\">\n\t\t\t<div class=\"elementor-widget-wrap elementor-element-populated\">\n\t\t\t\t\t\t<div class=\"elementor-element elementor-element-77beed0e elementor-widget elementor-widget-nuss-heading\" data-id=\"77beed0e\" data-element_type=\"widget\" data-e-type=\"widget\" data-widget_type=\"nuss-heading.default\">\n\t\t\t\t<div class=\"elementor-widget-container\">\n\t\t\t\t\t\t\t<div class=\"nuss-modern-heading\">\r\n\t\t\t\t\t\t<div class=\"heading-secondary-wrap\">\r\n\t\t\t\t<h3 class=\"heading-secondary elementor-heading-title\">Verf\u00fcgbarkeit pr\u00fcfen <\/h3>\t\t\t<\/div>\r\n\t\t\r\n\t\t\t\r\n\t\t\t\r\n\t\t\t\t\t<\/div>\r\n\t\t\t\t\t<\/div>\n\t\t\t\t<\/div>\n\t\t\t\t<div class=\"elementor-element elementor-element-e1e6775 elementor-widget elementor-widget-text-editor\" data-id=\"e1e6775\" data-element_type=\"widget\" data-e-type=\"widget\" data-widget_type=\"text-editor.default\">\n\t\t\t\t\t\t\t\t\t<iframe border=\"0\" src=\"https:\/\/www.trip.com\/partners\/ad\/S5783395?Allianceid=4590391&#038;SID=263897943&#038;trip_sub1=\" style=\"width:900px;height:200px\" frameborder=\"0\" scrolling=\"no\" id=\"S5783395\"><\/iframe>\t\t\t\t\t\t\t\t<\/div>\n\t\t\t\t\t<\/div>\n\t\t<\/div>\n\t\t\t\t\t<\/div>\n\t\t<\/section>\n\t\t\t\t<\/div>","protected":false},"excerpt":{"rendered":"<p>Savor the Soul of Shaanxi: Authentic Dining at OrangeHao Hotel\u2019s On-Site Restaurant in the Heart of Xi\u2019an Step into the OrangeHao Hotel Restaurant\u2014a culinary sanctuary where the bold, aromatic flavors of Shaanxi cuisine come alive in a setting that blends contemporary elegance with the rich heritage of one of China\u2019s oldest cities. Conveniently located within [&hellip;]<\/p>\n","protected":false},"author":1,"featured_media":0,"parent":0,"menu_order":0,"comment_status":"closed","ping_status":"closed","template":"","meta":{"footnotes":""},"class_list":["post-612","page","type-page","status-publish","hentry","post-no-thumbnail"],"_links":{"self":[{"href":"https:\/\/orangehaohotel.com\/de\/wp-json\/wp\/v2\/pages\/612","targetHints":{"allow":["GET"]}}],"collection":[{"href":"https:\/\/orangehaohotel.com\/de\/wp-json\/wp\/v2\/pages"}],"about":[{"href":"https:\/\/orangehaohotel.com\/de\/wp-json\/wp\/v2\/types\/page"}],"author":[{"embeddable":true,"href":"https:\/\/orangehaohotel.com\/de\/wp-json\/wp\/v2\/users\/1"}],"replies":[{"embeddable":true,"href":"https:\/\/orangehaohotel.com\/de\/wp-json\/wp\/v2\/comments?post=612"}],"version-history":[{"count":0,"href":"https:\/\/orangehaohotel.com\/de\/wp-json\/wp\/v2\/pages\/612\/revisions"}],"wp:attachment":[{"href":"https:\/\/orangehaohotel.com\/de\/wp-json\/wp\/v2\/media?parent=612"}],"curies":[{"name":"wp","href":"https:\/\/api.w.org\/{rel}","templated":true}]}}