{"id":647,"date":"2021-03-29T02:13:52","date_gmt":"2021-03-29T02:13:52","guid":{"rendered":"http:\/\/localhost\/nuss\/?page_id=647"},"modified":"2025-10-07T14:25:48","modified_gmt":"2025-10-07T14:25:48","slug":"dienstleistungen","status":"publish","type":"page","link":"https:\/\/orangehaohotel.com\/de\/services\/","title":{"rendered":"Leistungen"},"content":{"rendered":"<div data-elementor-type=\"wp-page\" data-elementor-id=\"647\" class=\"elementor elementor-647\">\n\t\t\t\t\t\t<section class=\"elementor-section elementor-top-section elementor-element elementor-element-3353bc8 elementor-section-boxed elementor-section-gap-beside-yes elementor-section-height-default elementor-section-height-default elementor-section-column-vertical-align-stretch\" data-id=\"3353bc8\" data-element_type=\"section\" data-e-type=\"section\">\n\t\t\t\t\t\t<div class=\"elementor-container elementor-column-gap-extended\">\n\t\t\t\t\t<div class=\"elementor-column elementor-col-100 elementor-top-column elementor-element elementor-element-0a2bc64\" data-id=\"0a2bc64\" data-element_type=\"column\" data-e-type=\"column\">\n\t\t\t<div class=\"elementor-widget-wrap elementor-element-populated\">\n\t\t\t\t\t\t<div class=\"elementor-element elementor-element-447e3ef elementor-widget__width-initial elementor-invisible elementor-widget elementor-widget-text-editor\" data-id=\"447e3ef\" data-element_type=\"widget\" data-e-type=\"widget\" data-settings=\"{&quot;_animation&quot;:&quot;nussFadeInUp&quot;}\" data-widget_type=\"text-editor.default\">\n\t\t\t\t\t\t\t\t\t<div class=\"svelte-1c06zsf\" data-lang-code=\"\"><p><strong data-spm-anchor-id=\"a2ty_o01.29997173.0.i132.47fcc921vt3Wiu\">Au\u00dfergew\u00f6hnlicher Service, sorgf\u00e4ltig ausgef\u00fchrt: Das OrangeHao Hotel-Erlebnis im Herzen von Xi&#039;an<\/strong><\/p><\/div>\t\t\t\t\t\t\t\t<\/div>\n\t\t\t\t\t<\/div>\n\t\t<\/div>\n\t\t\t\t\t<\/div>\n\t\t<\/section>\n\t\t<div class=\"elementor-element elementor-element-02dd6e2 e-flex e-con-boxed e-con e-parent\" data-id=\"02dd6e2\" data-element_type=\"container\" data-e-type=\"container\">\n\t\t\t\t\t<div class=\"e-con-inner\">\n\t\t\t\t<div class=\"elementor-element elementor-element-72bb240 elementor-widget elementor-widget-nuss-image-gallery\" data-id=\"72bb240\" data-element_type=\"widget\" data-e-type=\"widget\" data-widget_type=\"nuss-image-gallery.default\">\n\t\t\t\t<div class=\"elementor-widget-container\">\n\t\t\t\t\t\t\t<div class=\"nuss-grid-wrapper\" data-grid=\"{&quot;type&quot;:&quot;grid&quot;,&quot;ratio&quot;:null,&quot;columns&quot;:3,&quot;gutter&quot;:30}\">\r\n\t\t\t<div class=\"nuss-grid lazy-grid\">\r\n\t\t\t\t<div class=\"grid-sizer\"><\/div>\r\n\r\n\t\t\t\t\t\t\t\t\t\t\t\t<div class=\"grid-item\">\r\n\t\t\t\t\t\t<div class=\"nuss-box\">\t\t<div class=\"nuss-image image\">\r\n\t\t\t<img decoding=\"async\"  src=\"https:\/\/orangehaohotel.com\/wp-content\/uploads\/2025\/10\/OrangeHao-Hotel-78.webp\" alt=\"OrangeHao Hotel (78)\" \/>\t\t<\/div>\r\n\t\t\t\t<\/div>\t\t\t\t\t<\/div>\r\n\t\t\t\t\t\t<div class=\"grid-item\">\r\n\t\t\t\t\t\t<div class=\"nuss-box\">\t\t<div class=\"nuss-image image\">\r\n\t\t\t<img decoding=\"async\"  src=\"https:\/\/orangehaohotel.com\/wp-content\/uploads\/2025\/10\/OrangeHao-Hotel-77.webp\" alt=\"OrangeHao Hotel (77)\" \/>\t\t<\/div>\r\n\t\t\t\t<\/div>\t\t\t\t\t<\/div>\r\n\t\t\t\t\t\t<div class=\"grid-item\">\r\n\t\t\t\t\t\t<div class=\"nuss-box\">\t\t<div class=\"nuss-image image\">\r\n\t\t\t<img decoding=\"async\"  src=\"https:\/\/orangehaohotel.com\/wp-content\/uploads\/2025\/10\/OrangeHao-Hotel-76.webp\" alt=\"OrangeHao Hotel (76)\" \/>\t\t<\/div>\r\n\t\t\t\t<\/div>\t\t\t\t\t<\/div>\r\n\t\t\t\t\t\t<div class=\"grid-item\">\r\n\t\t\t\t\t\t<div class=\"nuss-box\">\t\t<div class=\"nuss-image image\">\r\n\t\t\t<img decoding=\"async\"  src=\"https:\/\/orangehaohotel.com\/wp-content\/uploads\/2025\/10\/OrangeHao-Hotel-73.webp\" alt=\"OrangeHao Hotel (73)\" \/>\t\t<\/div>\r\n\t\t\t\t<\/div>\t\t\t\t\t<\/div>\r\n\t\t\t\t\t\t<div class=\"grid-item\">\r\n\t\t\t\t\t\t<div class=\"nuss-box\">\t\t<div class=\"nuss-image image\">\r\n\t\t\t<img decoding=\"async\"  src=\"https:\/\/orangehaohotel.com\/wp-content\/uploads\/2025\/10\/OrangeHao-Hotel-68.webp\" alt=\"OrangeHao Hotel (68)\" \/>\t\t<\/div>\r\n\t\t\t\t<\/div>\t\t\t\t\t<\/div>\r\n\t\t\t\t\t\t<div class=\"grid-item\">\r\n\t\t\t\t\t\t<div class=\"nuss-box\">\t\t<div class=\"nuss-image image\">\r\n\t\t\t<img decoding=\"async\"  src=\"https:\/\/orangehaohotel.com\/wp-content\/uploads\/2025\/10\/OrangeHao-Hotel-84.webp\" alt=\"OrangeHao Hotel (84)\" \/>\t\t<\/div>\r\n\t\t\t\t<\/div>\t\t\t\t\t<\/div>\r\n\t\t\t\t\t\t<div class=\"grid-item\">\r\n\t\t\t\t\t\t<div class=\"nuss-box\">\t\t<div class=\"nuss-image image\">\r\n\t\t\t<img decoding=\"async\"  src=\"https:\/\/orangehaohotel.com\/wp-content\/uploads\/2025\/10\/OrangeHao-Hotel-85.webp\" alt=\"OrangeHao Hotel (85)\" \/>\t\t<\/div>\r\n\t\t\t\t<\/div>\t\t\t\t\t<\/div>\r\n\t\t\t\t\t\t<div class=\"grid-item\">\r\n\t\t\t\t\t\t<div class=\"nuss-box\">\t\t<div class=\"nuss-image image\">\r\n\t\t\t<img decoding=\"async\"  src=\"https:\/\/orangehaohotel.com\/wp-content\/uploads\/2025\/10\/OrangeHao-Hotel-34.webp\" alt=\"OrangeHao Hotel (34)\" \/>\t\t<\/div>\r\n\t\t\t\t<\/div>\t\t\t\t\t<\/div>\r\n\t\t\t\t\t\t<div class=\"grid-item\">\r\n\t\t\t\t\t\t<div class=\"nuss-box\">\t\t<div class=\"nuss-image image\">\r\n\t\t\t<img decoding=\"async\"  src=\"https:\/\/orangehaohotel.com\/wp-content\/uploads\/2025\/10\/OrangeHao-Hotel-40.webp\" alt=\"OrangeHao Hotel (40)\" \/>\t\t<\/div>\r\n\t\t\t\t<\/div>\t\t\t\t\t<\/div>\r\n\t\t\t\t\t\t<div class=\"grid-item\">\r\n\t\t\t\t\t\t<div class=\"nuss-box\">\t\t<div class=\"nuss-image image\">\r\n\t\t\t<img decoding=\"async\"  src=\"https:\/\/orangehaohotel.com\/wp-content\/uploads\/2025\/10\/OrangeHao-Hotel-39.webp\" alt=\"OrangeHao Hotel (39)\" \/>\t\t<\/div>\r\n\t\t\t\t<\/div>\t\t\t\t\t<\/div>\r\n\t\t\t\t\t\t<div class=\"grid-item\">\r\n\t\t\t\t\t\t<div class=\"nuss-box\">\t\t<div class=\"nuss-image image\">\r\n\t\t\t<img decoding=\"async\"  src=\"https:\/\/orangehaohotel.com\/wp-content\/uploads\/2025\/10\/OrangeHao-Hotel-15.webp\" alt=\"OrangeHao Hotel (15)\" \/>\t\t<\/div>\r\n\t\t\t\t<\/div>\t\t\t\t\t<\/div>\r\n\t\t\t\t\t\t<div class=\"grid-item\">\r\n\t\t\t\t\t\t<div class=\"nuss-box\">\t\t<div class=\"nuss-image image\">\r\n\t\t\t<img decoding=\"async\"  src=\"https:\/\/orangehaohotel.com\/wp-content\/uploads\/2025\/10\/OrangeHao-Hotel-7.webp\" alt=\"OrangeHao Hotel (7)\" \/>\t\t<\/div>\r\n\t\t\t\t<\/div>\t\t\t\t\t<\/div>\r\n\t\t\t\t\t\t\t\r\n\t\t\t<\/div>\r\n\t\t<\/div>\r\n\t\t\t\t\t\t<\/div>\n\t\t\t\t<\/div>\n\t\t\t\t\t<\/div>\n\t\t\t\t<\/div>\n\t\t<div class=\"elementor-element elementor-element-76953f7 e-flex e-con-boxed e-con e-parent\" data-id=\"76953f7\" data-element_type=\"container\" data-e-type=\"container\">\n\t\t\t\t\t<div class=\"e-con-inner\">\n\t\t\t\t<div class=\"elementor-element elementor-element-2f32cd6 elementor-widget elementor-widget-text-editor\" data-id=\"2f32cd6\" data-element_type=\"widget\" data-e-type=\"widget\" data-widget_type=\"text-editor.default\">\n\t\t\t\t\t\t\t\t\t<div class=\"svelte-1c06zsf\" data-lang-code=\"\"><p data-spm-anchor-id=\"a2ty_o01.29997173.0.i133.47fcc921vt3Wiu\">Bei <strong>OrangeHao Hotel<\/strong>, gelegen in <strong>Nr. 16 Huancheng South Road, Bezirk Beilin, Xi&#039;an, Shaanxi 710000, China<\/strong>Wir glauben, dass wahre Gastfreundschaft nicht nur darin besteht, wo Sie \u00fcbernachten, sondern auch darin, wie wir Sie umsorgen. Von der Buchung bis zur Verabschiedung ist jeder Kontaktpunkt mit Bedacht, W\u00e4rme und tiefem Respekt f\u00fcr Ihre Zeit, Ihren Komfort und Ihre individuellen Bed\u00fcrfnisse gestaltet. Unser umfassendes Serviceangebot \u00fcbertrifft die Erwartungen und verbindet moderne Effizienz mit dem freundlichen Geist von Xi&#039;an \u2013 einer Stadt, die seit \u00fcber 2.000 Jahren Reisende willkommen hei\u00dft.<\/p><div class=\"my-2\">\u00a0<\/div><h3><strong>Reibungslose Ankunft und personalisierter Check-in<\/strong><\/h3><p>Ihre Reise mit uns beginnt, bevor Sie \u00fcberhaupt durch unsere T\u00fcren treten. Unsere <strong>24\/7 Rezeption<\/strong> sorgt f\u00fcr eine reibungslose Ankunft zu jeder Stunde, w\u00e4hrend unsere <strong>Express-Check-in und -Check-out<\/strong> Optionen minimieren die Wartezeiten f\u00fcr Gesch\u00e4ftsreisende und m\u00fcde Entdecker gleicherma\u00dfen. Bei Ihrer Ankunft werden Sie von unserem mehrsprachigen Team begr\u00fc\u00dft \u2013 flie\u00dfend Mandarin und Konversationsenglisch \u2013 das Ihnen nicht nur Zimmerschl\u00fcssel, sondern <strong>personalisierte Willkommensnachrichten<\/strong>, lokale Tipps und sogar handgezeichnete Karten zu versteckten Juwelen wie jahrhundertealten Nudelrestaurants oder ruhigen Tempelh\u00f6fen.<\/p><div class=\"my-2\">\u00a0<\/div><h3><strong>Sorgf\u00e4ltig zusammengestellte Annehmlichkeiten im Zimmer<\/strong><\/h3><p>Jedes Zimmer im OrangeHao Hotel ist mit Annehmlichkeiten ausgestattet, die sowohl auf Komfort als auch auf Bequemlichkeit ausgelegt sind:<\/p><ul dir=\"auto\"><li><strong>Hochgeschwindigkeits-Glasfaser-WLAN<\/strong> (kostenlos und zuverl\u00e4ssig f\u00fcr Remote-Arbeit oder Streaming)<\/li><li><strong>Ergonomische Arbeitstische<\/strong> mit ausreichend Steckdosen und USB-Anschl\u00fcssen<\/li><li><strong>Premium-Bettw\u00e4sche<\/strong> mit hypoallergenen Kissen und Baumwollbettw\u00e4sche mit Fadenst\u00e4rke 300<\/li><li><strong>Intelligente Klimaregelung<\/strong>, Verdunkelungsvorh\u00e4nge und schalld\u00e4mmende Fenster f\u00fcr optimale Erholung<\/li><li><strong>Luxuri\u00f6se Toilettenartikel<\/strong>, flauschige Badem\u00e4ntel, Hausschuhe und Haartrockner<\/li><li><strong>Zimmersafes<\/strong>, Wasserkocher und eine kuratierte Auswahl an lokalen Tees<\/li><\/ul><div class=\"my-2\">\u00a0<\/div><p>F\u00fcr G\u00e4ste, die zus\u00e4tzlichen Komfort suchen, bieten wir <strong>Kissenmen\u00fcs<\/strong>, Snackk\u00f6rbe f\u00fcr die sp\u00e4te Nacht und Turndown-Service auf Anfrage \u2013 denn Luxus steckt im Detail.<\/p><div class=\"my-2\">\u00a0<\/div><h3><strong>Business- und Konnektivit\u00e4tsunterst\u00fctzung<\/strong><\/h3><p>Da viele unserer G\u00e4ste Arbeit und Reisen miteinander verbinden, bieten wir eine <strong>voll ausgestattete Business-Ecke<\/strong> 24\/7 ge\u00f6ffnet, mit Druck-, Scan-, Kopier- und Laptop-freundlichen Arbeitspl\u00e4tzen. F\u00fcr kleine Meetings oder Kundenpr\u00e4sentationen, unsere <strong>flexibler Tagungsraum<\/strong> bietet Platz f\u00fcr bis zu 20 G\u00e4ste und verf\u00fcgt \u00fcber einen 65-Zoll-Smart-TV, kabellose Bildschirmfreigabe, Videokonferenzfunktionen und kostenlosen Kaffeeservice. Sie m\u00f6chten ein Paket verschicken oder Bordkarten ausdrucken? Fragen Sie einfach \u2013 wir sorgen daf\u00fcr, dass Ihr Berufsleben reibungslos verl\u00e4uft.<\/p><div class=\"my-2\">\u00a0<\/div><h3><strong>Concierge und Kuratierung lokaler Erlebnisse<\/strong><\/h3><p>Unser Concierge-Service ist mehr als nur eine Transaktion \u2013 er ist transformativ. Egal, ob Sie die Warteschlangen am <strong>Terrakotta-Krieger<\/strong>, sichern Sie sich Last-Minute-Tickets f\u00fcr die <strong>Tang-Dynastie-Show<\/strong>, oder entdecken Sie ein ruhiges Teehaus in der N\u00e4he der Kleinen Wildganspagode. Unser Team nutzt sein tiefes lokales Wissen, um <strong>personalisierte Reiserouten<\/strong>. Wir arbeiten mit vertrauensw\u00fcrdigen lokalen Reisef\u00fchrern, Transportanbietern und kulturellen Einrichtungen zusammen, um authentische und stressfreie Erlebnisse zu gew\u00e4hrleisten.<\/p><div class=\"my-2\">\u00a0<\/div><h3><strong>Transport- und Logistikunterst\u00fctzung<\/strong><\/h3><p>Sich in einer neuen Stadt zurechtzufinden, kann entmutigend sein, aber nicht mit OrangeHao an Ihrer Seite. Wir bieten:<\/p><ul dir=\"auto\"><li><strong>Koordination des Flughafentransfers<\/strong> (zum\/vom internationalen Flughafen Xi&#039;an Xianyang)<\/li><li><strong>Taxi- und Didi-Buchung (chinesisches Uber)<\/strong> mit gepr\u00fcften Fahrern<\/li><li><strong>U-Bahn- und Buslinienf\u00fchrung<\/strong>, einschlie\u00dflich QR-Code-P\u00e4ssen f\u00fcr einfachen Zugang<\/li><li><strong>Fahrradverleih-Empfehlungen<\/strong> f\u00fcr malerische Fahrten entlang der Stadtmauer<\/li><\/ul><div class=\"my-2\">\u00a0<\/div><p>Unsere Lage \u2013 nur 6 Gehminuten von <strong>U-Bahn-Station Hepingmen (Linie 4)<\/strong>\u2013 macht die unabh\u00e4ngige Erkundung m\u00fchelos, aber wir sind immer bereit, Ihnen zu helfen, dorthin zu gelangen, wo Sie hin m\u00fcssen.<\/p><div class=\"my-2\">\u00a0<\/div><h3><strong>Wellness &amp; t\u00e4glicher Komfort<\/strong><\/h3><p>Obwohl wir kein vollwertiges Spa haben, legen wir durch durchdachte Details Wert auf Ihr Wohlbefinden:<\/p><ul dir=\"auto\"><li><strong>Kostenloses Mineralwasser<\/strong> t\u00e4glich aufgef\u00fcllt<\/li><li><strong>W\u00e4sche- und Reinigungsservice<\/strong> (24-Stunden-Bearbeitung m\u00f6glich)<\/li><li><strong>Gep\u00e4ckaufbewahrung<\/strong> vor dem Check-in oder nach dem Check-out<\/li><li><strong>Ruhezeiten<\/strong> und ger\u00e4uschminimierende Zimmeraufteilung (Zimmer zum Innenhof verf\u00fcgbar)<\/li><\/ul><div class=\"my-2\">\u00a0<\/div><p>F\u00fcr G\u00e4ste, die sich von langen Fl\u00fcgen oder Jetlag erholen, bieten wir <strong>Erfrischungspakete<\/strong> mit Augenmasken, Kr\u00e4utertee und Honig aus der Region \u2013 eine kleine Geste mit gro\u00dfer Wirkung.<\/p><div class=\"my-2\">\u00a0<\/div><h3><strong>Nachhaltigkeit und verantwortungsvolle Gastfreundschaft<\/strong><\/h3><p>Zu unserer Servicephilosophie geh\u00f6rt auch unser Engagement f\u00fcr den Planeten. Wir verzichten, wo immer m\u00f6glich, auf Einwegplastik, verwenden energieeffiziente Beleuchtungs- und Heizungs-\/Klimaanlagen, beziehen unsere Produkte von umweltbewussten lokalen Anbietern und f\u00f6rdern die Wiederverwendung von Handt\u00fcchern \u2013 und das alles ohne Kompromisse beim G\u00e4stekomfort.<\/p><div class=\"my-2\">\u00a0<\/div><h3><strong>Zug\u00e4nglichkeit und Inklusivit\u00e4t<\/strong><\/h3><p>Obwohl wir in einem modernen Stadtgeb\u00e4ude untergebracht sind, sind wir bestrebt, unterschiedlichen Bed\u00fcrfnissen gerecht zu werden. Obwohl die Anzahl der ADA-konformen Zimmer begrenzt ist, bieten wir Zugang zum Erdgeschoss, optische Feuermelder und geschultes Personal f\u00fcr inklusiven Service. Bitte kontaktieren Sie uns im Voraus, damit wir Ihren Aufenthalt entsprechend gestalten k\u00f6nnen.<\/p><div class=\"my-2\">\u00a0<\/div><div class=\"py-2 my-3\"><hr \/><\/div><div class=\"my-2\">\u00a0<\/div><p>Bei <strong>OrangeHao Hotel<\/strong>, Service ist keine Abteilung \u2013 es ist unsere Identit\u00e4t. Verwurzelt im alten chinesischen Prinzip der <em>\u201eke ren zhi shang\u201c<\/em> (G\u00e4ste stehen an erster Stelle), aber mit zeitgem\u00e4\u00dfer Effizienz umgesetzt, sorgt unser Ansatz daf\u00fcr, dass sich jeder Aufenthalt m\u00fchelos, pers\u00f6nlich und zutiefst menschlich anf\u00fchlt.<\/p><div class=\"my-2\">\u00a0<\/div><p>Egal, ob Sie f\u00fcr eine Nacht oder eine Woche hier sind, gesch\u00e4ftlich oder privat, Sie sind nicht nur ein Gast \u2013 Sie sind Teil unserer Geschichte. Und wir f\u00fchlen uns geehrt, Teil Ihrer Geschichte zu sein.<\/p><div class=\"my-2\">\u00a0<\/div><p data-spm-anchor-id=\"a2ty_o01.29997173.0.i134.47fcc921vt3Wiu\"><em>Erleben Sie den Unterschied, den aufmerksamer Service ausmacht. Willkommen im OrangeHao Hotel \u2013 hier ist jedes Detail auf Sie zugeschnitten.<\/em><\/p><\/div>\t\t\t\t\t\t\t\t<\/div>\n\t\t\t\t\t<\/div>\n\t\t\t\t<\/div>\n\t\t\t\t<section class=\"elementor-section elementor-top-section elementor-element elementor-element-35095f99 elementor-section-stretched elementor-section-boxed elementor-section-gap-beside-yes elementor-section-height-default elementor-section-height-default elementor-section-column-vertical-align-stretch\" data-id=\"35095f99\" data-element_type=\"section\" data-e-type=\"section\" data-settings=\"{&quot;background_background&quot;:&quot;classic&quot;,&quot;stretch_section&quot;:&quot;section-stretched&quot;}\">\n\t\t\t\t\t\t<div class=\"elementor-container elementor-column-gap-extended\">\n\t\t\t\t\t<div class=\"elementor-column elementor-col-100 elementor-top-column elementor-element elementor-element-4988cc37\" data-id=\"4988cc37\" data-element_type=\"column\" data-e-type=\"column\">\n\t\t\t<div class=\"elementor-widget-wrap elementor-element-populated\">\n\t\t\t\t\t\t<div class=\"elementor-element elementor-element-35183674 elementor-widget elementor-widget-nuss-heading\" data-id=\"35183674\" data-element_type=\"widget\" data-e-type=\"widget\" data-widget_type=\"nuss-heading.default\">\n\t\t\t\t<div class=\"elementor-widget-container\">\n\t\t\t\t\t\t\t<div class=\"nuss-modern-heading\">\r\n\t\t\t\t\t\t<div class=\"heading-secondary-wrap\">\r\n\t\t\t\t<h3 class=\"heading-secondary elementor-heading-title\">Verf\u00fcgbarkeit pr\u00fcfen <\/h3>\t\t\t<\/div>\r\n\t\t\r\n\t\t\t\r\n\t\t\t\r\n\t\t\t\t\t<\/div>\r\n\t\t\t\t\t<\/div>\n\t\t\t\t<\/div>\n\t\t\t\t<div class=\"elementor-element elementor-element-2490794b elementor-widget elementor-widget-text-editor\" data-id=\"2490794b\" data-element_type=\"widget\" data-e-type=\"widget\" data-widget_type=\"text-editor.default\">\n\t\t\t\t\t\t\t\t\t<iframe border=\"0\" src=\"https:\/\/www.trip.com\/partners\/ad\/S5783395?Allianceid=4590391&#038;SID=263897943&#038;trip_sub1=\" style=\"width:900px;height:200px\" frameborder=\"0\" scrolling=\"no\" id=\"S5783395\"><\/iframe>\t\t\t\t\t\t\t\t<\/div>\n\t\t\t\t\t<\/div>\n\t\t<\/div>\n\t\t\t\t\t<\/div>\n\t\t<\/section>\n\t\t\t\t<\/div>","protected":false},"excerpt":{"rendered":"<p>Exceptional Service, Thoughtfully Delivered: The OrangeHao Hotel Experience in the Heart of Xi\u2019an At OrangeHao Hotel, located at No.16 Huancheng South Road, Beilin District, Xi\u2019an, Shaanxi 710000, China, we believe that true hospitality lies not just in where you stay\u2014but in how you\u2019re cared for. From the moment you consider booking to the time you [&hellip;]<\/p>\n","protected":false},"author":1,"featured_media":0,"parent":0,"menu_order":0,"comment_status":"closed","ping_status":"closed","template":"","meta":{"footnotes":""},"class_list":["post-647","page","type-page","status-publish","hentry","post-no-thumbnail"],"_links":{"self":[{"href":"https:\/\/orangehaohotel.com\/de\/wp-json\/wp\/v2\/pages\/647","targetHints":{"allow":["GET"]}}],"collection":[{"href":"https:\/\/orangehaohotel.com\/de\/wp-json\/wp\/v2\/pages"}],"about":[{"href":"https:\/\/orangehaohotel.com\/de\/wp-json\/wp\/v2\/types\/page"}],"author":[{"embeddable":true,"href":"https:\/\/orangehaohotel.com\/de\/wp-json\/wp\/v2\/users\/1"}],"replies":[{"embeddable":true,"href":"https:\/\/orangehaohotel.com\/de\/wp-json\/wp\/v2\/comments?post=647"}],"version-history":[{"count":0,"href":"https:\/\/orangehaohotel.com\/de\/wp-json\/wp\/v2\/pages\/647\/revisions"}],"wp:attachment":[{"href":"https:\/\/orangehaohotel.com\/de\/wp-json\/wp\/v2\/media?parent=647"}],"curies":[{"name":"wp","href":"https:\/\/api.w.org\/{rel}","templated":true}]}}