{"id":2104,"date":"2021-03-23T09:33:48","date_gmt":"2021-03-23T09:33:48","guid":{"rendered":"http:\/\/localhost\/nuss\/?page_id=167"},"modified":"2025-10-07T13:57:42","modified_gmt":"2025-10-07T13:57:42","slug":"nuestra-historia","status":"publish","type":"page","link":"https:\/\/orangehaohotel.com\/es\/our-story\/","title":{"rendered":"Nuestra historia"},"content":{"rendered":"<div data-elementor-type=\"wp-page\" data-elementor-id=\"2104\" class=\"elementor elementor-2104\">\n\t\t\t\t\t\t<section class=\"elementor-section elementor-top-section elementor-element elementor-element-8f5bb9d elementor-section-boxed elementor-section-gap-beside-yes elementor-section-height-default elementor-section-height-default elementor-section-column-vertical-align-stretch\" data-id=\"8f5bb9d\" data-element_type=\"section\" data-e-type=\"section\">\n\t\t\t\t\t\t<div class=\"elementor-container elementor-column-gap-extended\">\n\t\t\t\t\t<div class=\"elementor-column elementor-col-100 elementor-top-column elementor-element elementor-element-7ec4215\" data-id=\"7ec4215\" data-element_type=\"column\" data-e-type=\"column\">\n\t\t\t<div class=\"elementor-widget-wrap elementor-element-populated\">\n\t\t\t\t\t\t<div class=\"elementor-element elementor-element-edd9d03 elementor-widget__width-initial elementor-invisible elementor-widget elementor-widget-text-editor\" data-id=\"edd9d03\" data-element_type=\"widget\" data-e-type=\"widget\" data-settings=\"{&quot;_animation&quot;:&quot;nussFadeInUp&quot;}\" data-widget_type=\"text-editor.default\">\n\t\t\t\t\t\t\t\t\t<p><strong data-spm-anchor-id=\"a2ty_o01.29997173.0.i118.47fcc921vt3Wiu\">Donde la hospitalidad moderna se encuentra con el alma de la antigua Xi&#039;an<\/strong><\/p>\t\t\t\t\t\t\t\t<\/div>\n\t\t\t\t\t<\/div>\n\t\t<\/div>\n\t\t\t\t\t<\/div>\n\t\t<\/section>\n\t\t<div class=\"elementor-element elementor-element-ae7e42f e-flex e-con-boxed e-con e-parent\" data-id=\"ae7e42f\" data-element_type=\"container\" data-e-type=\"container\">\n\t\t\t\t\t<div class=\"e-con-inner\">\n\t\t\t\t<div class=\"elementor-element elementor-element-136c3a3 elementor-widget elementor-widget-text-editor\" data-id=\"136c3a3\" data-element_type=\"widget\" data-e-type=\"widget\" data-widget_type=\"text-editor.default\">\n\t\t\t\t\t\t\t\t\t<p data-spm-anchor-id=\"a2ty_o01.29997173.0.i120.47fcc921vt3Wiu\">Ubicado a lo largo de la hist\u00f3rica Huancheng South Road, a solo unos pasos de las murallas desgastadas de la ciudad de Xi&#039;an, de 600 a\u00f1os de antig\u00fcedad,<strong>Hotel OrangeHao<\/strong> naci\u00f3 de una visi\u00f3n simple pero profunda: crear un santuario donde el esp\u00edritu atemporal de la antigua capital de China armoniza con el ritmo de los viajes contempor\u00e1neos.<\/p><div class=\"my-2\">\u00a0<\/div><p data-spm-anchor-id=\"a2ty_o01.29997173.0.i121.47fcc921vt3Wiu\">Nuestro viaje comenz\u00f3 en el coraz\u00f3n de <strong>Distrito de Beilin<\/strong>, un barrio impregnado de cultura, caligraf\u00eda y siglos de tradici\u00f3n acad\u00e9mica. Como residentes de Xi&#039;an desde hace mucho tiempo, nuestros fundadores se inspiraron en la doble identidad de la ciudad: una cuna de la civilizaci\u00f3n que anta\u00f1o acogi\u00f3 las caravanas de la Ruta de la Seda y una metr\u00f3polis din\u00e1mica y vibrante de innovaci\u00f3n. Vieron una brecha, no en el alojamiento, sino en... <em>experiencia<\/em>Los viajeros anhelaban algo m\u00e1s que una habitaci\u00f3n limpia; buscaban conexi\u00f3n: con el lugar, con la gente, con la autenticidad. Y as\u00ed, <strong>Hotel OrangeHao<\/strong> Fue concebido: no como una cadena, no como una escala gen\u00e9rica, sino como una <strong>un refugio urbano cuidadosamente seleccionado<\/strong> arraigado en la identidad local.<\/p><div class=\"my-2\">\u00a0<\/div><p>El nombre &quot;OrangeHao&quot; tiene un significado intr\u00ednseco. &quot;Orange&quot; simboliza calidez, energ\u00eda y accesibilidad: la esencia misma de nuestra filosof\u00eda de servicio. &quot;Hao&quot; (\u597d), un car\u00e1cter chino que significa &quot;bueno&quot; o &quot;excelente&quot;, refleja nuestro compromiso con la calidad en cada detalle, desde la densidad de hilos de nuestra ropa de cama hasta la sonrisa de nuestro equipo de recepci\u00f3n. Juntos, el nombre susurra una invitaci\u00f3n: <em>Ven, qu\u00e9date bien. Qu\u00e9date c\u00e1lido. Qu\u00e9date con significado.<\/em><\/p><div class=\"my-2\">\u00a0<\/div><p>Cuando abrimos nuestras puertas en <strong>No. 16 Huancheng South Road<\/strong>Hicimos una promesa: honrar el legado de Xi&#039;an sin dejarnos atrapar por \u00e9l. Nuestra arquitectura evoca las fortificaciones de la era Ming de la ciudad con l\u00edneas limpias y tonos tierra tenues, mientras que en el interior, los interiores minimalistas, elaborados con maderas locales, detalles en piedra y sutiles motivos caligr\u00e1ficos, crean un ambiente sereno para una comodidad moderna. Cada elecci\u00f3n de dise\u00f1o, desde la iluminaci\u00f3n inspirada en el patio hasta el arte local seleccionado en el vest\u00edbulo, cuenta la historia de un lugar.<\/p><div class=\"my-2\">\u00a0<\/div><p>Pero nuestra historia no se trata solo de est\u00e9tica, se trata de... <strong>gente<\/strong>Desde el primer d\u00eda, hemos formado un equipo de apasionados locales que no solo trabajan en OrangeHao; <em>encarnar<\/em> Muchos crecieron en el distrito de Beilin, caminando por estas mismas calles, pasando por puestos de fideos humeantes y tiendas de tinteros. Son ellos quienes recomiendan lo mejor. <em>roujiamo<\/em> Vendedor al amanecer, te ayuda a navegar por el metro con mapas dibujados a mano o te deja discretamente una manta extra cuando llega el fr\u00edo oto\u00f1al del r\u00edo Wei. Esta es la hospitalidad no como una actuaci\u00f3n, sino como <strong>cuidado genuino<\/strong>.<\/p><div class=\"my-2\">\u00a0<\/div><p>Tambi\u00e9n creemos que la sostenibilidad es parte de la narrativa. Por eso, hemos integrado pr\u00e1cticas ecol\u00f3gicas, desde luminarias que ahorran agua e iluminaci\u00f3n de bajo consumo hasta colaboraciones con artesanos locales para servicios y decoraci\u00f3n. Nuestro objetivo es dejar una huella ecol\u00f3gica y, al mismo tiempo, fortalecer su conexi\u00f3n con esta ciudad extraordinaria.<\/p><div class=\"my-2\">\u00a0<\/div><p>Desde nuestra fundaci\u00f3n, el Hotel OrangeHao ha recibido a miles de hu\u00e9spedes: historiadores que siguen los pasos de los emperadores, n\u00f3madas digitales que buscan inspiraci\u00f3n entre antiguas murallas, familias que se maravillan con el Ej\u00e9rcito de Terracota y parejas que disfrutan de paseos a la luz de la luna por las murallas iluminadas por faroles. Cada estancia a\u00f1ade un nuevo cap\u00edtulo a nuestra historia: un cap\u00edtulo de momentos compartidos, descubrimientos tranquilos y la alegr\u00eda de hacer que los viajeros se sientan no solo acogidos, sino... <em>en casa<\/em> en una de las ciudades habitadas continuamente m\u00e1s antiguas del mundo.<\/p><div class=\"my-2\">\u00a0<\/div><p>Hoy, mientras Xi&#039;an contin\u00faa evolucionando, conectando su pasado imperial con un futuro audaz, el OrangeHao Hotel se mantiene firme en su misi\u00f3n: ser m\u00e1s que un lugar para descansar, sino un <strong>puerta de entrada al alma de Xi&#039;an<\/strong>.<\/p><div class=\"my-2\">\u00a0<\/div><p data-spm-anchor-id=\"a2ty_o01.29997173.0.i122.47fcc921vt3Wiu\">Te invitamos a ser parte de nuestra historia.<br \/>Qu\u00e9date con nosotros y deja que la ciudad se revele a trav\u00e9s de nuestros ojos.<\/p>\t\t\t\t\t\t\t\t<\/div>\n\t\t\t\t\t<\/div>\n\t\t\t\t<\/div>\n\t\t\t\t<section class=\"elementor-section elementor-top-section elementor-element elementor-element-71d5e4f9 elementor-section-stretched elementor-section-boxed elementor-section-gap-beside-yes elementor-section-height-default elementor-section-height-default elementor-section-column-vertical-align-stretch\" data-id=\"71d5e4f9\" data-element_type=\"section\" data-e-type=\"section\" data-settings=\"{&quot;background_background&quot;:&quot;classic&quot;,&quot;stretch_section&quot;:&quot;section-stretched&quot;}\">\n\t\t\t\t\t\t<div class=\"elementor-container elementor-column-gap-extended\">\n\t\t\t\t\t<div class=\"elementor-column elementor-col-100 elementor-top-column elementor-element elementor-element-5f38868b\" data-id=\"5f38868b\" data-element_type=\"column\" data-e-type=\"column\">\n\t\t\t<div class=\"elementor-widget-wrap elementor-element-populated\">\n\t\t\t\t\t\t<div class=\"elementor-element elementor-element-57e8e87a elementor-widget elementor-widget-nuss-heading\" data-id=\"57e8e87a\" data-element_type=\"widget\" data-e-type=\"widget\" data-widget_type=\"nuss-heading.default\">\n\t\t\t\t<div class=\"elementor-widget-container\">\n\t\t\t\t\t\t\t<div class=\"nuss-modern-heading\">\r\n\t\t\t\t\t\t<div class=\"heading-secondary-wrap\">\r\n\t\t\t\t<h3 class=\"heading-secondary elementor-heading-title\">Consultar disponibilidad <\/h3>\t\t\t<\/div>\r\n\t\t\r\n\t\t\t\r\n\t\t\t\r\n\t\t\t\t\t<\/div>\r\n\t\t\t\t\t<\/div>\n\t\t\t\t<\/div>\n\t\t\t\t<div class=\"elementor-element elementor-element-778c81fb elementor-widget elementor-widget-text-editor\" data-id=\"778c81fb\" data-element_type=\"widget\" data-e-type=\"widget\" data-widget_type=\"text-editor.default\">\n\t\t\t\t\t\t\t\t\t<iframe border=\"0\" src=\"https:\/\/www.trip.com\/partners\/ad\/S5783395?Allianceid=4590391&#038;SID=263897943&#038;trip_sub1=\" style=\"width:900px;height:200px\" frameborder=\"0\" scrolling=\"no\" id=\"S5783395\"><\/iframe>\t\t\t\t\t\t\t\t<\/div>\n\t\t\t\t\t<\/div>\n\t\t<\/div>\n\t\t\t\t\t<\/div>\n\t\t<\/section>\n\t\t\t\t<\/div>","protected":false},"excerpt":{"rendered":"<p>Where Modern Hospitality Meets the Soul of Ancient Xi\u2019an Nestled along the historic Huancheng South Road\u2014just steps from the weathered ramparts of Xi\u2019an\u2019s 600-year-old City Wall\u2014OrangeHao Hotel was born from a simple yet profound vision: to create a sanctuary where the timeless spirit of China\u2019s ancient capital harmonizes with the rhythm of contemporary travel. \u00a0 [&hellip;]<\/p>\n","protected":false},"author":1,"featured_media":0,"parent":0,"menu_order":0,"comment_status":"closed","ping_status":"closed","template":"","meta":{"footnotes":""},"class_list":["post-2104","page","type-page","status-publish","hentry","post-no-thumbnail"],"_links":{"self":[{"href":"https:\/\/orangehaohotel.com\/es\/wp-json\/wp\/v2\/pages\/2104","targetHints":{"allow":["GET"]}}],"collection":[{"href":"https:\/\/orangehaohotel.com\/es\/wp-json\/wp\/v2\/pages"}],"about":[{"href":"https:\/\/orangehaohotel.com\/es\/wp-json\/wp\/v2\/types\/page"}],"author":[{"embeddable":true,"href":"https:\/\/orangehaohotel.com\/es\/wp-json\/wp\/v2\/users\/1"}],"replies":[{"embeddable":true,"href":"https:\/\/orangehaohotel.com\/es\/wp-json\/wp\/v2\/comments?post=2104"}],"version-history":[{"count":0,"href":"https:\/\/orangehaohotel.com\/es\/wp-json\/wp\/v2\/pages\/2104\/revisions"}],"wp:attachment":[{"href":"https:\/\/orangehaohotel.com\/es\/wp-json\/wp\/v2\/media?parent=2104"}],"curies":[{"name":"wp","href":"https:\/\/api.w.org\/{rel}","templated":true}]}}