{"id":2105,"date":"2021-03-24T07:25:45","date_gmt":"2021-03-24T07:25:45","guid":{"rendered":"http:\/\/localhost\/nuss\/?page_id=235"},"modified":"2025-10-07T13:55:42","modified_gmt":"2025-10-07T13:55:42","slug":"preguntas-frecuentes","status":"publish","type":"page","link":"https:\/\/orangehaohotel.com\/es\/faqs\/","title":{"rendered":"Preguntas frecuentes"},"content":{"rendered":"<div data-elementor-type=\"wp-page\" data-elementor-id=\"2105\" class=\"elementor elementor-2105\">\n\t\t\t\t\t\t<section class=\"elementor-section elementor-top-section elementor-element elementor-element-2a96a73 elementor-section-boxed elementor-section-gap-beside-yes elementor-section-height-default elementor-section-height-default elementor-section-column-vertical-align-stretch\" data-id=\"2a96a73\" data-element_type=\"section\" data-e-type=\"section\">\n\t\t\t\t\t\t<div class=\"elementor-container elementor-column-gap-extended\">\n\t\t\t\t\t<div class=\"elementor-column elementor-col-100 elementor-top-column elementor-element elementor-element-98ef20c\" data-id=\"98ef20c\" data-element_type=\"column\" data-e-type=\"column\">\n\t\t\t<div class=\"elementor-widget-wrap elementor-element-populated\">\n\t\t\t\t\t\t<div class=\"elementor-element elementor-element-97088c0 elementor-widget__width-initial elementor-invisible elementor-widget elementor-widget-text-editor\" data-id=\"97088c0\" data-element_type=\"widget\" data-e-type=\"widget\" data-settings=\"{&quot;_animation&quot;:&quot;nussFadeInUp&quot;}\" data-widget_type=\"text-editor.default\">\n\t\t\t\t\t\t\t\t\t<p>A continuaci\u00f3n encontrar\u00e1 una lista de las preguntas m\u00e1s frecuentes que nos hacen nuestros hu\u00e9spedes.<\/p>\t\t\t\t\t\t\t\t<\/div>\n\t\t\t\t\t<\/div>\n\t\t<\/div>\n\t\t\t\t\t<\/div>\n\t\t<\/section>\n\t\t\t\t<section class=\"elementor-section elementor-top-section elementor-element elementor-element-b184647 elementor-section-gap-beside-no elementor-section-boxed elementor-section-height-default elementor-section-height-default elementor-section-column-vertical-align-stretch\" data-id=\"b184647\" data-element_type=\"section\" data-e-type=\"section\">\n\t\t\t\t\t\t<div class=\"elementor-container elementor-column-gap-extended\">\n\t\t\t\t\t<div class=\"elementor-column elementor-col-100 elementor-top-column elementor-element elementor-element-1d49749\" data-id=\"1d49749\" data-element_type=\"column\" data-e-type=\"column\">\n\t\t\t<div class=\"elementor-widget-wrap elementor-element-populated\">\n\t\t\t\t\t\t<div class=\"elementor-element elementor-element-b986a9e elementor-invisible elementor-widget elementor-widget-nuss-heading\" data-id=\"b986a9e\" data-element_type=\"widget\" data-e-type=\"widget\" data-settings=\"{&quot;_animation&quot;:&quot;nussFadeInUp&quot;}\" data-widget_type=\"nuss-heading.default\">\n\t\t\t\t<div class=\"elementor-widget-container\">\n\t\t\t\t\t\t\t<div class=\"nuss-modern-heading\">\r\n\t\t\t\r\n\t\t\t\t\t\t<div class=\"heading-primary-wrap\">\r\n\t\t\t\t<h4 class=\"heading-primary elementor-heading-title\">Preguntas frecuentes<\/h4>\t\t\t<\/div>\r\n\t\t\r\n\t\t\t\t\t\t<div class=\"heading-divider-wrap\">\r\n\t\t\t\t<div class=\"heading-divider\" style=\"left: 0px;top: 6px\"><\/div>\r\n\t\t\t<\/div>\r\n\t\r\n\t\t\t\t\t<\/div>\r\n\t\t\t\t\t<\/div>\n\t\t\t\t<\/div>\n\t\t\t\t<div class=\"elementor-element elementor-element-50f0733 elementor-invisible elementor-widget elementor-widget-heading\" data-id=\"50f0733\" data-element_type=\"widget\" data-e-type=\"widget\" data-settings=\"{&quot;_animation&quot;:&quot;nussFadeInUp&quot;}\" data-widget_type=\"heading.default\">\n\t\t\t\t\t<h2 class=\"elementor-heading-title elementor-size-default\">Preguntas y respuestas<\/h2>\t\t\t\t<\/div>\n\t\t\t\t<div class=\"elementor-element elementor-element-2aee4a2 elementor-widget elementor-widget-text-editor\" data-id=\"2aee4a2\" data-element_type=\"widget\" data-e-type=\"widget\" data-widget_type=\"text-editor.default\">\n\t\t\t\t\t\t\t\t\t<h3><strong data-spm-anchor-id=\"a2ty_o01.29997173.0.i114.47fcc921vt3Wiu\">1. \u00bfD\u00f3nde est\u00e1 ubicado el Hotel OrangeHao?<\/strong><\/h3><p>El hotel OrangeHao se encuentra en <strong>No.16 Huancheng South Road, distrito de Beilin, Xi&#039;an, provincia de Shaanxi, China (710000)<\/strong>\u2014A solo 5 minutos a pie de la Puerta Sur de la Muralla de la Ciudad Antigua de Xi&#039;an.<\/p><div class=\"my-2\">\u00a0<\/div><h3><strong>2. \u00bfA qu\u00e9 distancia est\u00e1 el hotel de las principales atracciones?<\/strong><\/h3><p>El hotel est\u00e1 a poca distancia de lugares clave:<\/p><ul dir=\"auto\"><li><strong>Muralla de la ciudad de Xi&#039;an (Puerta Sur)<\/strong>:400 metros<\/li><li><strong>Campanario<\/strong>:1,2 kil\u00f3metros<\/li><li><strong>Barrio musulm\u00e1n<\/strong>:1,5 kil\u00f3metros<\/li><li><strong>Museo de Beilin<\/strong>:800 metros<\/li><li><strong>Guerreros de terracota<\/strong>:Aproximadamente 40 minutos en coche (el hotel puede ayudar con el transporte)<\/li><\/ul><div class=\"my-2\">\u00a0<\/div><h3><strong>3. \u00bfEl hotel ofrece WiFi gratuita?<\/strong><\/h3><p>\u00a1S\u00ed! Alta velocidad <strong>Wi-Fi gratuito<\/strong> Est\u00e1 disponible en todas las habitaciones y \u00e1reas p\u00fablicas.<\/p><div class=\"my-2\">\u00a0<\/div><h3><strong>4. \u00bfCu\u00e1les son los horarios de check-in y check-out?<\/strong><\/h3><p>Registrarse: <strong>2:00 p.m.<\/strong><br \/>Verificar: <strong>12:00 PM (mediod\u00eda)<\/strong><br \/>Se puede solicitar check-in anticipado o check-out tard\u00edo (sujeto a disponibilidad).<\/p><div class=\"my-2\">\u00a0<\/div><h3><strong>5. \u00bfEl desayuno est\u00e1 incluido?<\/strong><\/h3><p>El desayuno es <strong>no siempre incluido<\/strong>\u2014Depende de tu paquete de reserva. A <strong>desayuno de estilo local<\/strong> Con especialidades de Shaanxi (por ejemplo, fideos biangbiang, bollos al vapor, sopa de arroz) est\u00e1 disponible por una tarifa adicional.<\/p><div class=\"my-2\">\u00a0<\/div><h3><strong>6. \u00bfEl hotel tiene restaurante?<\/strong><\/h3><p>\u00a1S\u00ed! El restaurante del hotel sirve <strong>aut\u00e9ntica cocina de Shaanxi<\/strong> y platos internacionales selectos para el desayuno, el almuerzo y la cena.<\/p><div class=\"my-2\">\u00a0<\/div><h3><strong>7. \u00bfLas habitaciones est\u00e1n insonorizadas?<\/strong><\/h3><p>La mayor\u00eda de las habitaciones cuentan con <strong>ventanas de doble acristalamiento<\/strong> y est\u00e1n bien aisladas. Las habitaciones que dan al patio interior son especialmente tranquilas; solicite una si le preocupa la sensibilidad al ruido.<\/p><div class=\"my-2\">\u00a0<\/div><h3><strong>8. \u00bfHay estacionamiento disponible?<\/strong><\/h3><p>Limitado <strong>estacionamiento en el lugar<\/strong> Disponible (sujeto a disponibilidad). Por favor, contacte con el hotel con antelaci\u00f3n si tiene previsto llegar en coche.<\/p><div class=\"my-2\">\u00a0<\/div><h3><strong>9. \u00bfEl hotel acepta tarjetas de cr\u00e9dito extranjeras?<\/strong><\/h3><p>S\u00ed-<strong>Visa, Mastercard y UnionPay<\/strong> Se aceptan. Algunas tarjetas internacionales pueden requerir notificaci\u00f3n previa a su banco debido a los sistemas de pago de China.<\/p><div class=\"my-2\">\u00a0<\/div><h3><strong>10. \u00bfSe habla ingl\u00e9s en la recepci\u00f3n?<\/strong><\/h3><p>El personal tiene <strong>nivel b\u00e1sico a intermedio de ingl\u00e9s<\/strong>Muchos pueden ayudar con indicaciones, reservas y comunicaciones esenciales. Tambi\u00e9n hay aplicaciones de traducci\u00f3n o gu\u00edas con c\u00f3digos QR disponibles.<\/p><div class=\"my-2\">\u00a0<\/div><h3><strong>11. \u00bfExisten instalaciones para negocios?<\/strong><\/h3><p>\u00a1S\u00ed! El hotel ofrece una <strong>Rinc\u00f3n de negocios 24\/7<\/strong> con servicios de impresi\u00f3n\/escaneo y un <strong>peque\u00f1a sala de reuniones<\/strong> (capacidad: hasta 20 invitados) equipado con soporte AV.<\/p><div class=\"my-2\">\u00a0<\/div><h3><strong>12. \u00bfPuedo guardar mi equipaje antes del check-in o despu\u00e9s del check-out?<\/strong><\/h3><p>S\u00ed-<strong>almacenamiento de equipaje gratuito<\/strong> Se proporciona a todos los hu\u00e9spedes.<\/p><div class=\"my-2\">\u00a0<\/div><h3><strong>13. \u00bfEl hotel es adecuado para familias?<\/strong><\/h3><p>\u00a1Por supuesto! Habitaciones familiares y <strong>camas supletorias\/cunas<\/strong> (previa solicitud) est\u00e1n disponibles. Su c\u00e9ntrica ubicaci\u00f3n tambi\u00e9n es ideal para hacer turismo en familia.<\/p><div class=\"my-2\">\u00a0<\/div><h3><strong>14. \u00bfC\u00f3mo llego al hotel desde el Aeropuerto Internacional de Xi&#039;an Xianyang?<\/strong><\/h3><ul dir=\"auto\"><li><strong>Servicio de transporte al aeropuerto o taxi<\/strong>: ~50 minutos (aprox. \u00a5120\u2013150)<\/li><li><strong>Autob\u00fas del aeropuerto + metro<\/strong>: Tome la l\u00ednea 2 del autob\u00fas del aeropuerto hasta la estaci\u00f3n de tren de Xi&#039;an, luego la l\u00ednea 4 del metro hasta la estaci\u00f3n de Hepingmen (5 minutos a pie)<\/li><\/ul><div class=\"my-2\">\u00a0<\/div><h3><strong>15. \u00bfEl hotel est\u00e1 cerca del transporte p\u00fablico?<\/strong><\/h3><p>S\u00ed-<strong>Estaci\u00f3n de metro Hepingmen (l\u00ednea 4)<\/strong> Est\u00e1 a 6 minutos a pie y ofrece f\u00e1cil acceso a toda la ciudad.<\/p><div class=\"my-2\">\u00a0<\/div><h3><strong>16. \u00bfSe admiten mascotas?<\/strong><\/h3><p>No, <strong>No se permiten mascotas<\/strong> en el Hotel OrangeHao.<\/p><div class=\"my-2\">\u00a0<\/div><h3><strong>17. \u00bfQu\u00e9 comodidades est\u00e1n incluidas en la habitaci\u00f3n?<\/strong><\/h3><p>Las comodidades est\u00e1ndar incluyen:<\/p><ul dir=\"auto\"><li>Aire acondicionado y calefacci\u00f3n<\/li><li>TV de pantalla plana con cable<\/li><li>Hervidor el\u00e9ctrico y t\u00e9\/caf\u00e9<\/li><li>Art\u00edculos de tocador de primera calidad<\/li><li>Secador de pelo<\/li><li>Seguro<\/li><li>Zapatillas y albornoces (en algunos tipos de habitaciones)<\/li><\/ul><div class=\"my-2\">\u00a0<\/div><h3><strong>18. \u00bfPuedo reservar tours o entradas a trav\u00e9s del hotel?<\/strong><\/h3><p>\u00a1S\u00ed! La recepci\u00f3n puede ayudar con <strong>reserva de entradas<\/strong> para los Guerreros de Terracota, el Espect\u00e1culo de la Dinast\u00eda Tang y otras experiencias locales.<\/p><div class=\"my-2\">\u00a0<\/div><h3><strong>19. \u00bfEl hotel es accesible para hu\u00e9spedes con discapacidad?<\/strong><\/h3><p>El hotel tiene <strong>funciones de accesibilidad limitadas<\/strong>Comun\u00edquese directamente con el establecimiento para hablar sobre necesidades de movilidad espec\u00edficas.<\/p><div class=\"my-2\">\u00a0<\/div><h3><strong>20. \u00bfCu\u00e1l es la pol\u00edtica de cancelaci\u00f3n?<\/strong><\/h3><p data-spm-anchor-id=\"a2ty_o01.29997173.0.i115.47fcc921vt3Wiu\">Las pol\u00edticas de cancelaci\u00f3n var\u00edan seg\u00fan el tipo de tarifa. <strong>Reservas flexibles<\/strong> Normalmente se permite la cancelaci\u00f3n gratuita hasta 24-48 horas antes de la llegada. Siempre revise los detalles de su reserva al momento de reservar.<\/p>\t\t\t\t\t\t\t\t<\/div>\n\t\t\t\t\t<\/div>\n\t\t<\/div>\n\t\t\t\t\t<\/div>\n\t\t<\/section>\n\t\t\t\t<section class=\"elementor-section elementor-top-section elementor-element elementor-element-23ade266 elementor-section-stretched elementor-section-boxed elementor-section-gap-beside-yes elementor-section-height-default elementor-section-height-default elementor-section-column-vertical-align-stretch\" data-id=\"23ade266\" data-element_type=\"section\" data-e-type=\"section\" data-settings=\"{&quot;background_background&quot;:&quot;classic&quot;,&quot;stretch_section&quot;:&quot;section-stretched&quot;}\">\n\t\t\t\t\t\t<div class=\"elementor-container elementor-column-gap-extended\">\n\t\t\t\t\t<div class=\"elementor-column elementor-col-100 elementor-top-column elementor-element elementor-element-119bc5e1\" data-id=\"119bc5e1\" data-element_type=\"column\" data-e-type=\"column\">\n\t\t\t<div class=\"elementor-widget-wrap elementor-element-populated\">\n\t\t\t\t\t\t<div class=\"elementor-element elementor-element-416e6b0e elementor-widget elementor-widget-nuss-heading\" data-id=\"416e6b0e\" data-element_type=\"widget\" data-e-type=\"widget\" data-widget_type=\"nuss-heading.default\">\n\t\t\t\t<div class=\"elementor-widget-container\">\n\t\t\t\t\t\t\t<div class=\"nuss-modern-heading\">\r\n\t\t\t\t\t\t<div class=\"heading-secondary-wrap\">\r\n\t\t\t\t<h3 class=\"heading-secondary elementor-heading-title\">Consultar disponibilidad <\/h3>\t\t\t<\/div>\r\n\t\t\r\n\t\t\t\r\n\t\t\t\r\n\t\t\t\t\t<\/div>\r\n\t\t\t\t\t<\/div>\n\t\t\t\t<\/div>\n\t\t\t\t<div class=\"elementor-element elementor-element-63174e2b elementor-widget elementor-widget-text-editor\" data-id=\"63174e2b\" data-element_type=\"widget\" data-e-type=\"widget\" data-widget_type=\"text-editor.default\">\n\t\t\t\t\t\t\t\t\t<iframe border=\"0\" src=\"https:\/\/www.trip.com\/partners\/ad\/S5783395?Allianceid=4590391&#038;SID=263897943&#038;trip_sub1=\" style=\"width:900px;height:200px\" frameborder=\"0\" scrolling=\"no\" id=\"S5783395\"><\/iframe>\t\t\t\t\t\t\t\t<\/div>\n\t\t\t\t\t<\/div>\n\t\t<\/div>\n\t\t\t\t\t<\/div>\n\t\t<\/section>\n\t\t\t\t<\/div>","protected":false},"excerpt":{"rendered":"<p>Below, you will find a list of the questions most frequently asked by our guests. FAQ&#8217;S Questions &amp; Answers 1. Where is OrangeHao Hotel located? OrangeHao Hotel is at No.16 Huancheng South Road, Beilin District, Xi\u2019an, Shaanxi Province, China (710000)\u2014just a 5-minute walk from the South Gate of Xi\u2019an\u2019s Ancient City Wall. \u00a0 2. How [&hellip;]<\/p>\n","protected":false},"author":1,"featured_media":0,"parent":0,"menu_order":0,"comment_status":"closed","ping_status":"closed","template":"","meta":{"footnotes":""},"class_list":["post-2105","page","type-page","status-publish","hentry","post-no-thumbnail"],"_links":{"self":[{"href":"https:\/\/orangehaohotel.com\/es\/wp-json\/wp\/v2\/pages\/2105","targetHints":{"allow":["GET"]}}],"collection":[{"href":"https:\/\/orangehaohotel.com\/es\/wp-json\/wp\/v2\/pages"}],"about":[{"href":"https:\/\/orangehaohotel.com\/es\/wp-json\/wp\/v2\/types\/page"}],"author":[{"embeddable":true,"href":"https:\/\/orangehaohotel.com\/es\/wp-json\/wp\/v2\/users\/1"}],"replies":[{"embeddable":true,"href":"https:\/\/orangehaohotel.com\/es\/wp-json\/wp\/v2\/comments?post=2105"}],"version-history":[{"count":0,"href":"https:\/\/orangehaohotel.com\/es\/wp-json\/wp\/v2\/pages\/2105\/revisions"}],"wp:attachment":[{"href":"https:\/\/orangehaohotel.com\/es\/wp-json\/wp\/v2\/media?parent=2105"}],"curies":[{"name":"wp","href":"https:\/\/api.w.org\/{rel}","templated":true}]}}