{"id":2106,"date":"2021-03-25T04:08:26","date_gmt":"2021-03-25T04:08:26","guid":{"rendered":"http:\/\/localhost\/nuss\/?page_id=298"},"modified":"2025-10-07T13:51:56","modified_gmt":"2025-10-07T13:51:56","slug":"experiencias","status":"publish","type":"page","link":"https:\/\/orangehaohotel.com\/es\/experiences\/","title":{"rendered":"Experiencias y rese\u00f1as de clientes"},"content":{"rendered":"<div data-elementor-type=\"wp-page\" data-elementor-id=\"2106\" class=\"elementor elementor-2106\">\n\t\t\t\t\t\t<section class=\"elementor-section elementor-top-section elementor-element elementor-element-1954ffc elementor-section-boxed elementor-section-gap-beside-yes elementor-section-height-default elementor-section-height-default elementor-section-column-vertical-align-stretch\" data-id=\"1954ffc\" data-element_type=\"section\" data-e-type=\"section\">\n\t\t\t\t\t\t<div class=\"elementor-container elementor-column-gap-extended\">\n\t\t\t\t\t<div class=\"elementor-column elementor-col-100 elementor-top-column elementor-element elementor-element-86aebc5\" data-id=\"86aebc5\" data-element_type=\"column\" data-e-type=\"column\">\n\t\t\t<div class=\"elementor-widget-wrap elementor-element-populated\">\n\t\t\t\t\t\t<div class=\"elementor-element elementor-element-11803d1 elementor-widget__width-initial elementor-invisible elementor-widget elementor-widget-text-editor\" data-id=\"11803d1\" data-element_type=\"widget\" data-e-type=\"widget\" data-settings=\"{&quot;_animation&quot;:&quot;nussFadeInUp&quot;}\" data-widget_type=\"text-editor.default\">\n\t\t\t\t\t\t\t\t\t<div class=\"svelte-1c06zsf\" data-lang-code=\"\"><p><strong data-spm-anchor-id=\"a2ty_o01.29997173.0.i108.47fcc921vt3Wiu\">Por qu\u00e9 a los viajeros les encanta el Hotel OrangeHao en Xi&#039;an: Experiencias reales de hu\u00e9spedes y opiniones honestas de Trip.com<\/strong><\/p><\/div>\t\t\t\t\t\t\t\t<\/div>\n\t\t\t\t\t<\/div>\n\t\t<\/div>\n\t\t\t\t\t<\/div>\n\t\t<\/section>\n\t\t<div class=\"elementor-element elementor-element-95e7268 e-flex e-con-boxed e-con e-parent\" data-id=\"95e7268\" data-element_type=\"container\" data-e-type=\"container\">\n\t\t\t\t\t<div class=\"e-con-inner\">\n\t\t\t\t<div class=\"elementor-element elementor-element-bd47571 elementor-widget elementor-widget-image\" data-id=\"bd47571\" data-element_type=\"widget\" data-e-type=\"widget\" data-widget_type=\"image.default\">\n\t\t\t\t\t\t\t\t\t\t\t\t\t\t\t\t<a href=\"https:\/\/www.trip.com\/t\/GCEdZzWmlR2\" target=\"_blank\" rel=\"noopener\">\n\t\t\t\t\t\t\t<img fetchpriority=\"high\" decoding=\"async\" width=\"1024\" height=\"390\" src=\"https:\/\/orangehaohotel.com\/wp-content\/uploads\/2025\/10\/reviews-1024x390.jpg\" class=\"attachment-large size-large wp-image-7323\" alt=\"\" srcset=\"https:\/\/orangehaohotel.com\/wp-content\/uploads\/2025\/10\/reviews-1024x390.jpg 1024w, https:\/\/orangehaohotel.com\/wp-content\/uploads\/2025\/10\/reviews-300x114.jpg 300w, https:\/\/orangehaohotel.com\/wp-content\/uploads\/2025\/10\/reviews-768x293.jpg 768w, https:\/\/orangehaohotel.com\/wp-content\/uploads\/2025\/10\/reviews-1536x585.jpg 1536w, https:\/\/orangehaohotel.com\/wp-content\/uploads\/2025\/10\/reviews-18x7.jpg 18w, https:\/\/orangehaohotel.com\/wp-content\/uploads\/2025\/10\/reviews.jpg 1704w\" sizes=\"(max-width: 1024px) 100vw, 1024px\" \/>\t\t\t\t\t\t\t\t<\/a>\n\t\t\t\t\t\t\t\t\t\t\t\t\t\t\t<\/div>\n\t\t\t\t\t<\/div>\n\t\t\t\t<\/div>\n\t\t<div class=\"elementor-element elementor-element-3e39171 e-flex e-con-boxed e-con e-parent\" data-id=\"3e39171\" data-element_type=\"container\" data-e-type=\"container\">\n\t\t\t\t\t<div class=\"e-con-inner\">\n\t\t\t\t<div class=\"elementor-element elementor-element-7761d0c elementor-widget elementor-widget-text-editor\" data-id=\"7761d0c\" data-element_type=\"widget\" data-e-type=\"widget\" data-widget_type=\"text-editor.default\">\n\t\t\t\t\t\t\t\t\t<p>Al planificar un viaje a una de las ciudades con mayor historia y riqueza cultural de China, elegir el alojamiento adecuado puede marcar la diferencia. Enclavada en la vibrante... <strong>Distrito de Beilin<\/strong> en <strong>No.16 Huancheng South Road, Xi&#039;an, Shaanxi 710000<\/strong>, <strong>Hotel OrangeHao<\/strong> se ha convertido r\u00e1pidamente en un favorito entre los viajeros m\u00e1s exigentes, y con raz\u00f3n. Bas\u00e1ndose en opiniones verificadas de hu\u00e9spedes en <strong>Trip.com<\/strong> (ID del hotel: 2352601), este refugio urbano boutique recibe constantemente grandes elogios por su <strong>Habitaciones impecables, servicio excepcional, ubicaci\u00f3n inmejorable.<\/strong>, y <strong>aut\u00e9ntico encanto local<\/strong>.<\/p><h3 data-spm-anchor-id=\"a2ty_o01.29997173.0.i109.47fcc921vt3Wiu\">Consistentemente mejor calificado por limpieza y comodidad<\/h3><p>Una y otra vez, los hu\u00e9spedes destacan la <strong>limpieza impecable<\/strong> del Hotel OrangeHao como caracter\u00edstica destacada. &quot;La habitaci\u00f3n estaba impecable: s\u00e1banas limpias, ba\u00f1o reluciente y sin polvo&quot;, escribi\u00f3 un viajero de Guangzhou. Otros destacaron la <strong>dise\u00f1o moderno y minimalista<\/strong> Combina la comodidad contempor\u00e1nea con sutiles gui\u00f1os a la herencia de Xi&#039;an, creando un ambiente relajante tras un d\u00eda de exploraci\u00f3n. Las camas, frecuentemente descritas como &quot;muy c\u00f3modas&quot; y &quot;perfectas para un sue\u00f1o reparador&quot;, son un tema recurrente en las rese\u00f1as de 5 estrellas, y muchos hu\u00e9spedes aprecian la ropa de cama de primera calidad y las ventanas insonorizadas que garantizan un descanso reparador a pesar de su c\u00e9ntrica ubicaci\u00f3n.<\/p><h3>Ubicaci\u00f3n privilegiada: a pasos de los mayores tesoros de Xi&#039;an<\/h3><p>Uno de los aspectos m\u00e1s famosos del OrangeHao Hotel es su <strong>proximidad inmejorable a las principales atracciones<\/strong>. Situado a s\u00f3lo un <strong>A 5 minutos a pie de la Puerta Sur de la Muralla de la Ciudad Antigua de Xi&#039;an<\/strong>Los hu\u00e9spedes pueden acceder f\u00e1cilmente a la <strong>Campanario<\/strong>, <strong>Torre del Tambor<\/strong>, <strong>Barrio musulm\u00e1n<\/strong>, y <strong>Museo de Beilin<\/strong>\u2014todo a 15 minutos a pie. &quot;\u00a1\u00cdbamos andando a todas partes! La ubicaci\u00f3n del hotel nos ahorr\u00f3 tiempo y taxis&quot;, comparti\u00f3 una familia de Shangh\u00e1i. Los viajeros de negocios tambi\u00e9n aprecian la facilidad para llegar a las oficinas del centro y a los centros de transporte, con <strong>Estaci\u00f3n de tren de Xi&#039;an<\/strong> y <strong>l\u00edneas de metro<\/strong> A s\u00f3lo un corto viaje de distancia.<\/p><h3>Servicio c\u00e1lido y atento que va m\u00e1s all\u00e1<\/h3><p>Los hu\u00e9spedes describen constantemente al personal como <strong>Amable, servicial y genuinamente hospitalario.<\/strong>Desde el equipo de recepci\u00f3n que ofrece <strong>consejos tur\u00edsticos personalizados<\/strong> Desde el servicio de limpieza que garantiza la frescura diaria, el servicio del Hotel OrangeHao deja una impresi\u00f3n imborrable. &quot;\u00a1La recepcionista nos ayud\u00f3 a reservar entradas para los Guerreros de Terracota e incluso nos dibuj\u00f3 un mapa para llegar a una tienda de fideos local escondida!&quot;, coment\u00f3 una pareja de Canad\u00e1 con entusiasmo. El soporte multiling\u00fce (incluyendo ingl\u00e9s y mandar\u00edn) mejora a\u00fan m\u00e1s la experiencia para los visitantes internacionales.<\/p><h3>Gran valor con comodidades pensadas para usted<\/h3><p>Los cr\u00edticos mencionan con frecuencia el hotel <strong>Excelente relaci\u00f3n calidad-precio<\/strong>A pesar de su c\u00e9ntrica ubicaci\u00f3n y sus altos est\u00e1ndares, el Hotel OrangeHao mantiene precios competitivos. <strong>Wi-Fi de alta velocidad<\/strong>, televisores inteligentes, art\u00edculos de tocador de calidad y un <strong>delicioso desayuno<\/strong> con especialidades locales de Shaanxi (como sabrosas <em>hulutou<\/em> Las gachas de avena y los bollos al vapor a\u00f1aden un valor a\u00f1adido considerable. Muchos comensales comentaron que \u00abobtuvieron mucho m\u00e1s de lo esperado por el precio\u00bb.<\/p><h3>Notas menores, mayor satisfacci\u00f3n<\/h3><p>Si bien la gran mayor\u00eda de las rese\u00f1as son muy positivas, algunos hu\u00e9spedes mencionaron consideraciones urbanas t\u00edpicas, como el ruido de la calle en horas punta (aunque la mayor\u00eda de las habitaciones dan a tranquilos patios interiores) o el estacionamiento limitado (com\u00fan en el centro de Xi&#039;an). Sin embargo, estos peque\u00f1os detalles rara vez afectan la satisfacci\u00f3n general, con <strong>M\u00e1s de 90% de rese\u00f1as de Trip.com otorgan una puntuaci\u00f3n de 9,5 a 10\u00a0<\/strong>.<\/p><h3>El veredicto: una opci\u00f3n confiable para los viajeros modernos<\/h3><p>Basado en experiencias reales de hu\u00e9spedes, <strong>Hotel OrangeHao<\/strong> No es solo un lugar para dormir, es un <strong>Puerta de entrada a Xi&#039;an cuidadosamente seleccionada<\/strong>Ya sea que viaje solo, en pareja en una escapada cultural, en familia descubriendo la antigua China o en viaje de negocios que busca comodidad, este hotel cumple su promesa: <strong>Comodidad moderna, hospitalidad aut\u00e9ntica y una ubicaci\u00f3n que pone el alma de Xi&#039;an a su alcance.<\/strong>.<\/p><p data-spm-anchor-id=\"a2ty_o01.29997173.0.i111.47fcc921vt3Wiu\"><strong>\u00bfEst\u00e1s listo para experimentar Xi&#039;an como un local?<\/strong> Consulte la disponibilidad y reserve su estad\u00eda en OrangeHao Hotel, donde cada rese\u00f1a cuenta una historia de comodidad, conveniencia y conexi\u00f3n.<\/p>\t\t\t\t\t\t\t\t<\/div>\n\t\t\t\t\t<\/div>\n\t\t\t\t<\/div>\n\t\t\t\t<section class=\"elementor-section elementor-top-section elementor-element elementor-element-1d2888c9 elementor-section-stretched elementor-section-boxed elementor-section-gap-beside-yes elementor-section-height-default elementor-section-height-default elementor-section-column-vertical-align-stretch\" data-id=\"1d2888c9\" data-element_type=\"section\" data-e-type=\"section\" data-settings=\"{&quot;background_background&quot;:&quot;classic&quot;,&quot;stretch_section&quot;:&quot;section-stretched&quot;}\">\n\t\t\t\t\t\t<div class=\"elementor-container elementor-column-gap-extended\">\n\t\t\t\t\t<div class=\"elementor-column elementor-col-100 elementor-top-column elementor-element elementor-element-23c2b575\" data-id=\"23c2b575\" data-element_type=\"column\" data-e-type=\"column\">\n\t\t\t<div class=\"elementor-widget-wrap elementor-element-populated\">\n\t\t\t\t\t\t<div class=\"elementor-element elementor-element-7337f138 elementor-widget elementor-widget-nuss-heading\" data-id=\"7337f138\" data-element_type=\"widget\" data-e-type=\"widget\" data-widget_type=\"nuss-heading.default\">\n\t\t\t\t<div class=\"elementor-widget-container\">\n\t\t\t\t\t\t\t<div class=\"nuss-modern-heading\">\r\n\t\t\t\t\t\t<div class=\"heading-secondary-wrap\">\r\n\t\t\t\t<h3 class=\"heading-secondary elementor-heading-title\">Consultar disponibilidad <\/h3>\t\t\t<\/div>\r\n\t\t\r\n\t\t\t\r\n\t\t\t\r\n\t\t\t\t\t<\/div>\r\n\t\t\t\t\t<\/div>\n\t\t\t\t<\/div>\n\t\t\t\t<div class=\"elementor-element elementor-element-6dc1d42 elementor-widget elementor-widget-text-editor\" data-id=\"6dc1d42\" data-element_type=\"widget\" data-e-type=\"widget\" data-widget_type=\"text-editor.default\">\n\t\t\t\t\t\t\t\t\t<iframe border=\"0\" src=\"https:\/\/www.trip.com\/partners\/ad\/S5783395?Allianceid=4590391&#038;SID=263897943&#038;trip_sub1=\" style=\"width:900px;height:200px\" frameborder=\"0\" scrolling=\"no\" id=\"S5783395\"><\/iframe>\t\t\t\t\t\t\t\t<\/div>\n\t\t\t\t\t<\/div>\n\t\t<\/div>\n\t\t\t\t\t<\/div>\n\t\t<\/section>\n\t\t\t\t<\/div>","protected":false},"excerpt":{"rendered":"<p>Why Travelers Love OrangeHao Hotel in Xi\u2019an: Real Guest Experiences &amp; Honest Reviews from Trip.com When planning a trip to one of China\u2019s most historic and culturally rich cities, choosing the right place to stay can make all the difference. Nestled in the vibrant Beilin District at No.16 Huancheng South Road, Xi\u2019an, Shaanxi 710000, OrangeHao [&hellip;]<\/p>\n","protected":false},"author":1,"featured_media":0,"parent":0,"menu_order":0,"comment_status":"closed","ping_status":"closed","template":"","meta":{"footnotes":""},"class_list":["post-2106","page","type-page","status-publish","hentry","post-no-thumbnail"],"_links":{"self":[{"href":"https:\/\/orangehaohotel.com\/es\/wp-json\/wp\/v2\/pages\/2106","targetHints":{"allow":["GET"]}}],"collection":[{"href":"https:\/\/orangehaohotel.com\/es\/wp-json\/wp\/v2\/pages"}],"about":[{"href":"https:\/\/orangehaohotel.com\/es\/wp-json\/wp\/v2\/types\/page"}],"author":[{"embeddable":true,"href":"https:\/\/orangehaohotel.com\/es\/wp-json\/wp\/v2\/users\/1"}],"replies":[{"embeddable":true,"href":"https:\/\/orangehaohotel.com\/es\/wp-json\/wp\/v2\/comments?post=2106"}],"version-history":[{"count":0,"href":"https:\/\/orangehaohotel.com\/es\/wp-json\/wp\/v2\/pages\/2106\/revisions"}],"wp:attachment":[{"href":"https:\/\/orangehaohotel.com\/es\/wp-json\/wp\/v2\/media?parent=2106"}],"curies":[{"name":"wp","href":"https:\/\/api.w.org\/{rel}","templated":true}]}}