{"id":5266,"date":"2021-07-18T08:03:35","date_gmt":"2021-07-18T08:03:35","guid":{"rendered":"https:\/\/nuss.uxper.co\/luxury-resort\/?page_id=5266"},"modified":"2025-10-07T13:19:53","modified_gmt":"2025-10-07T13:19:53","slug":"sobre-nosotros","status":"publish","type":"page","link":"https:\/\/orangehaohotel.com\/es\/about-us\/","title":{"rendered":"Sobre nosotros"},"content":{"rendered":"<div data-elementor-type=\"wp-page\" data-elementor-id=\"5266\" class=\"elementor elementor-5266\">\n\t\t\t\t\t\t<section class=\"elementor-section elementor-top-section elementor-element elementor-element-10416953 elementor-section-boxed elementor-section-gap-beside-yes elementor-section-height-default elementor-section-height-default elementor-section-column-vertical-align-stretch\" data-id=\"10416953\" data-element_type=\"section\" data-e-type=\"section\">\n\t\t\t\t\t\t<div class=\"elementor-container elementor-column-gap-extended\">\n\t\t\t\t\t<div class=\"elementor-column elementor-col-100 elementor-top-column elementor-element elementor-element-29c6aa8\" data-id=\"29c6aa8\" data-element_type=\"column\" data-e-type=\"column\">\n\t\t\t<div class=\"elementor-widget-wrap elementor-element-populated\">\n\t\t\t\t\t\t<div class=\"elementor-element elementor-element-7be18fe7 elementor-widget__width-initial elementor-invisible elementor-widget elementor-widget-text-editor\" data-id=\"7be18fe7\" data-element_type=\"widget\" data-e-type=\"widget\" data-settings=\"{&quot;_animation&quot;:&quot;nussFadeInUp&quot;}\" data-widget_type=\"text-editor.default\">\n\t\t\t\t\t\t\t\t\t<div class=\"svelte-1c06zsf\" data-lang-code=\"\"><p data-spm-anchor-id=\"a2ty_o01.29997173.0.i27.ead2c921ZzvKd1\">Su elegante puerta de entrada al Bund y Nanjing Road<\/p><\/div>\t\t\t\t\t\t\t\t<\/div>\n\t\t\t\t\t<\/div>\n\t\t<\/div>\n\t\t\t\t\t<\/div>\n\t\t<\/section>\n\t\t\t\t<section class=\"elementor-section elementor-top-section elementor-element elementor-element-7d18327f elementor-section-boxed elementor-section-gap-beside-yes elementor-section-height-default elementor-section-height-default elementor-section-column-vertical-align-stretch\" data-id=\"7d18327f\" data-element_type=\"section\" data-e-type=\"section\">\n\t\t\t\t\t\t<div class=\"elementor-container elementor-column-gap-extended\">\n\t\t\t\t\t<div class=\"elementor-column elementor-col-50 elementor-top-column elementor-element elementor-element-56533670\" data-id=\"56533670\" data-element_type=\"column\" data-e-type=\"column\">\n\t\t\t<div class=\"elementor-widget-wrap elementor-element-populated\">\n\t\t\t\t\t\t<div class=\"elementor-element elementor-element-19c3f543 elementor-drop-cap-yes elementor-drop-cap-view-default elementor-invisible elementor-widget elementor-widget-text-editor\" data-id=\"19c3f543\" data-element_type=\"widget\" data-e-type=\"widget\" data-settings=\"{&quot;_animation&quot;:&quot;nussFadeInUp&quot;,&quot;drop_cap&quot;:&quot;yes&quot;}\" data-widget_type=\"text-editor.default\">\n\t\t\t\t\t\t\t\t\t<p>Bienvenido a <strong>Hotel OrangeHao<\/strong>, su refugio urbano ideal en el coraz\u00f3n hist\u00f3rico de <strong>Xi&#039;an, provincia de Shaanxi, China<\/strong>Convenientemente situado en <strong>No. 16 Huancheng South Road, distrito de Beilin, 710000<\/strong>Nuestro moderno hotel boutique lo ubica a solo unos pasos de algunos de los lugares m\u00e1s emblem\u00e1ticos de Xi&#039;an, incluido el antiguo <strong>Muralla de la ciudad<\/strong>, el majestuoso <strong>Campanario<\/strong>, y la rica cultura <strong>Museo de Beilin<\/strong>Ya sea que viaje por negocios, placer o una combinaci\u00f3n de ambos, el OrangeHao Hotel ofrece una fusi\u00f3n perfecta de comodidad contempor\u00e1nea, encanto local y conveniencia estrat\u00e9gica.<\/p>\t\t\t\t\t\t\t\t<\/div>\n\t\t\t\t\t<\/div>\n\t\t<\/div>\n\t\t\t\t<div class=\"elementor-column elementor-col-50 elementor-top-column elementor-element elementor-element-30f14127\" data-id=\"30f14127\" data-element_type=\"column\" data-e-type=\"column\">\n\t\t\t<div class=\"elementor-widget-wrap elementor-element-populated\">\n\t\t\t\t\t\t<div class=\"elementor-element elementor-element-59aea08 elementor-widget elementor-widget-image\" data-id=\"59aea08\" data-element_type=\"widget\" data-e-type=\"widget\" data-widget_type=\"image.default\">\n\t\t\t\t\t\t\t\t\t\t\t\t\t\t\t<img fetchpriority=\"high\" decoding=\"async\" width=\"1024\" height=\"620\" src=\"https:\/\/orangehaohotel.com\/wp-content\/uploads\/2025\/10\/OrangeHao-Hotel-30-1024x620.webp\" class=\"attachment-large size-large wp-image-7170\" alt=\"\" srcset=\"https:\/\/orangehaohotel.com\/wp-content\/uploads\/2025\/10\/OrangeHao-Hotel-30-1024x620.webp 1024w, https:\/\/orangehaohotel.com\/wp-content\/uploads\/2025\/10\/OrangeHao-Hotel-30-300x182.webp 300w, https:\/\/orangehaohotel.com\/wp-content\/uploads\/2025\/10\/OrangeHao-Hotel-30-768x465.webp 768w, https:\/\/orangehaohotel.com\/wp-content\/uploads\/2025\/10\/OrangeHao-Hotel-30-18x12.webp 18w, https:\/\/orangehaohotel.com\/wp-content\/uploads\/2025\/10\/OrangeHao-Hotel-30.webp 1280w\" sizes=\"(max-width: 1024px) 100vw, 1024px\" \/>\t\t\t\t\t\t\t\t\t\t\t\t\t\t\t<\/div>\n\t\t\t\t\t<\/div>\n\t\t<\/div>\n\t\t\t\t\t<\/div>\n\t\t<\/section>\n\t\t\t\t<section class=\"elementor-section elementor-top-section elementor-element elementor-element-29fb8578 elementor-section-height-min-height elementor-section-stretched elementor-section-full_width elementor-section-items-stretch elementor-section-height-default elementor-section-column-vertical-align-stretch\" data-id=\"29fb8578\" data-element_type=\"section\" data-e-type=\"section\" data-settings=\"{&quot;stretch_section&quot;:&quot;section-stretched&quot;}\">\n\t\t\t\t\t\t<div class=\"elementor-container elementor-column-gap-no\">\n\t\t\t\t\t<div class=\"elementor-column elementor-col-50 elementor-top-column elementor-element elementor-element-40ac270b\" data-id=\"40ac270b\" data-element_type=\"column\" data-e-type=\"column\">\n\t\t\t<div class=\"elementor-widget-wrap elementor-element-populated\">\n\t\t\t\t\t\t<div class=\"elementor-element elementor-element-20872773 elementor-widget__width-initial elementor-widget-mobile__width-inherit elementor-invisible nuss-elementor-loading nuss-slide-in-right elementor-widget elementor-widget-image\" data-id=\"20872773\" data-element_type=\"widget\" data-e-type=\"widget\" data-settings=\"{&quot;_animation&quot;:&quot;nussSlideInRight&quot;}\" data-widget_type=\"image.default\">\n\t\t\t\t\t\t\t\t\t\t\t\t\t\t\t<img decoding=\"async\" width=\"1137\" height=\"853\" src=\"https:\/\/orangehaohotel.com\/wp-content\/uploads\/2025\/10\/OrangeHao-Hotel-27.webp\" class=\"attachment-full size-full wp-image-7167\" alt=\"\" srcset=\"https:\/\/orangehaohotel.com\/wp-content\/uploads\/2025\/10\/OrangeHao-Hotel-27.webp 1137w, https:\/\/orangehaohotel.com\/wp-content\/uploads\/2025\/10\/OrangeHao-Hotel-27-300x225.webp 300w, https:\/\/orangehaohotel.com\/wp-content\/uploads\/2025\/10\/OrangeHao-Hotel-27-1024x768.webp 1024w, https:\/\/orangehaohotel.com\/wp-content\/uploads\/2025\/10\/OrangeHao-Hotel-27-768x576.webp 768w, https:\/\/orangehaohotel.com\/wp-content\/uploads\/2025\/10\/OrangeHao-Hotel-27-16x12.webp 16w\" sizes=\"(max-width: 1137px) 100vw, 1137px\" \/>\t\t\t\t\t\t\t\t\t\t\t\t\t\t\t<\/div>\n\t\t\t\t\t<\/div>\n\t\t<\/div>\n\t\t\t\t<div class=\"elementor-column elementor-col-50 elementor-top-column elementor-element elementor-element-2dac103\" data-id=\"2dac103\" data-element_type=\"column\" data-e-type=\"column\">\n\t\t\t<div class=\"elementor-widget-wrap elementor-element-populated\">\n\t\t\t\t\t\t<div class=\"elementor-element elementor-element-6f1b8966 elementor-invisible elementor-widget elementor-widget-text-editor\" data-id=\"6f1b8966\" data-element_type=\"widget\" data-e-type=\"widget\" data-settings=\"{&quot;_animation&quot;:&quot;nussFadeInUp&quot;}\" data-widget_type=\"text-editor.default\">\n\t\t\t\t\t\t\t\t\t<p data-spm-anchor-id=\"a2ty_o01.29997173.0.i91.47fcc921vt3Wiu\">Dise\u00f1adas pensando en el viajero exigente, nuestras habitaciones, cuidadosamente decoradas, cuentan con una elegante decoraci\u00f3n minimalista, ropa de cama de primera calidad, wifi de alta velocidad, climatizaci\u00f3n inteligente y vistas a la ciudad o al patio, lo que garantiza una estancia relajante y revitalizante. Comience el d\u00eda con un delicioso desayuno con aut\u00e9nticas delicias. <strong>cocina shaanxi<\/strong>, o rel\u00e1jese despu\u00e9s de un d\u00eda de exploraci\u00f3n en nuestro acogedor restaurante en el lugar que sirve especialidades regionales como pollo tirado a mano. <strong>fideos biangbiang<\/strong>, suculenta <strong>roujiamo<\/strong> (Hamburguesas chinas) y empanadillas arom\u00e1ticas.<\/p><div class=\"my-2\">\u00a0<\/div><p>M\u00e1s all\u00e1 de la comodidad, el Hotel OrangeHao ofrece una hospitalidad impecable con servicio de recepci\u00f3n 24\/7, check-in\/check-out expr\u00e9s, consigna de equipaje y recomendaciones locales personalizadas para ayudarle a descubrir los tesoros escondidos de Xi&#039;an, desde el animado Barrio Musulm\u00e1n hasta las serenas ruinas de la dinast\u00eda Tang. Con f\u00e1cil acceso al transporte p\u00fablico, zonas comerciales y lugares de inter\u00e9s cultural, nuestro hotel es m\u00e1s que un lugar para dormir: es su puerta de entrada para descubrir el alma de una de las ciudades m\u00e1s antiguas e hist\u00f3ricas de China.<\/p><div class=\"my-2\">\u00a0<\/div><p data-spm-anchor-id=\"a2ty_o01.29997173.0.i92.47fcc921vt3Wiu\">Reserva tu estancia en <strong>Hotel OrangeHao en el distrito de Beilin, Xi&#039;an<\/strong>y descubra d\u00f3nde la hospitalidad moderna se fusiona con el patrimonio atemporal.<\/p>\t\t\t\t\t\t\t\t<\/div>\n\t\t\t\t\t<\/div>\n\t\t<\/div>\n\t\t\t\t\t<\/div>\n\t\t<\/section>\n\t\t\t\t<section class=\"elementor-section elementor-top-section elementor-element elementor-element-2092b7d0 elementor-section-stretched elementor-section-boxed elementor-section-gap-beside-yes elementor-section-height-default elementor-section-height-default elementor-section-column-vertical-align-stretch\" data-id=\"2092b7d0\" data-element_type=\"section\" data-e-type=\"section\" data-settings=\"{&quot;background_background&quot;:&quot;classic&quot;,&quot;stretch_section&quot;:&quot;section-stretched&quot;}\">\n\t\t\t\t\t\t<div class=\"elementor-container elementor-column-gap-extended\">\n\t\t\t\t\t<div class=\"elementor-column elementor-col-100 elementor-top-column elementor-element elementor-element-be69d75\" data-id=\"be69d75\" data-element_type=\"column\" data-e-type=\"column\">\n\t\t\t<div class=\"elementor-widget-wrap elementor-element-populated\">\n\t\t\t\t\t\t<div class=\"elementor-element elementor-element-320c022 elementor-widget elementor-widget-nuss-heading\" data-id=\"320c022\" data-element_type=\"widget\" data-e-type=\"widget\" data-widget_type=\"nuss-heading.default\">\n\t\t\t\t<div class=\"elementor-widget-container\">\n\t\t\t\t\t\t\t<div class=\"nuss-modern-heading\">\r\n\t\t\t\t\t\t<div class=\"heading-secondary-wrap\">\r\n\t\t\t\t<h3 class=\"heading-secondary elementor-heading-title\">Consultar disponibilidad <\/h3>\t\t\t<\/div>\r\n\t\t\r\n\t\t\t\r\n\t\t\t\r\n\t\t\t\t\t<\/div>\r\n\t\t\t\t\t<\/div>\n\t\t\t\t<\/div>\n\t\t\t\t<div class=\"elementor-element elementor-element-fe69a93 elementor-widget elementor-widget-text-editor\" data-id=\"fe69a93\" data-element_type=\"widget\" data-e-type=\"widget\" data-widget_type=\"text-editor.default\">\n\t\t\t\t\t\t\t\t\t<iframe border=\"0\" src=\"https:\/\/www.trip.com\/partners\/ad\/S5783395?Allianceid=4590391&#038;SID=263897943&#038;trip_sub1=\" style=\"width:900px;height:200px\" frameborder=\"0\" scrolling=\"no\" id=\"S5783395\"><\/iframe>\t\t\t\t\t\t\t\t<\/div>\n\t\t\t\t\t<\/div>\n\t\t<\/div>\n\t\t\t\t\t<\/div>\n\t\t<\/section>\n\t\t\t\t<\/div>","protected":false},"excerpt":{"rendered":"<p>Your Stylish Gateway to the Bund &amp; Nanjing Road Welcome to OrangeHao Hotel, your ideal urban retreat in the historic heart of Xi\u2019an, Shaanxi Province, China. Conveniently situated at No. 16 Huancheng South Road, Beilin District, 710000, our modern boutique hotel places you just steps away from some of Xi\u2019an\u2019s most iconic landmarks\u2014including the ancient [&hellip;]<\/p>\n","protected":false},"author":1,"featured_media":0,"parent":0,"menu_order":0,"comment_status":"closed","ping_status":"closed","template":"","meta":{"footnotes":""},"class_list":["post-5266","page","type-page","status-publish","hentry","post-no-thumbnail"],"_links":{"self":[{"href":"https:\/\/orangehaohotel.com\/es\/wp-json\/wp\/v2\/pages\/5266","targetHints":{"allow":["GET"]}}],"collection":[{"href":"https:\/\/orangehaohotel.com\/es\/wp-json\/wp\/v2\/pages"}],"about":[{"href":"https:\/\/orangehaohotel.com\/es\/wp-json\/wp\/v2\/types\/page"}],"author":[{"embeddable":true,"href":"https:\/\/orangehaohotel.com\/es\/wp-json\/wp\/v2\/users\/1"}],"replies":[{"embeddable":true,"href":"https:\/\/orangehaohotel.com\/es\/wp-json\/wp\/v2\/comments?post=5266"}],"version-history":[{"count":0,"href":"https:\/\/orangehaohotel.com\/es\/wp-json\/wp\/v2\/pages\/5266\/revisions"}],"wp:attachment":[{"href":"https:\/\/orangehaohotel.com\/es\/wp-json\/wp\/v2\/media?parent=5266"}],"curies":[{"name":"wp","href":"https:\/\/api.w.org\/{rel}","templated":true}]}}