{"id":612,"date":"2021-03-26T10:04:13","date_gmt":"2021-03-26T10:04:13","guid":{"rendered":"http:\/\/localhost\/nuss\/?page_id=612"},"modified":"2025-10-07T14:05:09","modified_gmt":"2025-10-07T14:05:09","slug":"restaurante","status":"publish","type":"page","link":"https:\/\/orangehaohotel.com\/es\/restaurant\/","title":{"rendered":"Restaurante"},"content":{"rendered":"<div data-elementor-type=\"wp-page\" data-elementor-id=\"612\" class=\"elementor elementor-612\">\n\t\t\t\t\t\t<section class=\"elementor-section elementor-top-section elementor-element elementor-element-e2effe8 elementor-section-boxed elementor-section-gap-beside-yes elementor-section-height-default elementor-section-height-default elementor-section-column-vertical-align-stretch\" data-id=\"e2effe8\" data-element_type=\"section\" data-e-type=\"section\">\n\t\t\t\t\t\t<div class=\"elementor-container elementor-column-gap-extended\">\n\t\t\t\t\t<div class=\"elementor-column elementor-col-100 elementor-top-column elementor-element elementor-element-e18f688\" data-id=\"e18f688\" data-element_type=\"column\" data-e-type=\"column\">\n\t\t\t<div class=\"elementor-widget-wrap elementor-element-populated\">\n\t\t\t\t\t\t<div class=\"elementor-element elementor-element-6db146d elementor-widget__width-initial elementor-invisible elementor-widget elementor-widget-text-editor\" data-id=\"6db146d\" data-element_type=\"widget\" data-e-type=\"widget\" data-settings=\"{&quot;_animation&quot;:&quot;nussFadeInUp&quot;}\" data-widget_type=\"text-editor.default\">\n\t\t\t\t\t\t\t\t\t<div class=\"svelte-1c06zsf\" data-lang-code=\"\"><p><strong data-spm-anchor-id=\"a2ty_o01.29997173.0.i125.47fcc921vt3Wiu\">Disfrute del alma de Shaanxi: aut\u00e9ntica gastronom\u00eda en el restaurante del Hotel OrangeHao, en el coraz\u00f3n de Xi&#039;an.<\/strong><\/p><\/div>\t\t\t\t\t\t\t\t<\/div>\n\t\t\t\t\t<\/div>\n\t\t<\/div>\n\t\t\t\t\t<\/div>\n\t\t<\/section>\n\t\t<div class=\"elementor-element elementor-element-764955e e-flex e-con-boxed e-con e-parent\" data-id=\"764955e\" data-element_type=\"container\" data-e-type=\"container\">\n\t\t\t\t\t<div class=\"e-con-inner\">\n\t\t<div class=\"elementor-element elementor-element-3a71d84 e-con-full e-flex e-con e-child\" data-id=\"3a71d84\" data-element_type=\"container\" data-e-type=\"container\">\n\t\t\t\t<div class=\"elementor-element elementor-element-81a00fb elementor-widget elementor-widget-text-editor\" data-id=\"81a00fb\" data-element_type=\"widget\" data-e-type=\"widget\" data-widget_type=\"text-editor.default\">\n\t\t\t\t\t\t\t\t\t<p>Entra en el <strong>Restaurante del hotel OrangeHao<\/strong>\u2014un santuario culinario donde los sabores audaces y arom\u00e1ticos de <strong>cocina shaanxi<\/strong> Cobra vida en un entorno que combina la elegancia contempor\u00e1nea con el rico patrimonio de una de las ciudades m\u00e1s antiguas de China. Convenientemente ubicado dentro <strong>OrangeHao Hotel en No.16 Huancheng South Road, distrito de Beilin, Xi&#039;an, Shaanxi 710000<\/strong>Nuestro restaurante en el hotel ofrece a los hu\u00e9spedes del hotel y a los amantes de la comida local un viaje gastron\u00f3mico inolvidable por el coraz\u00f3n del noroeste de China, sin tener que abandonar la comodidad de nuestro refugio urbano.<\/p>\t\t\t\t\t\t\t\t<\/div>\n\t\t\t\t<\/div>\n\t\t<div class=\"elementor-element elementor-element-bb76a06 e-con-full e-flex e-con e-child\" data-id=\"bb76a06\" data-element_type=\"container\" data-e-type=\"container\">\n\t\t\t\t<div class=\"elementor-element elementor-element-636ac5f elementor-widget elementor-widget-image\" data-id=\"636ac5f\" data-element_type=\"widget\" data-e-type=\"widget\" data-widget_type=\"image.default\">\n\t\t\t\t\t\t\t\t\t\t\t\t\t\t\t<img fetchpriority=\"high\" decoding=\"async\" width=\"1024\" height=\"682\" src=\"https:\/\/orangehaohotel.com\/wp-content\/uploads\/2025\/10\/OrangeHao-Hotel-80-1024x682.webp\" class=\"attachment-large size-large wp-image-7220\" alt=\"\" srcset=\"https:\/\/orangehaohotel.com\/wp-content\/uploads\/2025\/10\/OrangeHao-Hotel-80-1024x682.webp 1024w, https:\/\/orangehaohotel.com\/wp-content\/uploads\/2025\/10\/OrangeHao-Hotel-80-300x200.webp 300w, https:\/\/orangehaohotel.com\/wp-content\/uploads\/2025\/10\/OrangeHao-Hotel-80-768x512.webp 768w, https:\/\/orangehaohotel.com\/wp-content\/uploads\/2025\/10\/OrangeHao-Hotel-80-18x12.webp 18w, https:\/\/orangehaohotel.com\/wp-content\/uploads\/2025\/10\/OrangeHao-Hotel-80.webp 1280w\" sizes=\"(max-width: 1024px) 100vw, 1024px\" \/>\t\t\t\t\t\t\t\t\t\t\t\t\t\t\t<\/div>\n\t\t\t\t<\/div>\n\t\t\t\t\t<\/div>\n\t\t\t\t<\/div>\n\t\t<div class=\"elementor-element elementor-element-d05381b e-flex e-con-boxed e-con e-parent\" data-id=\"d05381b\" data-element_type=\"container\" data-e-type=\"container\">\n\t\t\t\t\t<div class=\"e-con-inner\">\n\t\t\t\t<div class=\"elementor-element elementor-element-53bd849 elementor-widget elementor-widget-text-editor\" data-id=\"53bd849\" data-element_type=\"widget\" data-e-type=\"widget\" data-widget_type=\"text-editor.default\">\n\t\t\t\t\t\t\t\t\t<p data-spm-anchor-id=\"a2ty_o01.29997173.0.i127.47fcc921vt3Wiu\">Ubicado a solo minutos del ic\u00f3nico Xi&#039;an <strong>Muralla de la ciudad antigua<\/strong>, <strong>Campanario<\/strong>, y el bullicio <strong>Barrio musulm\u00e1n<\/strong>Nuestro restaurante es m\u00e1s que un simple restaurante: es una celebraci\u00f3n cuidada de la tradici\u00f3n local, los ingredientes de temporada y las t\u00e9cnicas ancestrales transmitidas de generaci\u00f3n en generaci\u00f3n. Desde el legendario <strong>fideos biangbiang hechos a mano<\/strong>\u2014anchas, masticables y empapadas en aceite de chile y ajo\u2014 hasta las suculentas y estofadas a fuego lento. <strong>cordero roujiamo<\/strong> (a menudo llamadas \u201chamburguesas chinas\u201d), cada plato est\u00e1 elaborado para honrar la s\u00f3lida identidad culinaria de Shaanxi y al mismo tiempo cumplir con las expectativas modernas de frescura, presentaci\u00f3n y calidad.<\/p><div class=\"my-2\">\u00a0<\/div><p>Nuestros chefs obtienen ingredientes diariamente de mercados locales de confianza, lo que garantiza un sabor y una autenticidad excepcionales. Nuestras especialidades incluyen <strong>Yangrou Paomo<\/strong> (pan plano desmenuzado en un guiso de cordero arom\u00e1tico), <strong>Fideos Qishan Saocai<\/strong> con verduras en conserva picantes y delicadas <strong>alb\u00f3ndigas al vapor<\/strong> relleno de cerdo y cebollino, cada plato es un testimonio del papel de Xi&#039;an como cruce hist\u00f3rico de la Ruta de la Seda, donde las especias de Asia Central se encontraban con el arte culinario chino.<\/p><div class=\"my-2\">\u00a0<\/div><p>Dise\u00f1ado con calidez y comodidad en mente, el restaurante cuenta con <strong>iluminaci\u00f3n ambiental suave<\/strong>Decoraci\u00f3n minimalista inspirada en la est\u00e9tica de la dinast\u00eda Tang y amplios ventanales que inundan el espacio de luz natural durante el d\u00eda y ofrecen vistas al tranquilo patio interior por la noche. Ya sea que disfrute de un desayuno relajado o <strong>Gachas de avena con leche, youtiao (palitos de masa fritos) y baozi al vapor<\/strong>Ya sea un almuerzo de negocios con colegas o una cena rom\u00e1ntica despu\u00e9s de explorar las antiguas maravillas de la ciudad, el ambiente logra el equilibrio perfecto entre sofisticaci\u00f3n y tranquilidad.<\/p><div class=\"my-2\">\u00a0<\/div><p>El desayuno es un punto destacado para muchos hu\u00e9spedes, con un <strong>un buffet cuidadosamente seleccionado<\/strong> que combina productos b\u00e1sicos locales con favoritos internacionales: piense en pasteles reci\u00e9n horneados junto con sabrosos <strong>gachas de hulutou<\/strong>Frutas de temporada y huevos al momento. Para la cena, el men\u00fa a la carta invita a explorar, con opciones vegetarianas, sin gluten y con especias ajustables, disponibles bajo petici\u00f3n. \u00bfY para complementar su comida? Una selecci\u00f3n de <strong>T\u00e9s chinos<\/strong>, cervezas artesanales locales e infusiones sin alcohol con bayas de goji, crisantemo o espino, ideales para la digesti\u00f3n y la relajaci\u00f3n.<\/p><div class=\"my-2\">\u00a0<\/div><p>Convenientemente abierto para <strong>desayuno, almuerzo y cena<\/strong>El restaurante del Hotel OrangeHao es de acceso exclusivo para hu\u00e9spedes del hotel y comensales sin cita previa que buscan una experiencia gastron\u00f3mica aut\u00e9ntica y refinada en Xi&#039;an. <strong>Wi-Fi de alta velocidad gratuito<\/strong>, un atento servicio biling\u00fce y una ubicaci\u00f3n que te sit\u00faa a pasos de las principales atracciones de la ciudad, es el lugar ideal para reponer fuerzas, reconectarte y redescubrir los sabores que definen esta legendaria regi\u00f3n.<\/p><div class=\"my-2\">\u00a0<\/div><p>Ya sea que sea un visitante primerizo que siente curiosidad por el legado de fideos de Shaanxi o un viajero que regresa y anhela el sabor de su tierra natal, nuestro restaurante promete m\u00e1s que una comida: ofrece una <strong>Deliciosa puerta de entrada al alma cultural de Xi&#039;an<\/strong>.<\/p><div class=\"my-2\">\u00a0<\/div><p data-spm-anchor-id=\"a2ty_o01.29997173.0.i129.47fcc921vt3Wiu\"><strong>Cene aqu\u00ed. Pruebe la tradici\u00f3n. Si\u00e9ntase como en casa.<\/strong><br \/><em data-spm-anchor-id=\"a2ty_o01.29997173.0.i128.47fcc921vt3Wiu\">Abierto todos los d\u00edas | Ubicado dentro del Hotel OrangeHao, No.16 Huancheng South Road, Distrito Beilin, Xi&#039;an, Shaanxi 710000, China.<\/em><\/p>\t\t\t\t\t\t\t\t<\/div>\n\t\t\t\t\t<\/div>\n\t\t\t\t<\/div>\n\t\t\t\t<section class=\"elementor-section elementor-top-section elementor-element elementor-element-2aaa09d1 elementor-section-stretched elementor-section-boxed elementor-section-gap-beside-yes elementor-section-height-default elementor-section-height-default elementor-section-column-vertical-align-stretch\" data-id=\"2aaa09d1\" data-element_type=\"section\" data-e-type=\"section\" data-settings=\"{&quot;background_background&quot;:&quot;classic&quot;,&quot;stretch_section&quot;:&quot;section-stretched&quot;}\">\n\t\t\t\t\t\t<div class=\"elementor-container elementor-column-gap-extended\">\n\t\t\t\t\t<div class=\"elementor-column elementor-col-100 elementor-top-column elementor-element elementor-element-e755ed6\" data-id=\"e755ed6\" data-element_type=\"column\" data-e-type=\"column\">\n\t\t\t<div class=\"elementor-widget-wrap elementor-element-populated\">\n\t\t\t\t\t\t<div class=\"elementor-element elementor-element-77beed0e elementor-widget elementor-widget-nuss-heading\" data-id=\"77beed0e\" data-element_type=\"widget\" data-e-type=\"widget\" data-widget_type=\"nuss-heading.default\">\n\t\t\t\t<div class=\"elementor-widget-container\">\n\t\t\t\t\t\t\t<div class=\"nuss-modern-heading\">\r\n\t\t\t\t\t\t<div class=\"heading-secondary-wrap\">\r\n\t\t\t\t<h3 class=\"heading-secondary elementor-heading-title\">Consultar disponibilidad <\/h3>\t\t\t<\/div>\r\n\t\t\r\n\t\t\t\r\n\t\t\t\r\n\t\t\t\t\t<\/div>\r\n\t\t\t\t\t<\/div>\n\t\t\t\t<\/div>\n\t\t\t\t<div class=\"elementor-element elementor-element-e1e6775 elementor-widget elementor-widget-text-editor\" data-id=\"e1e6775\" data-element_type=\"widget\" data-e-type=\"widget\" data-widget_type=\"text-editor.default\">\n\t\t\t\t\t\t\t\t\t<iframe border=\"0\" src=\"https:\/\/www.trip.com\/partners\/ad\/S5783395?Allianceid=4590391&#038;SID=263897943&#038;trip_sub1=\" style=\"width:900px;height:200px\" frameborder=\"0\" scrolling=\"no\" id=\"S5783395\"><\/iframe>\t\t\t\t\t\t\t\t<\/div>\n\t\t\t\t\t<\/div>\n\t\t<\/div>\n\t\t\t\t\t<\/div>\n\t\t<\/section>\n\t\t\t\t<\/div>","protected":false},"excerpt":{"rendered":"<p>Savor the Soul of Shaanxi: Authentic Dining at OrangeHao Hotel\u2019s On-Site Restaurant in the Heart of Xi\u2019an Step into the OrangeHao Hotel Restaurant\u2014a culinary sanctuary where the bold, aromatic flavors of Shaanxi cuisine come alive in a setting that blends contemporary elegance with the rich heritage of one of China\u2019s oldest cities. Conveniently located within [&hellip;]<\/p>\n","protected":false},"author":1,"featured_media":0,"parent":0,"menu_order":0,"comment_status":"closed","ping_status":"closed","template":"","meta":{"footnotes":""},"class_list":["post-612","page","type-page","status-publish","hentry","post-no-thumbnail"],"_links":{"self":[{"href":"https:\/\/orangehaohotel.com\/es\/wp-json\/wp\/v2\/pages\/612","targetHints":{"allow":["GET"]}}],"collection":[{"href":"https:\/\/orangehaohotel.com\/es\/wp-json\/wp\/v2\/pages"}],"about":[{"href":"https:\/\/orangehaohotel.com\/es\/wp-json\/wp\/v2\/types\/page"}],"author":[{"embeddable":true,"href":"https:\/\/orangehaohotel.com\/es\/wp-json\/wp\/v2\/users\/1"}],"replies":[{"embeddable":true,"href":"https:\/\/orangehaohotel.com\/es\/wp-json\/wp\/v2\/comments?post=612"}],"version-history":[{"count":0,"href":"https:\/\/orangehaohotel.com\/es\/wp-json\/wp\/v2\/pages\/612\/revisions"}],"wp:attachment":[{"href":"https:\/\/orangehaohotel.com\/es\/wp-json\/wp\/v2\/media?parent=612"}],"curies":[{"name":"wp","href":"https:\/\/api.w.org\/{rel}","templated":true}]}}