{"id":647,"date":"2021-03-29T02:13:52","date_gmt":"2021-03-29T02:13:52","guid":{"rendered":"http:\/\/localhost\/nuss\/?page_id=647"},"modified":"2025-10-07T14:25:48","modified_gmt":"2025-10-07T14:25:48","slug":"servicios","status":"publish","type":"page","link":"https:\/\/orangehaohotel.com\/es\/services\/","title":{"rendered":"Servicios"},"content":{"rendered":"<div data-elementor-type=\"wp-page\" data-elementor-id=\"647\" class=\"elementor elementor-647\">\n\t\t\t\t\t\t<section class=\"elementor-section elementor-top-section elementor-element elementor-element-3353bc8 elementor-section-boxed elementor-section-gap-beside-yes elementor-section-height-default elementor-section-height-default elementor-section-column-vertical-align-stretch\" data-id=\"3353bc8\" data-element_type=\"section\" data-e-type=\"section\">\n\t\t\t\t\t\t<div class=\"elementor-container elementor-column-gap-extended\">\n\t\t\t\t\t<div class=\"elementor-column elementor-col-100 elementor-top-column elementor-element elementor-element-0a2bc64\" data-id=\"0a2bc64\" data-element_type=\"column\" data-e-type=\"column\">\n\t\t\t<div class=\"elementor-widget-wrap elementor-element-populated\">\n\t\t\t\t\t\t<div class=\"elementor-element elementor-element-447e3ef elementor-widget__width-initial elementor-invisible elementor-widget elementor-widget-text-editor\" data-id=\"447e3ef\" data-element_type=\"widget\" data-e-type=\"widget\" data-settings=\"{&quot;_animation&quot;:&quot;nussFadeInUp&quot;}\" data-widget_type=\"text-editor.default\">\n\t\t\t\t\t\t\t\t\t<div class=\"svelte-1c06zsf\" data-lang-code=\"\"><p><strong data-spm-anchor-id=\"a2ty_o01.29997173.0.i132.47fcc921vt3Wiu\">Servicio excepcional, cuidadosamente brindado: La experiencia del hotel OrangeHao en el coraz\u00f3n de Xi&#039;an<\/strong><\/p><\/div>\t\t\t\t\t\t\t\t<\/div>\n\t\t\t\t\t<\/div>\n\t\t<\/div>\n\t\t\t\t\t<\/div>\n\t\t<\/section>\n\t\t<div class=\"elementor-element elementor-element-02dd6e2 e-flex e-con-boxed e-con e-parent\" data-id=\"02dd6e2\" data-element_type=\"container\" data-e-type=\"container\">\n\t\t\t\t\t<div class=\"e-con-inner\">\n\t\t\t\t<div class=\"elementor-element elementor-element-72bb240 elementor-widget elementor-widget-nuss-image-gallery\" data-id=\"72bb240\" data-element_type=\"widget\" data-e-type=\"widget\" data-widget_type=\"nuss-image-gallery.default\">\n\t\t\t\t<div class=\"elementor-widget-container\">\n\t\t\t\t\t\t\t<div class=\"nuss-grid-wrapper\" data-grid=\"{&quot;type&quot;:&quot;grid&quot;,&quot;ratio&quot;:null,&quot;columns&quot;:3,&quot;gutter&quot;:30}\">\r\n\t\t\t<div class=\"nuss-grid lazy-grid\">\r\n\t\t\t\t<div class=\"grid-sizer\"><\/div>\r\n\r\n\t\t\t\t\t\t\t\t\t\t\t\t<div class=\"grid-item\">\r\n\t\t\t\t\t\t<div class=\"nuss-box\">\t\t<div class=\"nuss-image image\">\r\n\t\t\t<img decoding=\"async\"  src=\"https:\/\/orangehaohotel.com\/wp-content\/uploads\/2025\/10\/OrangeHao-Hotel-78.webp\" alt=\"Hotel OrangeHao (78)\" \/>\t\t<\/div>\r\n\t\t\t\t<\/div>\t\t\t\t\t<\/div>\r\n\t\t\t\t\t\t<div class=\"grid-item\">\r\n\t\t\t\t\t\t<div class=\"nuss-box\">\t\t<div class=\"nuss-image image\">\r\n\t\t\t<img decoding=\"async\"  src=\"https:\/\/orangehaohotel.com\/wp-content\/uploads\/2025\/10\/OrangeHao-Hotel-77.webp\" alt=\"Hotel OrangeHao (77)\" \/>\t\t<\/div>\r\n\t\t\t\t<\/div>\t\t\t\t\t<\/div>\r\n\t\t\t\t\t\t<div class=\"grid-item\">\r\n\t\t\t\t\t\t<div class=\"nuss-box\">\t\t<div class=\"nuss-image image\">\r\n\t\t\t<img decoding=\"async\"  src=\"https:\/\/orangehaohotel.com\/wp-content\/uploads\/2025\/10\/OrangeHao-Hotel-76.webp\" alt=\"Hotel OrangeHao (76)\" \/>\t\t<\/div>\r\n\t\t\t\t<\/div>\t\t\t\t\t<\/div>\r\n\t\t\t\t\t\t<div class=\"grid-item\">\r\n\t\t\t\t\t\t<div class=\"nuss-box\">\t\t<div class=\"nuss-image image\">\r\n\t\t\t<img decoding=\"async\"  src=\"https:\/\/orangehaohotel.com\/wp-content\/uploads\/2025\/10\/OrangeHao-Hotel-73.webp\" alt=\"Hotel OrangeHao (73)\" \/>\t\t<\/div>\r\n\t\t\t\t<\/div>\t\t\t\t\t<\/div>\r\n\t\t\t\t\t\t<div class=\"grid-item\">\r\n\t\t\t\t\t\t<div class=\"nuss-box\">\t\t<div class=\"nuss-image image\">\r\n\t\t\t<img decoding=\"async\"  src=\"https:\/\/orangehaohotel.com\/wp-content\/uploads\/2025\/10\/OrangeHao-Hotel-68.webp\" alt=\"Hotel OrangeHao (68)\" \/>\t\t<\/div>\r\n\t\t\t\t<\/div>\t\t\t\t\t<\/div>\r\n\t\t\t\t\t\t<div class=\"grid-item\">\r\n\t\t\t\t\t\t<div class=\"nuss-box\">\t\t<div class=\"nuss-image image\">\r\n\t\t\t<img decoding=\"async\"  src=\"https:\/\/orangehaohotel.com\/wp-content\/uploads\/2025\/10\/OrangeHao-Hotel-84.webp\" alt=\"Hotel OrangeHao (84)\" \/>\t\t<\/div>\r\n\t\t\t\t<\/div>\t\t\t\t\t<\/div>\r\n\t\t\t\t\t\t<div class=\"grid-item\">\r\n\t\t\t\t\t\t<div class=\"nuss-box\">\t\t<div class=\"nuss-image image\">\r\n\t\t\t<img decoding=\"async\"  src=\"https:\/\/orangehaohotel.com\/wp-content\/uploads\/2025\/10\/OrangeHao-Hotel-85.webp\" alt=\"Hotel OrangeHao (85)\" \/>\t\t<\/div>\r\n\t\t\t\t<\/div>\t\t\t\t\t<\/div>\r\n\t\t\t\t\t\t<div class=\"grid-item\">\r\n\t\t\t\t\t\t<div class=\"nuss-box\">\t\t<div class=\"nuss-image image\">\r\n\t\t\t<img decoding=\"async\"  src=\"https:\/\/orangehaohotel.com\/wp-content\/uploads\/2025\/10\/OrangeHao-Hotel-34.webp\" alt=\"Hotel OrangeHao (34)\" \/>\t\t<\/div>\r\n\t\t\t\t<\/div>\t\t\t\t\t<\/div>\r\n\t\t\t\t\t\t<div class=\"grid-item\">\r\n\t\t\t\t\t\t<div class=\"nuss-box\">\t\t<div class=\"nuss-image image\">\r\n\t\t\t<img decoding=\"async\"  src=\"https:\/\/orangehaohotel.com\/wp-content\/uploads\/2025\/10\/OrangeHao-Hotel-40.webp\" alt=\"Hotel OrangeHao (40)\" \/>\t\t<\/div>\r\n\t\t\t\t<\/div>\t\t\t\t\t<\/div>\r\n\t\t\t\t\t\t<div class=\"grid-item\">\r\n\t\t\t\t\t\t<div class=\"nuss-box\">\t\t<div class=\"nuss-image image\">\r\n\t\t\t<img decoding=\"async\"  src=\"https:\/\/orangehaohotel.com\/wp-content\/uploads\/2025\/10\/OrangeHao-Hotel-39.webp\" alt=\"Hotel OrangeHao (39)\" \/>\t\t<\/div>\r\n\t\t\t\t<\/div>\t\t\t\t\t<\/div>\r\n\t\t\t\t\t\t<div class=\"grid-item\">\r\n\t\t\t\t\t\t<div class=\"nuss-box\">\t\t<div class=\"nuss-image image\">\r\n\t\t\t<img decoding=\"async\"  src=\"https:\/\/orangehaohotel.com\/wp-content\/uploads\/2025\/10\/OrangeHao-Hotel-15.webp\" alt=\"Hotel OrangeHao (15)\" \/>\t\t<\/div>\r\n\t\t\t\t<\/div>\t\t\t\t\t<\/div>\r\n\t\t\t\t\t\t<div class=\"grid-item\">\r\n\t\t\t\t\t\t<div class=\"nuss-box\">\t\t<div class=\"nuss-image image\">\r\n\t\t\t<img decoding=\"async\"  src=\"https:\/\/orangehaohotel.com\/wp-content\/uploads\/2025\/10\/OrangeHao-Hotel-7.webp\" alt=\"Hotel OrangeHao (7)\" \/>\t\t<\/div>\r\n\t\t\t\t<\/div>\t\t\t\t\t<\/div>\r\n\t\t\t\t\t\t\t\r\n\t\t\t<\/div>\r\n\t\t<\/div>\r\n\t\t\t\t\t\t<\/div>\n\t\t\t\t<\/div>\n\t\t\t\t\t<\/div>\n\t\t\t\t<\/div>\n\t\t<div class=\"elementor-element elementor-element-76953f7 e-flex e-con-boxed e-con e-parent\" data-id=\"76953f7\" data-element_type=\"container\" data-e-type=\"container\">\n\t\t\t\t\t<div class=\"e-con-inner\">\n\t\t\t\t<div class=\"elementor-element elementor-element-2f32cd6 elementor-widget elementor-widget-text-editor\" data-id=\"2f32cd6\" data-element_type=\"widget\" data-e-type=\"widget\" data-widget_type=\"text-editor.default\">\n\t\t\t\t\t\t\t\t\t<div class=\"svelte-1c06zsf\" data-lang-code=\"\"><p data-spm-anchor-id=\"a2ty_o01.29997173.0.i133.47fcc921vt3Wiu\">En <strong>Hotel OrangeHao<\/strong>, ubicado en <strong>No.16 Huancheng South Road, distrito de Beilin, Xi&#039;an, Shaanxi 710000, China<\/strong>Creemos que la verdadera hospitalidad no solo reside en el lugar donde se hospeda, sino tambi\u00e9n en c\u00f3mo lo atendemos. Desde el momento en que considera reservar hasta su despedida, cada detalle est\u00e1 dise\u00f1ado con intenci\u00f3n, calidez y un profundo respeto por su tiempo, comodidad y necesidades individuales. Nuestra completa gama de servicios va m\u00e1s all\u00e1 de lo esperado, combinando la eficiencia moderna con el esp\u00edritu amable de Xi&#039;an, una ciudad que ha recibido a viajeros durante m\u00e1s de 2000 a\u00f1os.<\/p><div class=\"my-2\">\u00a0<\/div><h3><strong>Llegada sin inconvenientes y check-in personalizado<\/strong><\/h3><p>Tu viaje con nosotros comienza incluso antes de cruzar nuestras puertas. Nuestro <strong>Recepci\u00f3n 24\/7<\/strong> garantiza una llegada sin problemas a cualquier hora, mientras que nuestro <strong>check-in y check-out expr\u00e9s<\/strong> Las opciones minimizan los tiempos de espera tanto para viajeros de negocios como para exploradores cansados. A su llegada, ser\u00e1 recibido por nuestro equipo multiling\u00fce (que habla mandar\u00edn con fluidez y habla ingl\u00e9s con fluidez), que no solo le ofrecer\u00e1 las llaves de la habitaci\u00f3n, sino tambi\u00e9n... <strong>notas de bienvenida personalizadas<\/strong>, consejos locales e incluso mapas dibujados a mano que llevan a joyas ocultas como tiendas de fideos centenarias o tranquilos patios de templos.<\/p><div class=\"my-2\">\u00a0<\/div><h3><strong>Servicios en la habitaci\u00f3n cuidadosamente seleccionados<\/strong><\/h3><p>Todas las habitaciones del OrangeHao Hotel est\u00e1n equipadas con comodidades dise\u00f1adas para su comodidad y conveniencia:<\/p><ul dir=\"auto\"><li><strong>Wi-Fi de fibra \u00f3ptica de alta velocidad<\/strong> (gratuito y confiable para trabajo remoto o streaming)<\/li><li><strong>Escritorios de trabajo ergon\u00f3micos<\/strong> con amplias tomas de corriente y puertos USB<\/li><li><strong>Ropa de cama de primera calidad<\/strong> con almohadas hipoalerg\u00e9nicas y s\u00e1banas de algod\u00f3n de 300 hilos<\/li><li><strong>Control de climatizaci\u00f3n inteligente<\/strong>, cortinas opacas y ventanas insonorizantes para un descanso \u00f3ptimo<\/li><li><strong>Art\u00edculos de tocador de lujo<\/strong>, albornoces de felpa, zapatillas y secadores de pelo.<\/li><li><strong>Cajas fuertes en las habitaciones<\/strong>, hervidores el\u00e9ctricos y una cuidada selecci\u00f3n de t\u00e9s locales.<\/li><\/ul><div class=\"my-2\">\u00a0<\/div><p>Para los hu\u00e9spedes que buscan mayor comodidad, ofrecemos <strong>men\u00fas de almohadas<\/strong>, cestas de refrigerios nocturnos y servicio de cobertura a pedido, porque el lujo vive en los detalles.<\/p><div class=\"my-2\">\u00a0<\/div><h3><strong>Soporte para empresas y conectividad<\/strong><\/h3><p>Reconociendo que muchos de nuestros hu\u00e9spedes combinan trabajo y viajes, ofrecemos una <strong>rinc\u00f3n de negocios totalmente equipado<\/strong> Abierto 24\/7, con servicios de impresi\u00f3n, escaneo, fotocopiado y estaciones de trabajo compatibles con computadoras port\u00e1tiles. Para reuniones peque\u00f1as o presentaciones a clientes, nuestro <strong>espacio de reuni\u00f3n flexible<\/strong> Tiene capacidad para hasta 20 personas e incluye un Smart TV de 65 pulgadas, pantalla compartida inal\u00e1mbrica, videoconferencias y servicio de caf\u00e9 gratuito. \u00bfNecesita enviar un paquete o imprimir tarjetas de embarque? Cons\u00faltenos; estamos aqu\u00ed para que su vida profesional transcurra sin contratiempos.<\/p><div class=\"my-2\">\u00a0<\/div><h3><strong>Conserjer\u00eda y curaci\u00f3n de experiencias locales<\/strong><\/h3><p>Nuestro servicio de conserjer\u00eda es m\u00e1s que transaccional: es transformador. Ya sea que desee evitar las filas en el... <strong>Guerreros de terracota<\/strong>, reserva entradas de \u00faltima hora para el <strong>Espect\u00e1culo de la dinast\u00eda Tang<\/strong>, o descubra una tranquila casa de t\u00e9 cerca de la Peque\u00f1a Pagoda del Ganso Salvaje, nuestro equipo aprovecha el profundo conocimiento local para crear <strong>itinerarios personalizados<\/strong>Nos asociamos con gu\u00edas locales de confianza, proveedores de transporte e instituciones culturales para garantizar experiencias aut\u00e9nticas y sin complicaciones.<\/p><div class=\"my-2\">\u00a0<\/div><h3><strong>Asistencia en transporte y log\u00edstica<\/strong><\/h3><p>Recorrer una ciudad nueva puede ser abrumador, pero no con OrangeHao a tu lado. Ofrecemos:<\/p><ul dir=\"auto\"><li><strong>Coordinaci\u00f3n de traslados al aeropuerto<\/strong> (hacia\/desde el Aeropuerto Internacional de Xi&#039;an Xianyang)<\/li><li><strong>Reserva de taxis y Didi (Uber chino)<\/strong> con conductores examinados<\/li><li><strong>Gu\u00eda de rutas de metro y autob\u00fas<\/strong>, incluidos pases con c\u00f3digo QR para un f\u00e1cil acceso<\/li><li><strong>Recomendaciones de alquiler de bicicletas<\/strong> para paseos panor\u00e1micos a lo largo de la muralla de la ciudad<\/li><\/ul><div class=\"my-2\">\u00a0<\/div><p>Nuestra ubicaci\u00f3n, a solo 6 minutos a pie de <strong>Estaci\u00f3n de metro Hepingmen (l\u00ednea 4)<\/strong>\u2014hace que la exploraci\u00f3n independiente sea sencilla, pero siempre estamos listos para ayudarte a llegar a donde necesitas ir.<\/p><div class=\"my-2\">\u00a0<\/div><h3><strong>Bienestar y comodidad diaria<\/strong><\/h3><p>Si bien no contamos con un spa completo, priorizamos su bienestar a trav\u00e9s de detalles considerados:<\/p><ul dir=\"auto\"><li><strong>Agua embotellada de cortes\u00eda<\/strong> reposici\u00f3n diaria<\/li><li><strong>Servicios de lavander\u00eda y tintorer\u00eda<\/strong> (Entrega disponible en 24 horas)<\/li><li><strong>Consigna de equipaje<\/strong> antes del check-in o despu\u00e9s del check-out<\/li><li><strong>Pol\u00edtica de horas de silencio<\/strong> y ubicaci\u00f3n de las habitaciones que minimiza el ruido (hay habitaciones disponibles que dan al patio)<\/li><\/ul><div class=\"my-2\">\u00a0<\/div><p>Para los hu\u00e9spedes que se recuperan de vuelos largos o del jet lag, ofrecemos <strong>kits de refrigerio<\/strong> con mascarillas para los ojos, t\u00e9 de hierbas y miel local: un peque\u00f1o gesto con un gran impacto.<\/p><div class=\"my-2\">\u00a0<\/div><h3><strong>Sostenibilidad y hospitalidad responsable<\/strong><\/h3><p>Nuestra filosof\u00eda de servicio incluye un compromiso con el planeta. Hemos eliminado los pl\u00e1sticos de un solo uso siempre que ha sido posible, utilizamos sistemas de iluminaci\u00f3n y climatizaci\u00f3n de bajo consumo, adquirimos productos de aseo de proveedores locales con conciencia ecol\u00f3gica y fomentamos programas de reutilizaci\u00f3n de toallas, todo ello sin comprometer la comodidad de nuestros hu\u00e9spedes.<\/p><div class=\"my-2\">\u00a0<\/div><h3><strong>Accesibilidad e inclusi\u00f3n<\/strong><\/h3><p>Aunque nos encontramos en un moderno edificio urbano, nos esforzamos por satisfacer diversas necesidades. Si bien las habitaciones que cumplen con la ADA son limitadas, ofrecemos acceso desde la planta baja, alarmas visuales contra incendios y personal capacitado en servicios inclusivos. Por favor, cont\u00e1ctenos con anticipaci\u00f3n para que podamos adaptar su estancia a sus necesidades.<\/p><div class=\"my-2\">\u00a0<\/div><div class=\"py-2 my-3\"><hr \/><\/div><div class=\"my-2\">\u00a0<\/div><p>En <strong>Hotel OrangeHao<\/strong>El servicio no es un departamento, es nuestra identidad. Basado en el antiguo principio chino de <em>\u201cke ren zhi shang\u201d<\/em> (los hu\u00e9spedes son lo primero), pero entregado con eficiencia contempor\u00e1nea, nuestro enfoque garantiza que cada estad\u00eda se sienta sencilla, personal y profundamente humana.<\/p><div class=\"my-2\">\u00a0<\/div><p>Ya sea que est\u00e9 aqu\u00ed por una noche o una semana, por negocios o por placer, no es solo un hu\u00e9sped: forma parte de nuestra historia. Y nos honra ser parte de la suya.<\/p><div class=\"my-2\">\u00a0<\/div><p data-spm-anchor-id=\"a2ty_o01.29997173.0.i134.47fcc921vt3Wiu\"><em>Experimente la diferencia que marca un servicio atento. Bienvenido al Hotel OrangeHao, donde cada detalle est\u00e1 dise\u00f1ado pensando en usted.<\/em><\/p><\/div>\t\t\t\t\t\t\t\t<\/div>\n\t\t\t\t\t<\/div>\n\t\t\t\t<\/div>\n\t\t\t\t<section class=\"elementor-section elementor-top-section elementor-element elementor-element-35095f99 elementor-section-stretched elementor-section-boxed elementor-section-gap-beside-yes elementor-section-height-default elementor-section-height-default elementor-section-column-vertical-align-stretch\" data-id=\"35095f99\" data-element_type=\"section\" data-e-type=\"section\" data-settings=\"{&quot;background_background&quot;:&quot;classic&quot;,&quot;stretch_section&quot;:&quot;section-stretched&quot;}\">\n\t\t\t\t\t\t<div class=\"elementor-container elementor-column-gap-extended\">\n\t\t\t\t\t<div class=\"elementor-column elementor-col-100 elementor-top-column elementor-element elementor-element-4988cc37\" data-id=\"4988cc37\" data-element_type=\"column\" data-e-type=\"column\">\n\t\t\t<div class=\"elementor-widget-wrap elementor-element-populated\">\n\t\t\t\t\t\t<div class=\"elementor-element elementor-element-35183674 elementor-widget elementor-widget-nuss-heading\" data-id=\"35183674\" data-element_type=\"widget\" data-e-type=\"widget\" data-widget_type=\"nuss-heading.default\">\n\t\t\t\t<div class=\"elementor-widget-container\">\n\t\t\t\t\t\t\t<div class=\"nuss-modern-heading\">\r\n\t\t\t\t\t\t<div class=\"heading-secondary-wrap\">\r\n\t\t\t\t<h3 class=\"heading-secondary elementor-heading-title\">Consultar disponibilidad <\/h3>\t\t\t<\/div>\r\n\t\t\r\n\t\t\t\r\n\t\t\t\r\n\t\t\t\t\t<\/div>\r\n\t\t\t\t\t<\/div>\n\t\t\t\t<\/div>\n\t\t\t\t<div class=\"elementor-element elementor-element-2490794b elementor-widget elementor-widget-text-editor\" data-id=\"2490794b\" data-element_type=\"widget\" data-e-type=\"widget\" data-widget_type=\"text-editor.default\">\n\t\t\t\t\t\t\t\t\t<iframe border=\"0\" src=\"https:\/\/www.trip.com\/partners\/ad\/S5783395?Allianceid=4590391&#038;SID=263897943&#038;trip_sub1=\" style=\"width:900px;height:200px\" frameborder=\"0\" scrolling=\"no\" id=\"S5783395\"><\/iframe>\t\t\t\t\t\t\t\t<\/div>\n\t\t\t\t\t<\/div>\n\t\t<\/div>\n\t\t\t\t\t<\/div>\n\t\t<\/section>\n\t\t\t\t<\/div>","protected":false},"excerpt":{"rendered":"<p>Exceptional Service, Thoughtfully Delivered: The OrangeHao Hotel Experience in the Heart of Xi\u2019an At OrangeHao Hotel, located at No.16 Huancheng South Road, Beilin District, Xi\u2019an, Shaanxi 710000, China, we believe that true hospitality lies not just in where you stay\u2014but in how you\u2019re cared for. From the moment you consider booking to the time you [&hellip;]<\/p>\n","protected":false},"author":1,"featured_media":0,"parent":0,"menu_order":0,"comment_status":"closed","ping_status":"closed","template":"","meta":{"footnotes":""},"class_list":["post-647","page","type-page","status-publish","hentry","post-no-thumbnail"],"_links":{"self":[{"href":"https:\/\/orangehaohotel.com\/es\/wp-json\/wp\/v2\/pages\/647","targetHints":{"allow":["GET"]}}],"collection":[{"href":"https:\/\/orangehaohotel.com\/es\/wp-json\/wp\/v2\/pages"}],"about":[{"href":"https:\/\/orangehaohotel.com\/es\/wp-json\/wp\/v2\/types\/page"}],"author":[{"embeddable":true,"href":"https:\/\/orangehaohotel.com\/es\/wp-json\/wp\/v2\/users\/1"}],"replies":[{"embeddable":true,"href":"https:\/\/orangehaohotel.com\/es\/wp-json\/wp\/v2\/comments?post=647"}],"version-history":[{"count":0,"href":"https:\/\/orangehaohotel.com\/es\/wp-json\/wp\/v2\/pages\/647\/revisions"}],"wp:attachment":[{"href":"https:\/\/orangehaohotel.com\/es\/wp-json\/wp\/v2\/media?parent=647"}],"curies":[{"name":"wp","href":"https:\/\/api.w.org\/{rel}","templated":true}]}}