{"id":2106,"date":"2021-03-25T04:08:26","date_gmt":"2021-03-25T04:08:26","guid":{"rendered":"http:\/\/localhost\/nuss\/?page_id=298"},"modified":"2025-10-07T13:51:56","modified_gmt":"2025-10-07T13:51:56","slug":"experiences","status":"publish","type":"page","link":"https:\/\/orangehaohotel.com\/fr\/experiences\/","title":{"rendered":"Exp\u00e9riences et avis clients"},"content":{"rendered":"<div data-elementor-type=\"wp-page\" data-elementor-id=\"2106\" class=\"elementor elementor-2106\">\n\t\t\t\t\t\t<section class=\"elementor-section elementor-top-section elementor-element elementor-element-1954ffc elementor-section-boxed elementor-section-gap-beside-yes elementor-section-height-default elementor-section-height-default elementor-section-column-vertical-align-stretch\" data-id=\"1954ffc\" data-element_type=\"section\" data-e-type=\"section\">\n\t\t\t\t\t\t<div class=\"elementor-container elementor-column-gap-extended\">\n\t\t\t\t\t<div class=\"elementor-column elementor-col-100 elementor-top-column elementor-element elementor-element-86aebc5\" data-id=\"86aebc5\" data-element_type=\"column\" data-e-type=\"column\">\n\t\t\t<div class=\"elementor-widget-wrap elementor-element-populated\">\n\t\t\t\t\t\t<div class=\"elementor-element elementor-element-11803d1 elementor-widget__width-initial elementor-invisible elementor-widget elementor-widget-text-editor\" data-id=\"11803d1\" data-element_type=\"widget\" data-e-type=\"widget\" data-settings=\"{&quot;_animation&quot;:&quot;nussFadeInUp&quot;}\" data-widget_type=\"text-editor.default\">\n\t\t\t\t\t\t\t\t\t<div class=\"svelte-1c06zsf\" data-lang-code=\"\"><p><strong data-spm-anchor-id=\"a2ty_o01.29997173.0.i108.47fcc921vt3Wiu\">Pourquoi les voyageurs adorent l&#039;h\u00f4tel OrangeHao \u00e0 Xi&#039;an\u00a0: t\u00e9moignages de clients et avis sinc\u00e8res de Trip.com<\/strong><\/p><\/div>\t\t\t\t\t\t\t\t<\/div>\n\t\t\t\t\t<\/div>\n\t\t<\/div>\n\t\t\t\t\t<\/div>\n\t\t<\/section>\n\t\t<div class=\"elementor-element elementor-element-95e7268 e-flex e-con-boxed e-con e-parent\" data-id=\"95e7268\" data-element_type=\"container\" data-e-type=\"container\">\n\t\t\t\t\t<div class=\"e-con-inner\">\n\t\t\t\t<div class=\"elementor-element elementor-element-bd47571 elementor-widget elementor-widget-image\" data-id=\"bd47571\" data-element_type=\"widget\" data-e-type=\"widget\" data-widget_type=\"image.default\">\n\t\t\t\t\t\t\t\t\t\t\t\t\t\t\t\t<a href=\"https:\/\/www.trip.com\/t\/GCEdZzWmlR2\" target=\"_blank\" rel=\"noopener\">\n\t\t\t\t\t\t\t<img fetchpriority=\"high\" decoding=\"async\" width=\"1024\" height=\"390\" src=\"https:\/\/orangehaohotel.com\/wp-content\/uploads\/2025\/10\/reviews-1024x390.jpg\" class=\"attachment-large size-large wp-image-7323\" alt=\"\" srcset=\"https:\/\/orangehaohotel.com\/wp-content\/uploads\/2025\/10\/reviews-1024x390.jpg 1024w, https:\/\/orangehaohotel.com\/wp-content\/uploads\/2025\/10\/reviews-300x114.jpg 300w, https:\/\/orangehaohotel.com\/wp-content\/uploads\/2025\/10\/reviews-768x293.jpg 768w, https:\/\/orangehaohotel.com\/wp-content\/uploads\/2025\/10\/reviews-1536x585.jpg 1536w, https:\/\/orangehaohotel.com\/wp-content\/uploads\/2025\/10\/reviews-18x7.jpg 18w, https:\/\/orangehaohotel.com\/wp-content\/uploads\/2025\/10\/reviews.jpg 1704w\" sizes=\"(max-width: 1024px) 100vw, 1024px\" \/>\t\t\t\t\t\t\t\t<\/a>\n\t\t\t\t\t\t\t\t\t\t\t\t\t\t\t<\/div>\n\t\t\t\t\t<\/div>\n\t\t\t\t<\/div>\n\t\t<div class=\"elementor-element elementor-element-3e39171 e-flex e-con-boxed e-con e-parent\" data-id=\"3e39171\" data-element_type=\"container\" data-e-type=\"container\">\n\t\t\t\t\t<div class=\"e-con-inner\">\n\t\t\t\t<div class=\"elementor-element elementor-element-7761d0c elementor-widget elementor-widget-text-editor\" data-id=\"7761d0c\" data-element_type=\"widget\" data-e-type=\"widget\" data-widget_type=\"text-editor.default\">\n\t\t\t\t\t\t\t\t\t<p>Lorsque vous planifiez un voyage dans l&#039;une des villes les plus riches en histoire et en culture de Chine, choisir le bon h\u00e9bergement peut faire toute la diff\u00e9rence. Nich\u00e9 dans le quartier anim\u00e9 <strong>District de Beilin<\/strong> \u00e0 <strong>No. 16, route sud de Huancheng, Xi&#039;an, Shaanxi 710000<\/strong>, <strong>H\u00f4tel OrangeHao<\/strong> est rapidement devenu un favori des voyageurs exigeants, et pour cause. S&#039;appuyant sur les avis clients v\u00e9rifi\u00e9s sur <strong>Trip.com<\/strong> (ID de l&#039;h\u00f4tel : 2352601), cette retraite urbaine de charme re\u00e7oit r\u00e9guli\u00e8rement des \u00e9loges pour son <strong>chambres impeccables, service exceptionnel, emplacement imbattable<\/strong>, et <strong>charme local authentique<\/strong>.<\/p><h3 data-spm-anchor-id=\"a2ty_o01.29997173.0.i109.47fcc921vt3Wiu\">Toujours parmi les mieux not\u00e9s pour la propret\u00e9 et le confort<\/h3><p>\u00c0 maintes reprises, les invit\u00e9s soulignent la <strong>propret\u00e9 irr\u00e9prochable<\/strong> L&#039;h\u00f4tel OrangeHao a \u00e9t\u00e9 un atout majeur. \u00ab La chambre \u00e9tait impeccable\u00a0: draps propres, salle de bain \u00e9tincelante et aucune poussi\u00e8re \u00bb, a \u00e9crit un voyageur de Guangzhou. D&#039;autres ont soulign\u00e9 <strong>design moderne et minimaliste<\/strong> alliant confort contemporain et subtils clins d&#039;\u0153il au patrimoine de Xi&#039;an, il cr\u00e9e une atmosph\u00e8re apaisante apr\u00e8s une journ\u00e9e de d\u00e9couverte. Les lits, souvent d\u00e9crits comme \u00ab\u00a0tr\u00e8s confortables\u00a0\u00bb et \u00ab\u00a0parfaits pour une bonne nuit de sommeil\u00a0\u00bb, sont un th\u00e8me r\u00e9current dans les avis 5 \u00e9toiles. Nombre de clients appr\u00e9cient la literie haut de gamme et les fen\u00eatres insonoris\u00e9es qui garantissent un calme r\u00e9parateur malgr\u00e9 la situation centrale.<\/p><h3>Emplacement privil\u00e9gi\u00e9 : \u00e0 quelques pas des plus grands tr\u00e9sors de Xi&#039;an<\/h3><p>L\u2019un des aspects les plus c\u00e9l\u00e8bres de l\u2019h\u00f4tel OrangeHao est son <strong>proximit\u00e9 imbattable des principales attractions<\/strong>. Situ\u00e9 \u00e0 seulement quelques <strong>\u00c0 5 minutes \u00e0 pied de la porte sud des remparts de la vieille ville de Xi&#039;an<\/strong>, les invit\u00e9s peuvent facilement acc\u00e9der au <strong>Clocher<\/strong>, <strong>Tour du Tambour<\/strong>, <strong>Quartier musulman<\/strong>, et <strong>Mus\u00e9e Beilin<\/strong>\u2014 le tout \u00e0 15 minutes \u00e0 pied. \u00ab Nous avons tout fait \u00e0 pied ! L&#039;emplacement de l&#039;h\u00f4tel nous a fait gagner du temps et \u00e9conomiser sur les frais de taxi \u00bb, a confi\u00e9 une famille de Shanghai. Les voyageurs d&#039;affaires appr\u00e9cient \u00e9galement la facilit\u00e9 d&#039;acc\u00e8s aux bureaux du centre-ville et aux transports en commun, avec <strong>Gare de Xi&#039;an<\/strong> et <strong>lignes de m\u00e9tro<\/strong> \u00e0 quelques minutes en voiture.<\/p><h3>Un service chaleureux et attentionn\u00e9 qui va au-del\u00e0<\/h3><p>Les clients d\u00e9crivent syst\u00e9matiquement le personnel comme <strong>amical, serviable et vraiment hospitalier<\/strong>. De la part de l&#039;\u00e9quipe de la r\u00e9ception offrant <strong>conseils touristiques personnalis\u00e9s<\/strong> Du m\u00e9nage quotidien \u00e0 la fra\u00eecheur des chambres, le service de l&#039;h\u00f4tel OrangeHao laisse une impression durable. \u00ab\u00a0La r\u00e9ceptionniste nous a aid\u00e9s \u00e0 r\u00e9server des billets pour les guerriers de terre cuite et nous a m\u00eame dessin\u00e9 un plan pour un restaurant de nouilles local cach\u00e9\u00a0!\u00a0\u00bb s&#039;est exclam\u00e9 un couple canadien. Le service multilingue (dont l&#039;anglais et le mandarin) am\u00e9liore encore l&#039;exp\u00e9rience des visiteurs internationaux.<\/p><h3>Excellent rapport qualit\u00e9-prix avec des \u00e9quipements bien pens\u00e9s<\/h3><p>Les critiques mentionnent fr\u00e9quemment les <strong>excellent rapport qualit\u00e9\/prix<\/strong>Malgr\u00e9 son emplacement central et ses standards \u00e9lev\u00e9s, l&#039;h\u00f4tel OrangeHao propose des tarifs comp\u00e9titifs. <strong>Wi-Fi haut d\u00e9bit<\/strong>, des t\u00e9l\u00e9viseurs intelligents, des articles de toilette de qualit\u00e9 et un <strong>d\u00e9licieux petit-d\u00e9jeuner<\/strong> mettant en vedette des sp\u00e9cialit\u00e9s locales du Shaanxi (comme des plats sal\u00e9s) <em>Hulutou<\/em> Le porridge et les petits pains vapeur apportent une valeur ajout\u00e9e significative. De nombreux clients ont indiqu\u00e9 avoir obtenu \u00ab bien plus que pr\u00e9vu pour le prix \u00bb.<\/p><h3>Notes mineures, satisfaction majeure<\/h3><p>Si la grande majorit\u00e9 des avis sont \u00e9logieux, quelques clients ont mentionn\u00e9 des probl\u00e8mes urbains typiques, comme le bruit de la rue aux heures de pointe (bien que la plupart des chambres donnent sur des cours int\u00e9rieures calmes) ou le nombre limit\u00e9 de places de stationnement (fr\u00e9quent dans le centre de Xi&#039;an). Cependant, ces points mineurs nuisent rarement \u00e0 la satisfaction g\u00e9n\u00e9rale, <strong>plus de 90% d&#039;\u00e9valuateurs Trip.com attribuant 9,5 \u00e0 10\u00a0<\/strong>.<\/p><h3>Le verdict\u00a0: un choix de confiance pour les voyageurs modernes<\/h3><p>Bas\u00e9 sur des exp\u00e9riences r\u00e9elles de clients, <strong>H\u00f4tel OrangeHao<\/strong> ce n&#039;est pas seulement un endroit o\u00f9 dormir, c&#039;est un <strong>une porte d&#039;entr\u00e9e soigneusement organis\u00e9e vers Xi&#039;an<\/strong>Que vous soyez un explorateur solitaire, un couple en escapade culturelle, une famille d\u00e9couvrant la Chine ancienne ou un voyageur d&#039;affaires ayant besoin d&#039;un confort fiable, cet h\u00f4tel tient sa promesse : <strong>confort moderne, hospitalit\u00e9 authentique et un emplacement qui met l&#039;\u00e2me de Xi&#039;an \u00e0 votre porte<\/strong>.<\/p><p data-spm-anchor-id=\"a2ty_o01.29997173.0.i111.47fcc921vt3Wiu\"><strong>Pr\u00eat \u00e0 d\u00e9couvrir Xi&#039;an comme un local ?<\/strong> V\u00e9rifiez la disponibilit\u00e9 et r\u00e9servez votre s\u00e9jour \u00e0 l&#039;OrangeHao Hotel, o\u00f9 chaque avis raconte une histoire de confort, de commodit\u00e9 et de connexion.<\/p>\t\t\t\t\t\t\t\t<\/div>\n\t\t\t\t\t<\/div>\n\t\t\t\t<\/div>\n\t\t\t\t<section class=\"elementor-section elementor-top-section elementor-element elementor-element-1d2888c9 elementor-section-stretched elementor-section-boxed elementor-section-gap-beside-yes elementor-section-height-default elementor-section-height-default elementor-section-column-vertical-align-stretch\" data-id=\"1d2888c9\" data-element_type=\"section\" data-e-type=\"section\" data-settings=\"{&quot;background_background&quot;:&quot;classic&quot;,&quot;stretch_section&quot;:&quot;section-stretched&quot;}\">\n\t\t\t\t\t\t<div class=\"elementor-container elementor-column-gap-extended\">\n\t\t\t\t\t<div class=\"elementor-column elementor-col-100 elementor-top-column elementor-element elementor-element-23c2b575\" data-id=\"23c2b575\" data-element_type=\"column\" data-e-type=\"column\">\n\t\t\t<div class=\"elementor-widget-wrap elementor-element-populated\">\n\t\t\t\t\t\t<div class=\"elementor-element elementor-element-7337f138 elementor-widget elementor-widget-nuss-heading\" data-id=\"7337f138\" data-element_type=\"widget\" data-e-type=\"widget\" data-widget_type=\"nuss-heading.default\">\n\t\t\t\t<div class=\"elementor-widget-container\">\n\t\t\t\t\t\t\t<div class=\"nuss-modern-heading\">\r\n\t\t\t\t\t\t<div class=\"heading-secondary-wrap\">\r\n\t\t\t\t<h3 class=\"heading-secondary elementor-heading-title\">Ch\u00e8que disponible <\/h3>\t\t\t<\/div>\r\n\t\t\r\n\t\t\t\r\n\t\t\t\r\n\t\t\t\t\t<\/div>\r\n\t\t\t\t\t<\/div>\n\t\t\t\t<\/div>\n\t\t\t\t<div class=\"elementor-element elementor-element-6dc1d42 elementor-widget elementor-widget-text-editor\" data-id=\"6dc1d42\" data-element_type=\"widget\" data-e-type=\"widget\" data-widget_type=\"text-editor.default\">\n\t\t\t\t\t\t\t\t\t<iframe border=\"0\" src=\"https:\/\/www.trip.com\/partners\/ad\/S5783395?Allianceid=4590391&#038;SID=263897943&#038;trip_sub1=\" style=\"width:900px;height:200px\" frameborder=\"0\" scrolling=\"no\" id=\"S5783395\"><\/iframe>\t\t\t\t\t\t\t\t<\/div>\n\t\t\t\t\t<\/div>\n\t\t<\/div>\n\t\t\t\t\t<\/div>\n\t\t<\/section>\n\t\t\t\t<\/div>","protected":false},"excerpt":{"rendered":"<p>Why Travelers Love OrangeHao Hotel in Xi\u2019an: Real Guest Experiences &amp; Honest Reviews from Trip.com When planning a trip to one of China\u2019s most historic and culturally rich cities, choosing the right place to stay can make all the difference. Nestled in the vibrant Beilin District at No.16 Huancheng South Road, Xi\u2019an, Shaanxi 710000, OrangeHao [&hellip;]<\/p>\n","protected":false},"author":1,"featured_media":0,"parent":0,"menu_order":0,"comment_status":"closed","ping_status":"closed","template":"","meta":{"footnotes":""},"class_list":["post-2106","page","type-page","status-publish","hentry","post-no-thumbnail"],"_links":{"self":[{"href":"https:\/\/orangehaohotel.com\/fr\/wp-json\/wp\/v2\/pages\/2106","targetHints":{"allow":["GET"]}}],"collection":[{"href":"https:\/\/orangehaohotel.com\/fr\/wp-json\/wp\/v2\/pages"}],"about":[{"href":"https:\/\/orangehaohotel.com\/fr\/wp-json\/wp\/v2\/types\/page"}],"author":[{"embeddable":true,"href":"https:\/\/orangehaohotel.com\/fr\/wp-json\/wp\/v2\/users\/1"}],"replies":[{"embeddable":true,"href":"https:\/\/orangehaohotel.com\/fr\/wp-json\/wp\/v2\/comments?post=2106"}],"version-history":[{"count":0,"href":"https:\/\/orangehaohotel.com\/fr\/wp-json\/wp\/v2\/pages\/2106\/revisions"}],"wp:attachment":[{"href":"https:\/\/orangehaohotel.com\/fr\/wp-json\/wp\/v2\/media?parent=2106"}],"curies":[{"name":"wp","href":"https:\/\/api.w.org\/{rel}","templated":true}]}}