{"id":612,"date":"2021-03-26T10:04:13","date_gmt":"2021-03-26T10:04:13","guid":{"rendered":"http:\/\/localhost\/nuss\/?page_id=612"},"modified":"2025-10-07T14:05:09","modified_gmt":"2025-10-07T14:05:09","slug":"restaurant","status":"publish","type":"page","link":"https:\/\/orangehaohotel.com\/fr\/restaurant\/","title":{"rendered":"Restaurant"},"content":{"rendered":"<div data-elementor-type=\"wp-page\" data-elementor-id=\"612\" class=\"elementor elementor-612\">\n\t\t\t\t\t\t<section class=\"elementor-section elementor-top-section elementor-element elementor-element-e2effe8 elementor-section-boxed elementor-section-gap-beside-yes elementor-section-height-default elementor-section-height-default elementor-section-column-vertical-align-stretch\" data-id=\"e2effe8\" data-element_type=\"section\" data-e-type=\"section\">\n\t\t\t\t\t\t<div class=\"elementor-container elementor-column-gap-extended\">\n\t\t\t\t\t<div class=\"elementor-column elementor-col-100 elementor-top-column elementor-element elementor-element-e18f688\" data-id=\"e18f688\" data-element_type=\"column\" data-e-type=\"column\">\n\t\t\t<div class=\"elementor-widget-wrap elementor-element-populated\">\n\t\t\t\t\t\t<div class=\"elementor-element elementor-element-6db146d elementor-widget__width-initial elementor-invisible elementor-widget elementor-widget-text-editor\" data-id=\"6db146d\" data-element_type=\"widget\" data-e-type=\"widget\" data-settings=\"{&quot;_animation&quot;:&quot;nussFadeInUp&quot;}\" data-widget_type=\"text-editor.default\">\n\t\t\t\t\t\t\t\t\t<div class=\"svelte-1c06zsf\" data-lang-code=\"\"><p><strong data-spm-anchor-id=\"a2ty_o01.29997173.0.i125.47fcc921vt3Wiu\">Savourez l&#039;\u00e2me du Shaanxi\u00a0: d\u00eener authentique au restaurant de l&#039;h\u00f4tel OrangeHao, au c\u0153ur de Xi&#039;an<\/strong><\/p><\/div>\t\t\t\t\t\t\t\t<\/div>\n\t\t\t\t\t<\/div>\n\t\t<\/div>\n\t\t\t\t\t<\/div>\n\t\t<\/section>\n\t\t<div class=\"elementor-element elementor-element-764955e e-flex e-con-boxed e-con e-parent\" data-id=\"764955e\" data-element_type=\"container\" data-e-type=\"container\">\n\t\t\t\t\t<div class=\"e-con-inner\">\n\t\t<div class=\"elementor-element elementor-element-3a71d84 e-con-full e-flex e-con e-child\" data-id=\"3a71d84\" data-element_type=\"container\" data-e-type=\"container\">\n\t\t\t\t<div class=\"elementor-element elementor-element-81a00fb elementor-widget elementor-widget-text-editor\" data-id=\"81a00fb\" data-element_type=\"widget\" data-e-type=\"widget\" data-widget_type=\"text-editor.default\">\n\t\t\t\t\t\t\t\t\t<p>Entrez dans le <strong>H\u00f4tel-restaurant OrangeHao<\/strong>\u2014un sanctuaire culinaire o\u00f9 les saveurs audacieuses et aromatiques de <strong>La cuisine du Shaanxi<\/strong> Prenez vie dans un cadre alliant \u00e9l\u00e9gance contemporaine et riche patrimoine de l&#039;une des plus anciennes villes de Chine. Id\u00e9alement situ\u00e9 au c\u0153ur de <strong>H\u00f4tel OrangeHao, n\u00b016, route sud de Huancheng, district de Beilin, Xi&#039;an, Shaanxi 710000<\/strong>, notre restaurant sur place offre aux clients de l&#039;h\u00f4tel et aux amateurs de cuisine locale un voyage gastronomique inoubliable au c\u0153ur du nord-ouest de la Chine, sans jamais quitter le confort de notre retraite urbaine.<\/p>\t\t\t\t\t\t\t\t<\/div>\n\t\t\t\t<\/div>\n\t\t<div class=\"elementor-element elementor-element-bb76a06 e-con-full e-flex e-con e-child\" data-id=\"bb76a06\" data-element_type=\"container\" data-e-type=\"container\">\n\t\t\t\t<div class=\"elementor-element elementor-element-636ac5f elementor-widget elementor-widget-image\" data-id=\"636ac5f\" data-element_type=\"widget\" data-e-type=\"widget\" data-widget_type=\"image.default\">\n\t\t\t\t\t\t\t\t\t\t\t\t\t\t\t<img fetchpriority=\"high\" decoding=\"async\" width=\"1024\" height=\"682\" src=\"https:\/\/orangehaohotel.com\/wp-content\/uploads\/2025\/10\/OrangeHao-Hotel-80-1024x682.webp\" class=\"attachment-large size-large wp-image-7220\" alt=\"\" srcset=\"https:\/\/orangehaohotel.com\/wp-content\/uploads\/2025\/10\/OrangeHao-Hotel-80-1024x682.webp 1024w, https:\/\/orangehaohotel.com\/wp-content\/uploads\/2025\/10\/OrangeHao-Hotel-80-300x200.webp 300w, https:\/\/orangehaohotel.com\/wp-content\/uploads\/2025\/10\/OrangeHao-Hotel-80-768x512.webp 768w, https:\/\/orangehaohotel.com\/wp-content\/uploads\/2025\/10\/OrangeHao-Hotel-80-18x12.webp 18w, https:\/\/orangehaohotel.com\/wp-content\/uploads\/2025\/10\/OrangeHao-Hotel-80.webp 1280w\" sizes=\"(max-width: 1024px) 100vw, 1024px\" \/>\t\t\t\t\t\t\t\t\t\t\t\t\t\t\t<\/div>\n\t\t\t\t<\/div>\n\t\t\t\t\t<\/div>\n\t\t\t\t<\/div>\n\t\t<div class=\"elementor-element elementor-element-d05381b e-flex e-con-boxed e-con e-parent\" data-id=\"d05381b\" data-element_type=\"container\" data-e-type=\"container\">\n\t\t\t\t\t<div class=\"e-con-inner\">\n\t\t\t\t<div class=\"elementor-element elementor-element-53bd849 elementor-widget elementor-widget-text-editor\" data-id=\"53bd849\" data-element_type=\"widget\" data-e-type=\"widget\" data-widget_type=\"text-editor.default\">\n\t\t\t\t\t\t\t\t\t<p data-spm-anchor-id=\"a2ty_o01.29997173.0.i127.47fcc921vt3Wiu\">Nich\u00e9 \u00e0 quelques minutes de l&#039;embl\u00e9matique Xi&#039;an <strong>Remparts de la ville antique<\/strong>, <strong>Clocher<\/strong>, et l&#039;animation <strong>Quartier musulman<\/strong>Notre restaurant est bien plus qu&#039;un simple lieu de restauration\u00a0: c&#039;est une c\u00e9l\u00e9bration soign\u00e9e des traditions locales, des ingr\u00e9dients de saison et des techniques ancestrales transmises de g\u00e9n\u00e9ration en g\u00e9n\u00e9ration. <strong>nouilles biangbiang tir\u00e9es \u00e0 la main<\/strong>\u2014large, moelleux et tremp\u00e9 dans l&#039;huile de piment et l&#039;ail\u2014au succulent, brais\u00e9 lentement <strong>agneau roujiamo<\/strong> (souvent appel\u00e9s \u00ab hamburgers chinois \u00bb), chaque plat est con\u00e7u pour honorer la solide identit\u00e9 culinaire du Shaanxi tout en r\u00e9pondant aux attentes modernes en mati\u00e8re de fra\u00eecheur, de pr\u00e9sentation et de qualit\u00e9.<\/p><div class=\"my-2\">\u00a0<\/div><p>Nos chefs s&#039;approvisionnent quotidiennement en ingr\u00e9dients aupr\u00e8s de march\u00e9s locaux de confiance, garantissant ainsi une saveur et une authenticit\u00e9 optimales. Nos sp\u00e9cialit\u00e9s comprennent\u00a0: <strong>Yangrou Paomo<\/strong> (pain plat \u00e9miett\u00e9 dans un rago\u00fbt d&#039;agneau parfum\u00e9), <strong>Nouilles Qishan Saocai<\/strong> avec des l\u00e9gumes acidul\u00e9s en conserve et d\u00e9licats <strong>boulettes cuites \u00e0 la vapeur<\/strong> Garnies de porc et de ciboulette, chaque assiette t\u00e9moigne du r\u00f4le de Xi&#039;an en tant que carrefour historique de la route de la soie, o\u00f9 les \u00e9pices d&#039;Asie centrale ont rencontr\u00e9 l&#039;art culinaire chinois.<\/p><div class=\"my-2\">\u00a0<\/div><p>Con\u00e7u dans un souci de chaleur et de confort, le restaurant propose <strong>\u00e9clairage d&#039;ambiance doux<\/strong>, une d\u00e9coration minimaliste inspir\u00e9e de l&#039;esth\u00e9tique de la dynastie Tang, et des baies vitr\u00e9es qui baignent l&#039;espace de lumi\u00e8re naturelle le jour et offrent une vue sur la paisible cour int\u00e9rieure la nuit. Que vous savouriez un petit-d\u00e9jeuner tranquille ou <strong>congee au lait, youtiao (b\u00e2tonnets de p\u00e2te frits) et baozi cuits \u00e0 la vapeur<\/strong>, un d\u00e9jeuner d&#039;affaires entre coll\u00e8gues ou un d\u00eener romantique apr\u00e8s avoir explor\u00e9 les merveilles antiques de la ville, l&#039;atmosph\u00e8re atteint l&#039;\u00e9quilibre parfait entre sophistication et facilit\u00e9.<\/p><div class=\"my-2\">\u00a0<\/div><p>Le petit-d\u00e9jeuner est un moment fort pour de nombreux clients, avec un <strong>buffet soigneusement organis\u00e9<\/strong> qui m\u00e9lange les produits locaux de base avec les favoris internationaux - pensez aux p\u00e2tisseries fra\u00eechement cuites aux c\u00f4t\u00e9s de plats sal\u00e9s <strong>bouillie de hulutou<\/strong>, fruits de saison et \u0153ufs pr\u00e9par\u00e9s \u00e0 la commande. Pour le d\u00eener, le menu \u00e0 la carte invite \u00e0 la d\u00e9couverte, avec des options v\u00e9g\u00e9tariennes, sans gluten et avec des \u00e9pices ajustables disponibles sur demande. Et pour accompagner votre repas\u00a0? Une s\u00e9lection de <strong>th\u00e9s chinois<\/strong>, des bi\u00e8res artisanales locales et des infusions sans alcool infus\u00e9es aux baies de goji, au chrysanth\u00e8me ou \u00e0 l&#039;aub\u00e9pine, id\u00e9ales pour la digestion et la relaxation.<\/p><div class=\"my-2\">\u00a0<\/div><p>Id\u00e9alement ouvert pour <strong>petit-d\u00e9jeuner, d\u00e9jeuner et d\u00eener<\/strong>, le restaurant de l&#039;h\u00f4tel OrangeHao est exclusivement accessible aux clients de l&#039;h\u00f4tel et aux clients sans rendez-vous \u00e0 la recherche d&#039;une exp\u00e9rience culinaire authentique et raffin\u00e9e \u00e0 Xi&#039;an. <strong>Wi-Fi haut d\u00e9bit gratuit<\/strong>, un service bilingue attentionn\u00e9 et un emplacement \u00e0 quelques pas des principales attractions de la ville, c&#039;est l&#039;endroit id\u00e9al pour faire le plein, se reconnecter et red\u00e9couvrir les saveurs qui d\u00e9finissent cette r\u00e9gion l\u00e9gendaire.<\/p><div class=\"my-2\">\u00a0<\/div><p>Que vous soyez un visiteur novice curieux de l&#039;h\u00e9ritage des nouilles du Shaanxi ou un voyageur de retour en qu\u00eate du go\u00fbt de la maison, notre restaurant promet plus qu&#039;un repas : il offre une <strong>d\u00e9licieuse porte d&#039;entr\u00e9e vers l&#039;\u00e2me culturelle de Xi&#039;an<\/strong>.<\/p><div class=\"my-2\">\u00a0<\/div><p data-spm-anchor-id=\"a2ty_o01.29997173.0.i129.47fcc921vt3Wiu\"><strong>D\u00eenez sur place. Savourez la tradition. Sentez-vous comme chez vous.<\/strong><br \/><em data-spm-anchor-id=\"a2ty_o01.29997173.0.i128.47fcc921vt3Wiu\">Ouvert tous les jours | Situ\u00e9 \u00e0 l&#039;int\u00e9rieur de l&#039;h\u00f4tel OrangeHao, No.16 Huancheng South Road, Beilin District, Xi&#039;an, Shaanxi 710000, Chine.<\/em><\/p>\t\t\t\t\t\t\t\t<\/div>\n\t\t\t\t\t<\/div>\n\t\t\t\t<\/div>\n\t\t\t\t<section class=\"elementor-section elementor-top-section elementor-element elementor-element-2aaa09d1 elementor-section-stretched elementor-section-boxed elementor-section-gap-beside-yes elementor-section-height-default elementor-section-height-default elementor-section-column-vertical-align-stretch\" data-id=\"2aaa09d1\" data-element_type=\"section\" data-e-type=\"section\" data-settings=\"{&quot;background_background&quot;:&quot;classic&quot;,&quot;stretch_section&quot;:&quot;section-stretched&quot;}\">\n\t\t\t\t\t\t<div class=\"elementor-container elementor-column-gap-extended\">\n\t\t\t\t\t<div class=\"elementor-column elementor-col-100 elementor-top-column elementor-element elementor-element-e755ed6\" data-id=\"e755ed6\" data-element_type=\"column\" data-e-type=\"column\">\n\t\t\t<div class=\"elementor-widget-wrap elementor-element-populated\">\n\t\t\t\t\t\t<div class=\"elementor-element elementor-element-77beed0e elementor-widget elementor-widget-nuss-heading\" data-id=\"77beed0e\" data-element_type=\"widget\" data-e-type=\"widget\" data-widget_type=\"nuss-heading.default\">\n\t\t\t\t<div class=\"elementor-widget-container\">\n\t\t\t\t\t\t\t<div class=\"nuss-modern-heading\">\r\n\t\t\t\t\t\t<div class=\"heading-secondary-wrap\">\r\n\t\t\t\t<h3 class=\"heading-secondary elementor-heading-title\">Ch\u00e8que disponible <\/h3>\t\t\t<\/div>\r\n\t\t\r\n\t\t\t\r\n\t\t\t\r\n\t\t\t\t\t<\/div>\r\n\t\t\t\t\t<\/div>\n\t\t\t\t<\/div>\n\t\t\t\t<div class=\"elementor-element elementor-element-e1e6775 elementor-widget elementor-widget-text-editor\" data-id=\"e1e6775\" data-element_type=\"widget\" data-e-type=\"widget\" data-widget_type=\"text-editor.default\">\n\t\t\t\t\t\t\t\t\t<iframe border=\"0\" src=\"https:\/\/www.trip.com\/partners\/ad\/S5783395?Allianceid=4590391&#038;SID=263897943&#038;trip_sub1=\" style=\"width:900px;height:200px\" frameborder=\"0\" scrolling=\"no\" id=\"S5783395\"><\/iframe>\t\t\t\t\t\t\t\t<\/div>\n\t\t\t\t\t<\/div>\n\t\t<\/div>\n\t\t\t\t\t<\/div>\n\t\t<\/section>\n\t\t\t\t<\/div>","protected":false},"excerpt":{"rendered":"<p>Savor the Soul of Shaanxi: Authentic Dining at OrangeHao Hotel\u2019s On-Site Restaurant in the Heart of Xi\u2019an Step into the OrangeHao Hotel Restaurant\u2014a culinary sanctuary where the bold, aromatic flavors of Shaanxi cuisine come alive in a setting that blends contemporary elegance with the rich heritage of one of China\u2019s oldest cities. Conveniently located within [&hellip;]<\/p>\n","protected":false},"author":1,"featured_media":0,"parent":0,"menu_order":0,"comment_status":"closed","ping_status":"closed","template":"","meta":{"footnotes":""},"class_list":["post-612","page","type-page","status-publish","hentry","post-no-thumbnail"],"_links":{"self":[{"href":"https:\/\/orangehaohotel.com\/fr\/wp-json\/wp\/v2\/pages\/612","targetHints":{"allow":["GET"]}}],"collection":[{"href":"https:\/\/orangehaohotel.com\/fr\/wp-json\/wp\/v2\/pages"}],"about":[{"href":"https:\/\/orangehaohotel.com\/fr\/wp-json\/wp\/v2\/types\/page"}],"author":[{"embeddable":true,"href":"https:\/\/orangehaohotel.com\/fr\/wp-json\/wp\/v2\/users\/1"}],"replies":[{"embeddable":true,"href":"https:\/\/orangehaohotel.com\/fr\/wp-json\/wp\/v2\/comments?post=612"}],"version-history":[{"count":0,"href":"https:\/\/orangehaohotel.com\/fr\/wp-json\/wp\/v2\/pages\/612\/revisions"}],"wp:attachment":[{"href":"https:\/\/orangehaohotel.com\/fr\/wp-json\/wp\/v2\/media?parent=612"}],"curies":[{"name":"wp","href":"https:\/\/api.w.org\/{rel}","templated":true}]}}