{"id":647,"date":"2021-03-29T02:13:52","date_gmt":"2021-03-29T02:13:52","guid":{"rendered":"http:\/\/localhost\/nuss\/?page_id=647"},"modified":"2025-10-07T14:25:48","modified_gmt":"2025-10-07T14:25:48","slug":"services","status":"publish","type":"page","link":"https:\/\/orangehaohotel.com\/fr\/services\/","title":{"rendered":"Services"},"content":{"rendered":"<div data-elementor-type=\"wp-page\" data-elementor-id=\"647\" class=\"elementor elementor-647\">\n\t\t\t\t\t\t<section class=\"elementor-section elementor-top-section elementor-element elementor-element-3353bc8 elementor-section-boxed elementor-section-gap-beside-yes elementor-section-height-default elementor-section-height-default elementor-section-column-vertical-align-stretch\" data-id=\"3353bc8\" data-element_type=\"section\" data-e-type=\"section\">\n\t\t\t\t\t\t<div class=\"elementor-container elementor-column-gap-extended\">\n\t\t\t\t\t<div class=\"elementor-column elementor-col-100 elementor-top-column elementor-element elementor-element-0a2bc64\" data-id=\"0a2bc64\" data-element_type=\"column\" data-e-type=\"column\">\n\t\t\t<div class=\"elementor-widget-wrap elementor-element-populated\">\n\t\t\t\t\t\t<div class=\"elementor-element elementor-element-447e3ef elementor-widget__width-initial elementor-invisible elementor-widget elementor-widget-text-editor\" data-id=\"447e3ef\" data-element_type=\"widget\" data-e-type=\"widget\" data-settings=\"{&quot;_animation&quot;:&quot;nussFadeInUp&quot;}\" data-widget_type=\"text-editor.default\">\n\t\t\t\t\t\t\t\t\t<div class=\"svelte-1c06zsf\" data-lang-code=\"\"><p><strong data-spm-anchor-id=\"a2ty_o01.29997173.0.i132.47fcc921vt3Wiu\">Un service exceptionnel, r\u00e9alis\u00e9 avec soin\u00a0: l&#039;exp\u00e9rience de l&#039;h\u00f4tel OrangeHao au c\u0153ur de Xi&#039;an<\/strong><\/p><\/div>\t\t\t\t\t\t\t\t<\/div>\n\t\t\t\t\t<\/div>\n\t\t<\/div>\n\t\t\t\t\t<\/div>\n\t\t<\/section>\n\t\t<div class=\"elementor-element elementor-element-02dd6e2 e-flex e-con-boxed e-con e-parent\" data-id=\"02dd6e2\" data-element_type=\"container\" data-e-type=\"container\">\n\t\t\t\t\t<div class=\"e-con-inner\">\n\t\t\t\t<div class=\"elementor-element elementor-element-72bb240 elementor-widget elementor-widget-nuss-image-gallery\" data-id=\"72bb240\" data-element_type=\"widget\" data-e-type=\"widget\" data-widget_type=\"nuss-image-gallery.default\">\n\t\t\t\t<div class=\"elementor-widget-container\">\n\t\t\t\t\t\t\t<div class=\"nuss-grid-wrapper\" data-grid=\"{&quot;type&quot;:&quot;grid&quot;,&quot;ratio&quot;:null,&quot;columns&quot;:3,&quot;gutter&quot;:30}\">\r\n\t\t\t<div class=\"nuss-grid lazy-grid\">\r\n\t\t\t\t<div class=\"grid-sizer\"><\/div>\r\n\r\n\t\t\t\t\t\t\t\t\t\t\t\t<div class=\"grid-item\">\r\n\t\t\t\t\t\t<div class=\"nuss-box\">\t\t<div class=\"nuss-image image\">\r\n\t\t\t<img decoding=\"async\"  src=\"https:\/\/orangehaohotel.com\/wp-content\/uploads\/2025\/10\/OrangeHao-Hotel-78.webp\" alt=\"H\u00f4tel OrangeHao (78)\" \/>\t\t<\/div>\r\n\t\t\t\t<\/div>\t\t\t\t\t<\/div>\r\n\t\t\t\t\t\t<div class=\"grid-item\">\r\n\t\t\t\t\t\t<div class=\"nuss-box\">\t\t<div class=\"nuss-image image\">\r\n\t\t\t<img decoding=\"async\"  src=\"https:\/\/orangehaohotel.com\/wp-content\/uploads\/2025\/10\/OrangeHao-Hotel-77.webp\" alt=\"H\u00f4tel OrangeHao (77)\" \/>\t\t<\/div>\r\n\t\t\t\t<\/div>\t\t\t\t\t<\/div>\r\n\t\t\t\t\t\t<div class=\"grid-item\">\r\n\t\t\t\t\t\t<div class=\"nuss-box\">\t\t<div class=\"nuss-image image\">\r\n\t\t\t<img decoding=\"async\"  src=\"https:\/\/orangehaohotel.com\/wp-content\/uploads\/2025\/10\/OrangeHao-Hotel-76.webp\" alt=\"H\u00f4tel OrangeHao (76)\" \/>\t\t<\/div>\r\n\t\t\t\t<\/div>\t\t\t\t\t<\/div>\r\n\t\t\t\t\t\t<div class=\"grid-item\">\r\n\t\t\t\t\t\t<div class=\"nuss-box\">\t\t<div class=\"nuss-image image\">\r\n\t\t\t<img decoding=\"async\"  src=\"https:\/\/orangehaohotel.com\/wp-content\/uploads\/2025\/10\/OrangeHao-Hotel-73.webp\" alt=\"H\u00f4tel OrangeHao (73)\" \/>\t\t<\/div>\r\n\t\t\t\t<\/div>\t\t\t\t\t<\/div>\r\n\t\t\t\t\t\t<div class=\"grid-item\">\r\n\t\t\t\t\t\t<div class=\"nuss-box\">\t\t<div class=\"nuss-image image\">\r\n\t\t\t<img decoding=\"async\"  src=\"https:\/\/orangehaohotel.com\/wp-content\/uploads\/2025\/10\/OrangeHao-Hotel-68.webp\" alt=\"H\u00f4tel OrangeHao (68)\" \/>\t\t<\/div>\r\n\t\t\t\t<\/div>\t\t\t\t\t<\/div>\r\n\t\t\t\t\t\t<div class=\"grid-item\">\r\n\t\t\t\t\t\t<div class=\"nuss-box\">\t\t<div class=\"nuss-image image\">\r\n\t\t\t<img decoding=\"async\"  src=\"https:\/\/orangehaohotel.com\/wp-content\/uploads\/2025\/10\/OrangeHao-Hotel-84.webp\" alt=\"H\u00f4tel OrangeHao (84)\" \/>\t\t<\/div>\r\n\t\t\t\t<\/div>\t\t\t\t\t<\/div>\r\n\t\t\t\t\t\t<div class=\"grid-item\">\r\n\t\t\t\t\t\t<div class=\"nuss-box\">\t\t<div class=\"nuss-image image\">\r\n\t\t\t<img decoding=\"async\"  src=\"https:\/\/orangehaohotel.com\/wp-content\/uploads\/2025\/10\/OrangeHao-Hotel-85.webp\" alt=\"H\u00f4tel OrangeHao (85)\" \/>\t\t<\/div>\r\n\t\t\t\t<\/div>\t\t\t\t\t<\/div>\r\n\t\t\t\t\t\t<div class=\"grid-item\">\r\n\t\t\t\t\t\t<div class=\"nuss-box\">\t\t<div class=\"nuss-image image\">\r\n\t\t\t<img decoding=\"async\"  src=\"https:\/\/orangehaohotel.com\/wp-content\/uploads\/2025\/10\/OrangeHao-Hotel-34.webp\" alt=\"H\u00f4tel OrangeHao (34)\" \/>\t\t<\/div>\r\n\t\t\t\t<\/div>\t\t\t\t\t<\/div>\r\n\t\t\t\t\t\t<div class=\"grid-item\">\r\n\t\t\t\t\t\t<div class=\"nuss-box\">\t\t<div class=\"nuss-image image\">\r\n\t\t\t<img decoding=\"async\"  src=\"https:\/\/orangehaohotel.com\/wp-content\/uploads\/2025\/10\/OrangeHao-Hotel-40.webp\" alt=\"H\u00f4tel OrangeHao (40)\" \/>\t\t<\/div>\r\n\t\t\t\t<\/div>\t\t\t\t\t<\/div>\r\n\t\t\t\t\t\t<div class=\"grid-item\">\r\n\t\t\t\t\t\t<div class=\"nuss-box\">\t\t<div class=\"nuss-image image\">\r\n\t\t\t<img decoding=\"async\"  src=\"https:\/\/orangehaohotel.com\/wp-content\/uploads\/2025\/10\/OrangeHao-Hotel-39.webp\" alt=\"H\u00f4tel OrangeHao (39)\" \/>\t\t<\/div>\r\n\t\t\t\t<\/div>\t\t\t\t\t<\/div>\r\n\t\t\t\t\t\t<div class=\"grid-item\">\r\n\t\t\t\t\t\t<div class=\"nuss-box\">\t\t<div class=\"nuss-image image\">\r\n\t\t\t<img decoding=\"async\"  src=\"https:\/\/orangehaohotel.com\/wp-content\/uploads\/2025\/10\/OrangeHao-Hotel-15.webp\" alt=\"H\u00f4tel OrangeHao (15)\" \/>\t\t<\/div>\r\n\t\t\t\t<\/div>\t\t\t\t\t<\/div>\r\n\t\t\t\t\t\t<div class=\"grid-item\">\r\n\t\t\t\t\t\t<div class=\"nuss-box\">\t\t<div class=\"nuss-image image\">\r\n\t\t\t<img decoding=\"async\"  src=\"https:\/\/orangehaohotel.com\/wp-content\/uploads\/2025\/10\/OrangeHao-Hotel-7.webp\" alt=\"H\u00f4tel OrangeHao (7)\" \/>\t\t<\/div>\r\n\t\t\t\t<\/div>\t\t\t\t\t<\/div>\r\n\t\t\t\t\t\t\t\r\n\t\t\t<\/div>\r\n\t\t<\/div>\r\n\t\t\t\t\t\t<\/div>\n\t\t\t\t<\/div>\n\t\t\t\t\t<\/div>\n\t\t\t\t<\/div>\n\t\t<div class=\"elementor-element elementor-element-76953f7 e-flex e-con-boxed e-con e-parent\" data-id=\"76953f7\" data-element_type=\"container\" data-e-type=\"container\">\n\t\t\t\t\t<div class=\"e-con-inner\">\n\t\t\t\t<div class=\"elementor-element elementor-element-2f32cd6 elementor-widget elementor-widget-text-editor\" data-id=\"2f32cd6\" data-element_type=\"widget\" data-e-type=\"widget\" data-widget_type=\"text-editor.default\">\n\t\t\t\t\t\t\t\t\t<div class=\"svelte-1c06zsf\" data-lang-code=\"\"><p data-spm-anchor-id=\"a2ty_o01.29997173.0.i133.47fcc921vt3Wiu\">\u00c0 <strong>H\u00f4tel OrangeHao<\/strong>, situ\u00e9 \u00e0 <strong>No.16 Huancheng South Road, district de Beilin, Xi&#039;an, Shaanxi 710000, Chine<\/strong>Nous sommes convaincus que la v\u00e9ritable hospitalit\u00e9 ne r\u00e9side pas seulement dans le lieu o\u00f9 vous s\u00e9journez, mais aussi dans la fa\u00e7on dont on vous accueille. De la r\u00e9servation \u00e0 votre d\u00e9part, chaque moment de contact est pens\u00e9 avec attention, chaleur et un profond respect de votre temps, de votre confort et de vos besoins individuels. Notre gamme compl\u00e8te de services va au-del\u00e0 des attentes, alliant efficacit\u00e9 moderne et esprit gracieux de Xi&#039;an, une ville qui accueille les voyageurs depuis plus de 2\u00a0000 ans.<\/p><div class=\"my-2\">\u00a0<\/div><h3><strong>Arriv\u00e9e fluide et enregistrement personnalis\u00e9<\/strong><\/h3><p>Votre voyage avec nous commence avant m\u00eame que vous ne franchissiez nos portes. Notre <strong>R\u00e9ception ouverte 24h\/24 et 7j\/7<\/strong> assure une arriv\u00e9e en douceur \u00e0 toute heure, tandis que notre <strong>enregistrement et d\u00e9part express<\/strong> Les options r\u00e9duisent les temps d&#039;attente pour les voyageurs d&#039;affaires comme pour les voyageurs fatigu\u00e9s. \u00c0 votre arriv\u00e9e, vous serez accueilli par notre \u00e9quipe multilingue, parlant couramment le mandarin et parlant anglais, qui vous remettra non seulement les cl\u00e9s de votre chambre, mais aussi <strong>notes de bienvenue personnalis\u00e9es<\/strong>, des conseils locaux et m\u00eame des cartes dessin\u00e9es \u00e0 la main vers des tr\u00e9sors cach\u00e9s comme des restaurants de nouilles centenaires ou des cours de temples tranquilles.<\/p><div class=\"my-2\">\u00a0<\/div><h3><strong>\u00c9quipements en chambre soigneusement s\u00e9lectionn\u00e9s<\/strong><\/h3><p>Chaque chambre de l&#039;h\u00f4tel OrangeHao est \u00e9quip\u00e9e d&#039;\u00e9quipements con\u00e7us pour le confort et la commodit\u00e9 :<\/p><ul dir=\"auto\"><li><strong>Wi-Fi \u00e0 fibre optique haut d\u00e9bit<\/strong> (gratuit et fiable pour le travail \u00e0 distance ou le streaming)<\/li><li><strong>Bureaux de travail ergonomiques<\/strong> avec de nombreuses prises de courant et ports USB<\/li><li><strong>Literie haut de gamme<\/strong> avec des oreillers hypoallerg\u00e9niques et des draps en coton 300 fils<\/li><li><strong>Contr\u00f4le climatique intelligent<\/strong>, rideaux occultants et fen\u00eatres insonorisantes pour un repos optimal<\/li><li><strong>Articles de toilette de luxe<\/strong>, peignoirs moelleux, chaussons et s\u00e8che-cheveux<\/li><li><strong>Coffres-forts dans la chambre<\/strong>, des bouilloires \u00e9lectriques et une s\u00e9lection soign\u00e9e de th\u00e9s locaux<\/li><\/ul><div class=\"my-2\">\u00a0<\/div><p>Pour les clients recherchant un confort suppl\u00e9mentaire, nous proposons <strong>menus d&#039;oreillers<\/strong>, des paniers-repas de fin de soir\u00e9e et un service de pr\u00e9paration de la chambre sur demande, car le luxe r\u00e9side dans les d\u00e9tails.<\/p><div class=\"my-2\">\u00a0<\/div><h3><strong>Assistance aux entreprises et \u00e0 la connectivit\u00e9<\/strong><\/h3><p>Reconnaissant que beaucoup de nos clients combinent travail et voyage, nous proposons une <strong>coin affaires enti\u00e8rement \u00e9quip\u00e9<\/strong> Ouvert 24h\/24 et 7j\/7, il propose des services d&#039;impression, de num\u00e9risation, de photocopie et des postes de travail adapt\u00e9s aux ordinateurs portables. Pour les petites r\u00e9unions ou les pr\u00e9sentations clients, notre <strong>espace de r\u00e9union flexible<\/strong> Peut accueillir jusqu&#039;\u00e0 20 personnes et comprend une Smart TV 65 pouces, le partage d&#039;\u00e9cran sans fil, la visioconf\u00e9rence et un service de caf\u00e9 gratuit. Besoin d&#039;envoyer un colis ou d&#039;imprimer des cartes d&#039;embarquement\u00a0? N&#039;h\u00e9sitez pas \u00e0 nous contacter\u00a0: nous sommes l\u00e0 pour vous accompagner dans votre vie professionnelle.<\/p><div class=\"my-2\">\u00a0<\/div><h3><strong>Conciergerie et conservation d&#039;exp\u00e9riences locales<\/strong><\/h3><p>Notre service de conciergerie est plus qu&#039;une simple transaction : il est transformateur. Que vous souhaitiez \u00e9viter les files d&#039;attente \u00e0 l&#039;a\u00e9roport ou \u00e0 la gare, <strong>Guerriers en terre cuite<\/strong>, obtenez des billets de derni\u00e8re minute pour le <strong>Spectacle de la dynastie Tang<\/strong>, ou d\u00e9couvrez un salon de th\u00e9 tranquille pr\u00e8s de la petite pagode de l&#039;oie sauvage, notre \u00e9quipe s&#039;appuie sur une connaissance locale approfondie pour \u00e9laborer <strong>itin\u00e9raires personnalis\u00e9s<\/strong>Nous collaborons avec des guides locaux de confiance, des prestataires de transport et des institutions culturelles pour garantir des exp\u00e9riences authentiques et sans tracas.<\/p><div class=\"my-2\">\u00a0<\/div><h3><strong>Assistance au transport et \u00e0 la logistique<\/strong><\/h3><p>S&#039;orienter dans une nouvelle ville peut \u00eatre intimidant, mais pas avec OrangeHao \u00e0 vos c\u00f4t\u00e9s. Nous vous proposons\u00a0:<\/p><ul dir=\"auto\"><li><strong>Coordination des transferts a\u00e9roportuaires<\/strong> (vers\/depuis l&#039;a\u00e9roport international de Xi&#039;an Xianyang)<\/li><li><strong>R\u00e9servation de taxi et de Didi (Uber chinois)<\/strong> avec des conducteurs contr\u00f4l\u00e9s<\/li><li><strong>Guidage des itin\u00e9raires de m\u00e9tro et de bus<\/strong>, y compris les laissez-passer \u00e0 code QR pour un acc\u00e8s facile<\/li><li><strong>Recommandations de location de v\u00e9los<\/strong> pour des promenades panoramiques le long des remparts de la ville<\/li><\/ul><div class=\"my-2\">\u00a0<\/div><p>Notre emplacement - \u00e0 seulement 6 minutes \u00e0 pied de <strong>Station de m\u00e9tro Hepingmen (Ligne 4)<\/strong>\u2014rend l&#039;exploration ind\u00e9pendante sans effort, mais nous sommes toujours pr\u00eats \u00e0 vous aider \u00e0 arriver l\u00e0 o\u00f9 vous devez aller.<\/p><div class=\"my-2\">\u00a0<\/div><h3><strong>Bien-\u00eatre et confort au quotidien<\/strong><\/h3><p>Bien que nous ne disposions pas d&#039;un spa complet, nous accordons la priorit\u00e9 \u00e0 votre bien-\u00eatre gr\u00e2ce \u00e0 des attentions attentionn\u00e9es :<\/p><ul dir=\"auto\"><li><strong>Eau en bouteille gratuite<\/strong> r\u00e9approvisionn\u00e9 quotidiennement<\/li><li><strong>Services de blanchisserie et de nettoyage \u00e0 sec<\/strong> (D\u00e9lai d&#039;ex\u00e9cution de 24 heures disponible)<\/li><li><strong>Consigne \u00e0 bagages<\/strong> avant l&#039;enregistrement ou apr\u00e8s le d\u00e9part<\/li><li><strong>Politique des heures de silence<\/strong> et un emplacement des chambres minimisant le bruit (chambres donnant sur la cour disponibles)<\/li><\/ul><div class=\"my-2\">\u00a0<\/div><p>Pour les clients en convalescence apr\u00e8s de longs vols ou un d\u00e9calage horaire, nous proposons <strong>kits de rafra\u00eechissements<\/strong> avec des masques pour les yeux, des tisanes et du miel local : un petit geste avec un grand impact.<\/p><div class=\"my-2\">\u00a0<\/div><h3><strong>Durabilit\u00e9 et hospitalit\u00e9 responsable<\/strong><\/h3><p>Notre philosophie de service s&#039;inscrit dans un engagement envers la plan\u00e8te. Nous avons \u00e9limin\u00e9 les plastiques \u00e0 usage unique autant que possible, utilis\u00e9 des syst\u00e8mes d&#039;\u00e9clairage et de climatisation \u00e9co\u00e9nerg\u00e9tiques, achet\u00e9 des produits d&#039;accueil aupr\u00e8s de fournisseurs locaux \u00e9co-responsables et encourag\u00e9 les programmes de r\u00e9utilisation des serviettes, le tout sans compromettre le confort de nos clients.<\/p><div class=\"my-2\">\u00a0<\/div><h3><strong>Accessibilit\u00e9 et inclusion<\/strong><\/h3><p>Bien que log\u00e9s dans un b\u00e2timent urbain moderne, nous nous effor\u00e7ons de r\u00e9pondre \u00e0 des besoins vari\u00e9s. Bien que le nombre de chambres enti\u00e8rement conformes aux normes ADA soit limit\u00e9, nous offrons un acc\u00e8s au rez-de-chauss\u00e9e, des alarmes incendie visuelles et un personnel form\u00e9 au service inclusif. Veuillez nous contacter \u00e0 l&#039;avance afin que nous puissions adapter votre s\u00e9jour en cons\u00e9quence.<\/p><div class=\"my-2\">\u00a0<\/div><div class=\"py-2 my-3\"><hr \/><\/div><div class=\"my-2\">\u00a0<\/div><p>\u00c0 <strong>H\u00f4tel OrangeHao<\/strong>Le service n&#039;est pas un d\u00e9partement, c&#039;est notre identit\u00e9. Ancr\u00e9 dans l&#039;ancien principe chinois de <em>&quot;ke ren zhi shang&quot;<\/em> (les clients passent en premier), mais d\u00e9livr\u00e9e avec une efficacit\u00e9 contemporaine, notre approche garantit que chaque s\u00e9jour soit sans effort, personnel et profond\u00e9ment humain.<\/p><div class=\"my-2\">\u00a0<\/div><p>Que vous soyez ici pour une nuit ou une semaine, pour affaires ou pour le plaisir, vous n&#039;\u00eates pas un simple invit\u00e9\u00a0: vous faites partie de notre histoire. Et nous sommes honor\u00e9s de faire partie de la v\u00f4tre.<\/p><div class=\"my-2\">\u00a0<\/div><p data-spm-anchor-id=\"a2ty_o01.29997173.0.i134.47fcc921vt3Wiu\"><em>D\u00e9couvrez la diff\u00e9rence d&#039;un service attentionn\u00e9. Bienvenue \u00e0 l&#039;h\u00f4tel OrangeHao, o\u00f9 chaque d\u00e9tail est pens\u00e9 pour vous.<\/em><\/p><\/div>\t\t\t\t\t\t\t\t<\/div>\n\t\t\t\t\t<\/div>\n\t\t\t\t<\/div>\n\t\t\t\t<section class=\"elementor-section elementor-top-section elementor-element elementor-element-35095f99 elementor-section-stretched elementor-section-boxed elementor-section-gap-beside-yes elementor-section-height-default elementor-section-height-default elementor-section-column-vertical-align-stretch\" data-id=\"35095f99\" data-element_type=\"section\" data-e-type=\"section\" data-settings=\"{&quot;background_background&quot;:&quot;classic&quot;,&quot;stretch_section&quot;:&quot;section-stretched&quot;}\">\n\t\t\t\t\t\t<div class=\"elementor-container elementor-column-gap-extended\">\n\t\t\t\t\t<div class=\"elementor-column elementor-col-100 elementor-top-column elementor-element elementor-element-4988cc37\" data-id=\"4988cc37\" data-element_type=\"column\" data-e-type=\"column\">\n\t\t\t<div class=\"elementor-widget-wrap elementor-element-populated\">\n\t\t\t\t\t\t<div class=\"elementor-element elementor-element-35183674 elementor-widget elementor-widget-nuss-heading\" data-id=\"35183674\" data-element_type=\"widget\" data-e-type=\"widget\" data-widget_type=\"nuss-heading.default\">\n\t\t\t\t<div class=\"elementor-widget-container\">\n\t\t\t\t\t\t\t<div class=\"nuss-modern-heading\">\r\n\t\t\t\t\t\t<div class=\"heading-secondary-wrap\">\r\n\t\t\t\t<h3 class=\"heading-secondary elementor-heading-title\">Ch\u00e8que disponible <\/h3>\t\t\t<\/div>\r\n\t\t\r\n\t\t\t\r\n\t\t\t\r\n\t\t\t\t\t<\/div>\r\n\t\t\t\t\t<\/div>\n\t\t\t\t<\/div>\n\t\t\t\t<div class=\"elementor-element elementor-element-2490794b elementor-widget elementor-widget-text-editor\" data-id=\"2490794b\" data-element_type=\"widget\" data-e-type=\"widget\" data-widget_type=\"text-editor.default\">\n\t\t\t\t\t\t\t\t\t<iframe border=\"0\" src=\"https:\/\/www.trip.com\/partners\/ad\/S5783395?Allianceid=4590391&#038;SID=263897943&#038;trip_sub1=\" style=\"width:900px;height:200px\" frameborder=\"0\" scrolling=\"no\" id=\"S5783395\"><\/iframe>\t\t\t\t\t\t\t\t<\/div>\n\t\t\t\t\t<\/div>\n\t\t<\/div>\n\t\t\t\t\t<\/div>\n\t\t<\/section>\n\t\t\t\t<\/div>","protected":false},"excerpt":{"rendered":"<p>Exceptional Service, Thoughtfully Delivered: The OrangeHao Hotel Experience in the Heart of Xi\u2019an At OrangeHao Hotel, located at No.16 Huancheng South Road, Beilin District, Xi\u2019an, Shaanxi 710000, China, we believe that true hospitality lies not just in where you stay\u2014but in how you\u2019re cared for. From the moment you consider booking to the time you [&hellip;]<\/p>\n","protected":false},"author":1,"featured_media":0,"parent":0,"menu_order":0,"comment_status":"closed","ping_status":"closed","template":"","meta":{"footnotes":""},"class_list":["post-647","page","type-page","status-publish","hentry","post-no-thumbnail"],"_links":{"self":[{"href":"https:\/\/orangehaohotel.com\/fr\/wp-json\/wp\/v2\/pages\/647","targetHints":{"allow":["GET"]}}],"collection":[{"href":"https:\/\/orangehaohotel.com\/fr\/wp-json\/wp\/v2\/pages"}],"about":[{"href":"https:\/\/orangehaohotel.com\/fr\/wp-json\/wp\/v2\/types\/page"}],"author":[{"embeddable":true,"href":"https:\/\/orangehaohotel.com\/fr\/wp-json\/wp\/v2\/users\/1"}],"replies":[{"embeddable":true,"href":"https:\/\/orangehaohotel.com\/fr\/wp-json\/wp\/v2\/comments?post=647"}],"version-history":[{"count":0,"href":"https:\/\/orangehaohotel.com\/fr\/wp-json\/wp\/v2\/pages\/647\/revisions"}],"wp:attachment":[{"href":"https:\/\/orangehaohotel.com\/fr\/wp-json\/wp\/v2\/media?parent=647"}],"curies":[{"name":"wp","href":"https:\/\/api.w.org\/{rel}","templated":true}]}}