{"id":2104,"date":"2021-03-23T09:33:48","date_gmt":"2021-03-23T09:33:48","guid":{"rendered":"http:\/\/localhost\/nuss\/?page_id=167"},"modified":"2025-10-07T13:57:42","modified_gmt":"2025-10-07T13:57:42","slug":"la-nostra-storia","status":"publish","type":"page","link":"https:\/\/orangehaohotel.com\/it\/our-story\/","title":{"rendered":"La nostra storia"},"content":{"rendered":"<div data-elementor-type=\"wp-page\" data-elementor-id=\"2104\" class=\"elementor elementor-2104\">\n\t\t\t\t\t\t<section class=\"elementor-section elementor-top-section elementor-element elementor-element-8f5bb9d elementor-section-boxed elementor-section-gap-beside-yes elementor-section-height-default elementor-section-height-default elementor-section-column-vertical-align-stretch\" data-id=\"8f5bb9d\" data-element_type=\"section\" data-e-type=\"section\">\n\t\t\t\t\t\t<div class=\"elementor-container elementor-column-gap-extended\">\n\t\t\t\t\t<div class=\"elementor-column elementor-col-100 elementor-top-column elementor-element elementor-element-7ec4215\" data-id=\"7ec4215\" data-element_type=\"column\" data-e-type=\"column\">\n\t\t\t<div class=\"elementor-widget-wrap elementor-element-populated\">\n\t\t\t\t\t\t<div class=\"elementor-element elementor-element-edd9d03 elementor-widget__width-initial elementor-invisible elementor-widget elementor-widget-text-editor\" data-id=\"edd9d03\" data-element_type=\"widget\" data-e-type=\"widget\" data-settings=\"{&quot;_animation&quot;:&quot;nussFadeInUp&quot;}\" data-widget_type=\"text-editor.default\">\n\t\t\t\t\t\t\t\t\t<p><strong data-spm-anchor-id=\"a2ty_o01.29997173.0.i118.47fcc921vt3Wiu\">Dove l&#039;ospitalit\u00e0 moderna incontra l&#039;anima dell&#039;antica Xi&#039;an<\/strong><\/p>\t\t\t\t\t\t\t\t<\/div>\n\t\t\t\t\t<\/div>\n\t\t<\/div>\n\t\t\t\t\t<\/div>\n\t\t<\/section>\n\t\t<div class=\"elementor-element elementor-element-ae7e42f e-flex e-con-boxed e-con e-parent\" data-id=\"ae7e42f\" data-element_type=\"container\" data-e-type=\"container\">\n\t\t\t\t\t<div class=\"e-con-inner\">\n\t\t\t\t<div class=\"elementor-element elementor-element-136c3a3 elementor-widget elementor-widget-text-editor\" data-id=\"136c3a3\" data-element_type=\"widget\" data-e-type=\"widget\" data-widget_type=\"text-editor.default\">\n\t\t\t\t\t\t\t\t\t<p data-spm-anchor-id=\"a2ty_o01.29997173.0.i120.47fcc921vt3Wiu\">Situato lungo la storica Huancheng South Road, a pochi passi dai bastioni erosi dalle mura della citt\u00e0 di Xi&#039;an, risalenti a 600 anni fa,<strong>OrangeHao Hotel<\/strong> nasce da una visione semplice ma profonda: creare un santuario in cui lo spirito senza tempo dell&#039;antica capitale cinese si armonizza con il ritmo del viaggio contemporaneo.<\/p><div class=\"my-2\">\u00a0<\/div><p data-spm-anchor-id=\"a2ty_o01.29997173.0.i121.47fcc921vt3Wiu\">Il nostro viaggio \u00e8 iniziato nel cuore di <strong>Distretto di Beilin<\/strong>, un quartiere intriso di cultura, calligrafia e secoli di tradizione accademica. Residenti di lunga data a Xi&#039;an, i nostri fondatori sono stati ispirati dalla duplice identit\u00e0 della citt\u00e0: culla della civilt\u00e0 che un tempo accoglieva le carovane della Via della Seta e metropoli dinamica e pulsante di innovazione. Hanno notato una lacuna, non negli alloggi, ma nella <em>esperienza<\/em>I viaggiatori desideravano pi\u00f9 di una semplice camera pulita; cercavano un contatto: con il luogo, con le persone, con l&#039;autenticit\u00e0. E cos\u00ec, <strong>OrangeHao Hotel<\/strong> \u00e8 stato concepito: non come una catena, non come una tappa generica, ma come un <strong>rifugio urbano curato con cura<\/strong> radicato nell&#039;identit\u00e0 locale.<\/p><div class=\"my-2\">\u00a0<\/div><p>Il nome &quot;OrangeHao&quot; \u00e8 di per s\u00e9 significativo. &quot;Orange&quot; simboleggia calore, energia e accessibilit\u00e0, l&#039;essenza stessa della nostra filosofia di servizio. &quot;Hao&quot; (\u597d), un carattere cinese che significa &quot;buono&quot; o &quot;eccellente&quot;, riflette il nostro impegno per la qualit\u00e0 in ogni dettaglio, dal numero di fili della nostra biancheria al sorriso del nostro personale alla reception. Insieme, il nome sussurra un invito: <em>Vieni, stai bene. Stai al caldo. Stai in modo significativo.<\/em><\/p><div class=\"my-2\">\u00a0<\/div><p>Quando abbiamo aperto le nostre porte a <strong>No.16 Huancheng South Road<\/strong>, abbiamo fatto una promessa: onorare l&#039;eredit\u00e0 di Xi&#039;an senza rimanerne intrappolati. La nostra architettura richiama le fortificazioni cittadine dell&#039;epoca Ming con linee pulite e tenui toni della terra, mentre all&#039;interno, gli interni minimalisti, realizzati con legni locali, accenti in pietra e delicati motivi calligrafici, creano uno sfondo sereno per il comfort moderno. Ogni scelta di design, dall&#039;illuminazione ispirata al cortile all&#039;arte locale curata nella hall, racconta la storia di un luogo.<\/p><div class=\"my-2\">\u00a0<\/div><p>Ma la nostra storia non riguarda solo l&#039;estetica, riguarda <strong>persone<\/strong>Fin dal primo giorno, abbiamo creato un team di appassionati locali che non solo lavorano presso OrangeHao; <em>incarnare<\/em> Molti sono cresciuti nel distretto di Beilin, camminando per queste stesse strade tra bancarelle di noodle fumanti e negozi di calamai. Sono loro che ti consiglieranno il meglio. <em>roujiamo<\/em> venditore ambulante all&#039;alba, ti aiuta a orientarti nella metropolitana con mappe disegnate a mano o lascia silenziosamente una coperta in pi\u00f9 quando il freddo autunnale arriva dal fiume Wei. Questa \u00e8 ospitalit\u00e0 non come performance, ma come <strong>cura genuina<\/strong>.<\/p><div class=\"my-2\">\u00a0<\/div><p>Crediamo anche che la sostenibilit\u00e0 faccia parte della narrazione. Ecco perch\u00e9 abbiamo integrato pratiche ecosostenibili, dagli impianti a risparmio idrico e dall&#039;illuminazione a basso consumo energetico alle partnership con artigiani locali per servizi e arredi. Il nostro obiettivo \u00e8 lasciare un&#039;impronta leggera, rafforzando al contempo il vostro legame con questa straordinaria citt\u00e0.<\/p><div class=\"my-2\">\u00a0<\/div><p>Fin dalla sua fondazione, l&#039;OrangeHao Hotel ha accolto migliaia di ospiti: storici sulle orme degli imperatori, nomadi digitali in cerca di ispirazione tra antiche mura, famiglie incantate dall&#039;Esercito di Terracotta e coppie che si godono passeggiate al chiaro di luna lungo i bastioni illuminati dalle lanterne. Ogni soggiorno aggiunge un nuovo capitolo alla nostra storia: un capitolo fatto di momenti condivisi, scoperte silenziose e la gioia di far sentire i viaggiatori non solo accolti, ma anche... <em>a casa<\/em> in una delle citt\u00e0 pi\u00f9 antiche del mondo ancora abitate ininterrottamente.<\/p><div class=\"my-2\">\u00a0<\/div><p>Oggi, mentre Xi&#039;an continua a evolversi, colmando il suo passato imperiale con un futuro audace, l&#039;OrangeHao Hotel rimane saldo nella sua missione: essere pi\u00f9 di un posto dove riposare la testa, ma un <strong>porta d&#039;accesso all&#039;anima di Xi&#039;an<\/strong>.<\/p><div class=\"my-2\">\u00a0<\/div><p data-spm-anchor-id=\"a2ty_o01.29997173.0.i122.47fcc921vt3Wiu\">Ti invitiamo a far parte della nostra storia.<br \/>Restate con noi e lasciate che la citt\u00e0 si riveli attraverso i nostri occhi.<\/p>\t\t\t\t\t\t\t\t<\/div>\n\t\t\t\t\t<\/div>\n\t\t\t\t<\/div>\n\t\t\t\t<section class=\"elementor-section elementor-top-section elementor-element elementor-element-71d5e4f9 elementor-section-stretched elementor-section-boxed elementor-section-gap-beside-yes elementor-section-height-default elementor-section-height-default elementor-section-column-vertical-align-stretch\" data-id=\"71d5e4f9\" data-element_type=\"section\" data-e-type=\"section\" data-settings=\"{&quot;background_background&quot;:&quot;classic&quot;,&quot;stretch_section&quot;:&quot;section-stretched&quot;}\">\n\t\t\t\t\t\t<div class=\"elementor-container elementor-column-gap-extended\">\n\t\t\t\t\t<div class=\"elementor-column elementor-col-100 elementor-top-column elementor-element elementor-element-5f38868b\" data-id=\"5f38868b\" data-element_type=\"column\" data-e-type=\"column\">\n\t\t\t<div class=\"elementor-widget-wrap elementor-element-populated\">\n\t\t\t\t\t\t<div class=\"elementor-element elementor-element-57e8e87a elementor-widget elementor-widget-nuss-heading\" data-id=\"57e8e87a\" data-element_type=\"widget\" data-e-type=\"widget\" data-widget_type=\"nuss-heading.default\">\n\t\t\t\t<div class=\"elementor-widget-container\">\n\t\t\t\t\t\t\t<div class=\"nuss-modern-heading\">\r\n\t\t\t\t\t\t<div class=\"heading-secondary-wrap\">\r\n\t\t\t\t<h3 class=\"heading-secondary elementor-heading-title\">Controlla disponibile <\/h3>\t\t\t<\/div>\r\n\t\t\r\n\t\t\t\r\n\t\t\t\r\n\t\t\t\t\t<\/div>\r\n\t\t\t\t\t<\/div>\n\t\t\t\t<\/div>\n\t\t\t\t<div class=\"elementor-element elementor-element-778c81fb elementor-widget elementor-widget-text-editor\" data-id=\"778c81fb\" data-element_type=\"widget\" data-e-type=\"widget\" data-widget_type=\"text-editor.default\">\n\t\t\t\t\t\t\t\t\t<iframe border=\"0\" src=\"https:\/\/www.trip.com\/partners\/ad\/S5783395?Allianceid=4590391&#038;SID=263897943&#038;trip_sub1=\" style=\"width:900px;height:200px\" frameborder=\"0\" scrolling=\"no\" id=\"S5783395\"><\/iframe>\t\t\t\t\t\t\t\t<\/div>\n\t\t\t\t\t<\/div>\n\t\t<\/div>\n\t\t\t\t\t<\/div>\n\t\t<\/section>\n\t\t\t\t<\/div>","protected":false},"excerpt":{"rendered":"<p>Where Modern Hospitality Meets the Soul of Ancient Xi\u2019an Nestled along the historic Huancheng South Road\u2014just steps from the weathered ramparts of Xi\u2019an\u2019s 600-year-old City Wall\u2014OrangeHao Hotel was born from a simple yet profound vision: to create a sanctuary where the timeless spirit of China\u2019s ancient capital harmonizes with the rhythm of contemporary travel. \u00a0 [&hellip;]<\/p>\n","protected":false},"author":1,"featured_media":0,"parent":0,"menu_order":0,"comment_status":"closed","ping_status":"closed","template":"","meta":{"footnotes":""},"class_list":["post-2104","page","type-page","status-publish","hentry","post-no-thumbnail"],"_links":{"self":[{"href":"https:\/\/orangehaohotel.com\/it\/wp-json\/wp\/v2\/pages\/2104","targetHints":{"allow":["GET"]}}],"collection":[{"href":"https:\/\/orangehaohotel.com\/it\/wp-json\/wp\/v2\/pages"}],"about":[{"href":"https:\/\/orangehaohotel.com\/it\/wp-json\/wp\/v2\/types\/page"}],"author":[{"embeddable":true,"href":"https:\/\/orangehaohotel.com\/it\/wp-json\/wp\/v2\/users\/1"}],"replies":[{"embeddable":true,"href":"https:\/\/orangehaohotel.com\/it\/wp-json\/wp\/v2\/comments?post=2104"}],"version-history":[{"count":0,"href":"https:\/\/orangehaohotel.com\/it\/wp-json\/wp\/v2\/pages\/2104\/revisions"}],"wp:attachment":[{"href":"https:\/\/orangehaohotel.com\/it\/wp-json\/wp\/v2\/media?parent=2104"}],"curies":[{"name":"parola chiave","href":"https:\/\/api.w.org\/{rel}","templated":true}]}}