{"id":5266,"date":"2021-07-18T08:03:35","date_gmt":"2021-07-18T08:03:35","guid":{"rendered":"https:\/\/nuss.uxper.co\/luxury-resort\/?page_id=5266"},"modified":"2025-10-07T13:19:53","modified_gmt":"2025-10-07T13:19:53","slug":"chi-siamo","status":"publish","type":"page","link":"https:\/\/orangehaohotel.com\/it\/about-us\/","title":{"rendered":"Chi siamo"},"content":{"rendered":"<div data-elementor-type=\"wp-page\" data-elementor-id=\"5266\" class=\"elementor elementor-5266\">\n\t\t\t\t\t\t<section class=\"elementor-section elementor-top-section elementor-element elementor-element-10416953 elementor-section-boxed elementor-section-gap-beside-yes elementor-section-height-default elementor-section-height-default elementor-section-column-vertical-align-stretch\" data-id=\"10416953\" data-element_type=\"section\" data-e-type=\"section\">\n\t\t\t\t\t\t<div class=\"elementor-container elementor-column-gap-extended\">\n\t\t\t\t\t<div class=\"elementor-column elementor-col-100 elementor-top-column elementor-element elementor-element-29c6aa8\" data-id=\"29c6aa8\" data-element_type=\"column\" data-e-type=\"column\">\n\t\t\t<div class=\"elementor-widget-wrap elementor-element-populated\">\n\t\t\t\t\t\t<div class=\"elementor-element elementor-element-7be18fe7 elementor-widget__width-initial elementor-invisible elementor-widget elementor-widget-text-editor\" data-id=\"7be18fe7\" data-element_type=\"widget\" data-e-type=\"widget\" data-settings=\"{&quot;_animation&quot;:&quot;nussFadeInUp&quot;}\" data-widget_type=\"text-editor.default\">\n\t\t\t\t\t\t\t\t\t<div class=\"svelte-1c06zsf\" data-lang-code=\"\"><p data-spm-anchor-id=\"a2ty_o01.29997173.0.i27.ead2c921ZzvKd1\">Il tuo elegante punto di accesso al Bund e a Nanjing Road<\/p><\/div>\t\t\t\t\t\t\t\t<\/div>\n\t\t\t\t\t<\/div>\n\t\t<\/div>\n\t\t\t\t\t<\/div>\n\t\t<\/section>\n\t\t\t\t<section class=\"elementor-section elementor-top-section elementor-element elementor-element-7d18327f elementor-section-boxed elementor-section-gap-beside-yes elementor-section-height-default elementor-section-height-default elementor-section-column-vertical-align-stretch\" data-id=\"7d18327f\" data-element_type=\"section\" data-e-type=\"section\">\n\t\t\t\t\t\t<div class=\"elementor-container elementor-column-gap-extended\">\n\t\t\t\t\t<div class=\"elementor-column elementor-col-50 elementor-top-column elementor-element elementor-element-56533670\" data-id=\"56533670\" data-element_type=\"column\" data-e-type=\"column\">\n\t\t\t<div class=\"elementor-widget-wrap elementor-element-populated\">\n\t\t\t\t\t\t<div class=\"elementor-element elementor-element-19c3f543 elementor-drop-cap-yes elementor-drop-cap-view-default elementor-invisible elementor-widget elementor-widget-text-editor\" data-id=\"19c3f543\" data-element_type=\"widget\" data-e-type=\"widget\" data-settings=\"{&quot;_animation&quot;:&quot;nussFadeInUp&quot;,&quot;drop_cap&quot;:&quot;yes&quot;}\" data-widget_type=\"text-editor.default\">\n\t\t\t\t\t\t\t\t\t<p>Benvenuti a <strong>OrangeHao Hotel<\/strong>, il tuo rifugio urbano ideale nel cuore storico di <strong>Xi&#039;an, provincia dello Shaanxi, Cina<\/strong>. Situato in posizione strategica a <strong>N. 16 Huancheng South Road, distretto di Beilin, 710000<\/strong>, il nostro moderno boutique hotel ti colloca a pochi passi da alcuni dei monumenti pi\u00f9 iconici di Xi&#039;an, tra cui l&#039;antica <strong>Mura della citt\u00e0<\/strong>, il maestoso <strong>Campanile<\/strong>e la ricchezza culturale <strong>Museo Beilin<\/strong>Che siate in viaggio per lavoro, per piacere o per un mix di entrambi, l&#039;OrangeHao Hotel offre una perfetta fusione di comfort contemporaneo, fascino locale e comodit\u00e0 strategica.<\/p>\t\t\t\t\t\t\t\t<\/div>\n\t\t\t\t\t<\/div>\n\t\t<\/div>\n\t\t\t\t<div class=\"elementor-column elementor-col-50 elementor-top-column elementor-element elementor-element-30f14127\" data-id=\"30f14127\" data-element_type=\"column\" data-e-type=\"column\">\n\t\t\t<div class=\"elementor-widget-wrap elementor-element-populated\">\n\t\t\t\t\t\t<div class=\"elementor-element elementor-element-59aea08 elementor-widget elementor-widget-image\" data-id=\"59aea08\" data-element_type=\"widget\" data-e-type=\"widget\" data-widget_type=\"image.default\">\n\t\t\t\t\t\t\t\t\t\t\t\t\t\t\t<img fetchpriority=\"high\" decoding=\"async\" width=\"1024\" height=\"620\" src=\"https:\/\/orangehaohotel.com\/wp-content\/uploads\/2025\/10\/OrangeHao-Hotel-30-1024x620.webp\" class=\"attachment-large size-large wp-image-7170\" alt=\"\" srcset=\"https:\/\/orangehaohotel.com\/wp-content\/uploads\/2025\/10\/OrangeHao-Hotel-30-1024x620.webp 1024w, https:\/\/orangehaohotel.com\/wp-content\/uploads\/2025\/10\/OrangeHao-Hotel-30-300x182.webp 300w, https:\/\/orangehaohotel.com\/wp-content\/uploads\/2025\/10\/OrangeHao-Hotel-30-768x465.webp 768w, https:\/\/orangehaohotel.com\/wp-content\/uploads\/2025\/10\/OrangeHao-Hotel-30-18x12.webp 18w, https:\/\/orangehaohotel.com\/wp-content\/uploads\/2025\/10\/OrangeHao-Hotel-30.webp 1280w\" sizes=\"(max-width: 1024px) 100vw, 1024px\" \/>\t\t\t\t\t\t\t\t\t\t\t\t\t\t\t<\/div>\n\t\t\t\t\t<\/div>\n\t\t<\/div>\n\t\t\t\t\t<\/div>\n\t\t<\/section>\n\t\t\t\t<section class=\"elementor-section elementor-top-section elementor-element elementor-element-29fb8578 elementor-section-height-min-height elementor-section-stretched elementor-section-full_width elementor-section-items-stretch elementor-section-height-default elementor-section-column-vertical-align-stretch\" data-id=\"29fb8578\" data-element_type=\"section\" data-e-type=\"section\" data-settings=\"{&quot;stretch_section&quot;:&quot;section-stretched&quot;}\">\n\t\t\t\t\t\t<div class=\"elementor-container elementor-column-gap-no\">\n\t\t\t\t\t<div class=\"elementor-column elementor-col-50 elementor-top-column elementor-element elementor-element-40ac270b\" data-id=\"40ac270b\" data-element_type=\"column\" data-e-type=\"column\">\n\t\t\t<div class=\"elementor-widget-wrap elementor-element-populated\">\n\t\t\t\t\t\t<div class=\"elementor-element elementor-element-20872773 elementor-widget__width-initial elementor-widget-mobile__width-inherit elementor-invisible nuss-elementor-loading nuss-slide-in-right elementor-widget elementor-widget-image\" data-id=\"20872773\" data-element_type=\"widget\" data-e-type=\"widget\" data-settings=\"{&quot;_animation&quot;:&quot;nussSlideInRight&quot;}\" data-widget_type=\"image.default\">\n\t\t\t\t\t\t\t\t\t\t\t\t\t\t\t<img decoding=\"async\" width=\"1137\" height=\"853\" src=\"https:\/\/orangehaohotel.com\/wp-content\/uploads\/2025\/10\/OrangeHao-Hotel-27.webp\" class=\"attachment-full size-full wp-image-7167\" alt=\"\" srcset=\"https:\/\/orangehaohotel.com\/wp-content\/uploads\/2025\/10\/OrangeHao-Hotel-27.webp 1137w, https:\/\/orangehaohotel.com\/wp-content\/uploads\/2025\/10\/OrangeHao-Hotel-27-300x225.webp 300w, https:\/\/orangehaohotel.com\/wp-content\/uploads\/2025\/10\/OrangeHao-Hotel-27-1024x768.webp 1024w, https:\/\/orangehaohotel.com\/wp-content\/uploads\/2025\/10\/OrangeHao-Hotel-27-768x576.webp 768w, https:\/\/orangehaohotel.com\/wp-content\/uploads\/2025\/10\/OrangeHao-Hotel-27-16x12.webp 16w\" sizes=\"(max-width: 1137px) 100vw, 1137px\" \/>\t\t\t\t\t\t\t\t\t\t\t\t\t\t\t<\/div>\n\t\t\t\t\t<\/div>\n\t\t<\/div>\n\t\t\t\t<div class=\"elementor-column elementor-col-50 elementor-top-column elementor-element elementor-element-2dac103\" data-id=\"2dac103\" data-element_type=\"column\" data-e-type=\"column\">\n\t\t\t<div class=\"elementor-widget-wrap elementor-element-populated\">\n\t\t\t\t\t\t<div class=\"elementor-element elementor-element-6f1b8966 elementor-invisible elementor-widget elementor-widget-text-editor\" data-id=\"6f1b8966\" data-element_type=\"widget\" data-e-type=\"widget\" data-settings=\"{&quot;_animation&quot;:&quot;nussFadeInUp&quot;}\" data-widget_type=\"text-editor.default\">\n\t\t\t\t\t\t\t\t\t<p data-spm-anchor-id=\"a2ty_o01.29997173.0.i91.47fcc921vt3Wiu\">Progettate pensando al viaggiatore esigente, le nostre camere arredate con cura presentano un arredamento minimalista ed elegante, biancheria da letto di alta qualit\u00e0, Wi-Fi ad alta velocit\u00e0, climatizzazione intelligente e vista sulla citt\u00e0 o sul cortile, garantendo un soggiorno riposante e rigenerante. Iniziate la giornata con una gustosa colazione a base di prodotti autentici. <strong>Cucina dello Shaanxi<\/strong>, oppure rilassatevi dopo una giornata di esplorazione nel nostro accogliente ristorante in loco che serve specialit\u00e0 regionali come il maiale tirato a mano <strong>spaghetti biangbiang<\/strong>, succulent <strong>roujiamo<\/strong> (hamburger cinesi) e ravioli aromatici.<\/p><div class=\"my-2\">\u00a0<\/div><p>Oltre al comfort, l&#039;OrangeHao Hotel offre un&#039;ospitalit\u00e0 impeccabile grazie al servizio di reception 24 ore su 24, 7 giorni su 7, check-in\/check-out express, deposito bagagli e consigli locali personalizzati per aiutarvi a scoprire i tesori nascosti di Xi&#039;an, dal vivace quartiere musulmano alle tranquille rovine della dinastia Tang. Con facile accesso ai trasporti pubblici, ai quartieri dello shopping e ai siti culturali, il nostro hotel \u00e8 pi\u00f9 di un semplice posto dove dormire: \u00e8 la vostra porta d&#039;accesso per vivere l&#039;anima di una delle citt\u00e0 pi\u00f9 antiche e ricche di storia della Cina.<\/p><div class=\"my-2\">\u00a0<\/div><p data-spm-anchor-id=\"a2ty_o01.29997173.0.i92.47fcc921vt3Wiu\">Prenota il tuo soggiorno presso <strong>OrangeHao Hotel nel distretto di Beilin, Xi&#039;an<\/strong>e scopri dove l&#039;ospitalit\u00e0 moderna incontra la tradizione senza tempo.<\/p>\t\t\t\t\t\t\t\t<\/div>\n\t\t\t\t\t<\/div>\n\t\t<\/div>\n\t\t\t\t\t<\/div>\n\t\t<\/section>\n\t\t\t\t<section class=\"elementor-section elementor-top-section elementor-element elementor-element-2092b7d0 elementor-section-stretched elementor-section-boxed elementor-section-gap-beside-yes elementor-section-height-default elementor-section-height-default elementor-section-column-vertical-align-stretch\" data-id=\"2092b7d0\" data-element_type=\"section\" data-e-type=\"section\" data-settings=\"{&quot;background_background&quot;:&quot;classic&quot;,&quot;stretch_section&quot;:&quot;section-stretched&quot;}\">\n\t\t\t\t\t\t<div class=\"elementor-container elementor-column-gap-extended\">\n\t\t\t\t\t<div class=\"elementor-column elementor-col-100 elementor-top-column elementor-element elementor-element-be69d75\" data-id=\"be69d75\" data-element_type=\"column\" data-e-type=\"column\">\n\t\t\t<div class=\"elementor-widget-wrap elementor-element-populated\">\n\t\t\t\t\t\t<div class=\"elementor-element elementor-element-320c022 elementor-widget elementor-widget-nuss-heading\" data-id=\"320c022\" data-element_type=\"widget\" data-e-type=\"widget\" data-widget_type=\"nuss-heading.default\">\n\t\t\t\t<div class=\"elementor-widget-container\">\n\t\t\t\t\t\t\t<div class=\"nuss-modern-heading\">\r\n\t\t\t\t\t\t<div class=\"heading-secondary-wrap\">\r\n\t\t\t\t<h3 class=\"heading-secondary elementor-heading-title\">Controlla disponibile <\/h3>\t\t\t<\/div>\r\n\t\t\r\n\t\t\t\r\n\t\t\t\r\n\t\t\t\t\t<\/div>\r\n\t\t\t\t\t<\/div>\n\t\t\t\t<\/div>\n\t\t\t\t<div class=\"elementor-element elementor-element-fe69a93 elementor-widget elementor-widget-text-editor\" data-id=\"fe69a93\" data-element_type=\"widget\" data-e-type=\"widget\" data-widget_type=\"text-editor.default\">\n\t\t\t\t\t\t\t\t\t<iframe border=\"0\" src=\"https:\/\/www.trip.com\/partners\/ad\/S5783395?Allianceid=4590391&#038;SID=263897943&#038;trip_sub1=\" style=\"width:900px;height:200px\" frameborder=\"0\" scrolling=\"no\" id=\"S5783395\"><\/iframe>\t\t\t\t\t\t\t\t<\/div>\n\t\t\t\t\t<\/div>\n\t\t<\/div>\n\t\t\t\t\t<\/div>\n\t\t<\/section>\n\t\t\t\t<\/div>","protected":false},"excerpt":{"rendered":"<p>Your Stylish Gateway to the Bund &amp; Nanjing Road Welcome to OrangeHao Hotel, your ideal urban retreat in the historic heart of Xi\u2019an, Shaanxi Province, China. Conveniently situated at No. 16 Huancheng South Road, Beilin District, 710000, our modern boutique hotel places you just steps away from some of Xi\u2019an\u2019s most iconic landmarks\u2014including the ancient [&hellip;]<\/p>\n","protected":false},"author":1,"featured_media":0,"parent":0,"menu_order":0,"comment_status":"closed","ping_status":"closed","template":"","meta":{"footnotes":""},"class_list":["post-5266","page","type-page","status-publish","hentry","post-no-thumbnail"],"_links":{"self":[{"href":"https:\/\/orangehaohotel.com\/it\/wp-json\/wp\/v2\/pages\/5266","targetHints":{"allow":["GET"]}}],"collection":[{"href":"https:\/\/orangehaohotel.com\/it\/wp-json\/wp\/v2\/pages"}],"about":[{"href":"https:\/\/orangehaohotel.com\/it\/wp-json\/wp\/v2\/types\/page"}],"author":[{"embeddable":true,"href":"https:\/\/orangehaohotel.com\/it\/wp-json\/wp\/v2\/users\/1"}],"replies":[{"embeddable":true,"href":"https:\/\/orangehaohotel.com\/it\/wp-json\/wp\/v2\/comments?post=5266"}],"version-history":[{"count":0,"href":"https:\/\/orangehaohotel.com\/it\/wp-json\/wp\/v2\/pages\/5266\/revisions"}],"wp:attachment":[{"href":"https:\/\/orangehaohotel.com\/it\/wp-json\/wp\/v2\/media?parent=5266"}],"curies":[{"name":"parola chiave","href":"https:\/\/api.w.org\/{rel}","templated":true}]}}