{"id":612,"date":"2021-03-26T10:04:13","date_gmt":"2021-03-26T10:04:13","guid":{"rendered":"http:\/\/localhost\/nuss\/?page_id=612"},"modified":"2025-10-07T14:05:09","modified_gmt":"2025-10-07T14:05:09","slug":"ristorante","status":"publish","type":"page","link":"https:\/\/orangehaohotel.com\/it\/restaurant\/","title":{"rendered":"Ristorante"},"content":{"rendered":"<div data-elementor-type=\"wp-page\" data-elementor-id=\"612\" class=\"elementor elementor-612\">\n\t\t\t\t\t\t<section class=\"elementor-section elementor-top-section elementor-element elementor-element-e2effe8 elementor-section-boxed elementor-section-gap-beside-yes elementor-section-height-default elementor-section-height-default elementor-section-column-vertical-align-stretch\" data-id=\"e2effe8\" data-element_type=\"section\" data-e-type=\"section\">\n\t\t\t\t\t\t<div class=\"elementor-container elementor-column-gap-extended\">\n\t\t\t\t\t<div class=\"elementor-column elementor-col-100 elementor-top-column elementor-element elementor-element-e18f688\" data-id=\"e18f688\" data-element_type=\"column\" data-e-type=\"column\">\n\t\t\t<div class=\"elementor-widget-wrap elementor-element-populated\">\n\t\t\t\t\t\t<div class=\"elementor-element elementor-element-6db146d elementor-widget__width-initial elementor-invisible elementor-widget elementor-widget-text-editor\" data-id=\"6db146d\" data-element_type=\"widget\" data-e-type=\"widget\" data-settings=\"{&quot;_animation&quot;:&quot;nussFadeInUp&quot;}\" data-widget_type=\"text-editor.default\">\n\t\t\t\t\t\t\t\t\t<div class=\"svelte-1c06zsf\" data-lang-code=\"\"><p><strong data-spm-anchor-id=\"a2ty_o01.29997173.0.i125.47fcc921vt3Wiu\">Assapora l&#039;anima dello Shaanxi: cucina autentica presso il ristorante in loco dell&#039;OrangeHao Hotel nel cuore di Xi&#039;an<\/strong><\/p><\/div>\t\t\t\t\t\t\t\t<\/div>\n\t\t\t\t\t<\/div>\n\t\t<\/div>\n\t\t\t\t\t<\/div>\n\t\t<\/section>\n\t\t<div class=\"elementor-element elementor-element-764955e e-flex e-con-boxed e-con e-parent\" data-id=\"764955e\" data-element_type=\"container\" data-e-type=\"container\">\n\t\t\t\t\t<div class=\"e-con-inner\">\n\t\t<div class=\"elementor-element elementor-element-3a71d84 e-con-full e-flex e-con e-child\" data-id=\"3a71d84\" data-element_type=\"container\" data-e-type=\"container\">\n\t\t\t\t<div class=\"elementor-element elementor-element-81a00fb elementor-widget elementor-widget-text-editor\" data-id=\"81a00fb\" data-element_type=\"widget\" data-e-type=\"widget\" data-widget_type=\"text-editor.default\">\n\t\t\t\t\t\t\t\t\t<p>Entra nel <strong>Ristorante dell&#039;hotel OrangeHao<\/strong>\u2014un santuario culinario dove i sapori audaci e aromatici di <strong>Cucina dello Shaanxi<\/strong> prendono vita in un ambiente che fonde l&#039;eleganza contemporanea con il ricco patrimonio di una delle citt\u00e0 pi\u00f9 antiche della Cina. Situato in posizione strategica all&#039;interno <strong>OrangeHao Hotel al No.16 Huancheng South Road, Distretto di Beilin, Xi&#039;an, Shaanxi 710000<\/strong>Il nostro ristorante in loco offre sia agli ospiti dell&#039;hotel che agli amanti della cucina locale un indimenticabile viaggio gastronomico nel cuore della Cina nord-occidentale, senza mai lasciare il comfort del nostro rifugio urbano.<\/p>\t\t\t\t\t\t\t\t<\/div>\n\t\t\t\t<\/div>\n\t\t<div class=\"elementor-element elementor-element-bb76a06 e-con-full e-flex e-con e-child\" data-id=\"bb76a06\" data-element_type=\"container\" data-e-type=\"container\">\n\t\t\t\t<div class=\"elementor-element elementor-element-636ac5f elementor-widget elementor-widget-image\" data-id=\"636ac5f\" data-element_type=\"widget\" data-e-type=\"widget\" data-widget_type=\"image.default\">\n\t\t\t\t\t\t\t\t\t\t\t\t\t\t\t<img fetchpriority=\"high\" decoding=\"async\" width=\"1024\" height=\"682\" src=\"https:\/\/orangehaohotel.com\/wp-content\/uploads\/2025\/10\/OrangeHao-Hotel-80-1024x682.webp\" class=\"attachment-large size-large wp-image-7220\" alt=\"\" srcset=\"https:\/\/orangehaohotel.com\/wp-content\/uploads\/2025\/10\/OrangeHao-Hotel-80-1024x682.webp 1024w, https:\/\/orangehaohotel.com\/wp-content\/uploads\/2025\/10\/OrangeHao-Hotel-80-300x200.webp 300w, https:\/\/orangehaohotel.com\/wp-content\/uploads\/2025\/10\/OrangeHao-Hotel-80-768x512.webp 768w, https:\/\/orangehaohotel.com\/wp-content\/uploads\/2025\/10\/OrangeHao-Hotel-80-18x12.webp 18w, https:\/\/orangehaohotel.com\/wp-content\/uploads\/2025\/10\/OrangeHao-Hotel-80.webp 1280w\" sizes=\"(max-width: 1024px) 100vw, 1024px\" \/>\t\t\t\t\t\t\t\t\t\t\t\t\t\t\t<\/div>\n\t\t\t\t<\/div>\n\t\t\t\t\t<\/div>\n\t\t\t\t<\/div>\n\t\t<div class=\"elementor-element elementor-element-d05381b e-flex e-con-boxed e-con e-parent\" data-id=\"d05381b\" data-element_type=\"container\" data-e-type=\"container\">\n\t\t\t\t\t<div class=\"e-con-inner\">\n\t\t\t\t<div class=\"elementor-element elementor-element-53bd849 elementor-widget elementor-widget-text-editor\" data-id=\"53bd849\" data-element_type=\"widget\" data-e-type=\"widget\" data-widget_type=\"text-editor.default\">\n\t\t\t\t\t\t\t\t\t<p data-spm-anchor-id=\"a2ty_o01.29997173.0.i127.47fcc921vt3Wiu\">Situato a pochi minuti dall&#039;iconica Xi&#039;an <strong>Mura della citt\u00e0 antica<\/strong>, <strong>Campanile<\/strong>e il vivace <strong>Quartiere musulmano<\/strong>Il nostro ristorante \u00e8 pi\u00f9 di un semplice luogo di ristorazione: \u00e8 una celebrazione curata della tradizione locale, degli ingredienti di stagione e delle tecniche tradizionali tramandate di generazione in generazione. Dal leggendario <strong>noodles biangbiang tirati a mano<\/strong>\u2014largo, gommoso e intriso di olio al peperoncino e aglio\u2014al succulento, brasato lentamente <strong>roujiamo l&#039;agnello<\/strong> (spesso chiamati &quot;hamburger cinesi&quot;), ogni piatto \u00e8 realizzato per rendere omaggio alla solida identit\u00e0 culinaria dello Shaanxi, soddisfacendo al contempo le moderne aspettative in termini di freschezza, presentazione e qualit\u00e0.<\/p><div class=\"my-2\">\u00a0<\/div><p>I nostri chef si riforniscono quotidianamente di ingredienti provenienti da mercati locali di fiducia, garantendo sapori e autenticit\u00e0 impeccabili. Tra le specialit\u00e0 pi\u00f9 esclusive: <strong>Yangrou Paomo<\/strong> (pane piatto sbriciolato in profumato stufato di agnello), <strong>Tagliatelle Qishan Saocai<\/strong> con verdure conservate piccanti e delicate <strong>gnocchi al vapore<\/strong> ripieni di maiale ed erba cipollina, ogni piatto \u00e8 una testimonianza del ruolo di Xi&#039;an come crocevia storico della Via della Seta, dove le spezie dell&#039;Asia centrale incontravano l&#039;arte culinaria cinese.<\/p><div class=\"my-2\">\u00a0<\/div><p>Progettato pensando al calore e al comfort, il ristorante presenta <strong>illuminazione ambientale soffusa<\/strong>, arredamento minimalista ispirato all&#039;estetica della dinastia Tang e finestre a tutta altezza che inondano lo spazio di luce naturale di giorno e offrono viste sul tranquillo cortile interno di notte. Che tu stia gustando una colazione tranquilla a base di <strong>congee al latte, youtiao (bastoncini di pasta fritti) e baozi al vapore<\/strong>, un pranzo di lavoro con i colleghi o una cena romantica dopo aver esplorato le antiche meraviglie della citt\u00e0, l&#039;atmosfera crea il perfetto equilibrio tra raffinatezza e semplicit\u00e0.<\/p><div class=\"my-2\">\u00a0<\/div><p>La colazione \u00e8 un momento clou per molti ospiti, con un <strong>buffet curato con cura<\/strong> che unisce i prodotti tipici locali con i piatti preferiti internazionali: pensa a pasticcini appena sfornati insieme a piatti salati <strong>porridge di hulutou<\/strong>, frutta di stagione e uova preparate al momento. Per cena, il men\u00f9 \u00e0 la carte invita all&#039;esplorazione, con opzioni vegetariane, senza glutine e con spezie modificabili disponibili su richiesta. E per completare il pasto? Una selezione di <strong>t\u00e8 cinesi<\/strong>, birre artigianali locali e infusi analcolici a base di bacche di goji, crisantemo o biancospino, ideali per la digestione e il relax.<\/p><div class=\"my-2\">\u00a0<\/div><p>Comodamente aperto per <strong>colazione, pranzo e cena<\/strong>, il ristorante dell&#039;OrangeHao Hotel \u00e8 accessibile esclusivamente agli ospiti dell&#039;hotel e ai clienti occasionali che cercano un&#039;esperienza culinaria autentica ma raffinata a Xi&#039;an. Con <strong>Wi-Fi ad alta velocit\u00e0 gratuito<\/strong>, un attento servizio bilingue e una posizione che vi permetter\u00e0 di raggiungere a pochi passi le principali attrazioni della citt\u00e0, \u00e8 il posto ideale per ricaricarvi, riconnettervi e riscoprire i sapori che caratterizzano questa leggendaria regione.<\/p><div class=\"my-2\">\u00a0<\/div><p>Che tu sia un visitatore alle prime armi curioso dell&#039;eredit\u00e0 dei noodles dello Shaanxi o un viaggiatore di ritorno desideroso del sapore di casa, il nostro ristorante promette pi\u00f9 di un pasto: offre un <strong>deliziosa porta d&#039;accesso all&#039;anima culturale di Xi&#039;an<\/strong>.<\/p><div class=\"my-2\">\u00a0<\/div><p data-spm-anchor-id=\"a2ty_o01.29997173.0.i129.47fcc921vt3Wiu\"><strong>Cenate sul posto. Assaporate la tradizione. Sentitevi a casa.<\/strong><br \/><em data-spm-anchor-id=\"a2ty_o01.29997173.0.i128.47fcc921vt3Wiu\">Aperto tutti i giorni | Situato all&#039;interno dell&#039;OrangeHao Hotel, n. 16 Huancheng South Road, distretto di Beilin, Xi&#039;an, Shaanxi 710000, Cina.<\/em><\/p>\t\t\t\t\t\t\t\t<\/div>\n\t\t\t\t\t<\/div>\n\t\t\t\t<\/div>\n\t\t\t\t<section class=\"elementor-section elementor-top-section elementor-element elementor-element-2aaa09d1 elementor-section-stretched elementor-section-boxed elementor-section-gap-beside-yes elementor-section-height-default elementor-section-height-default elementor-section-column-vertical-align-stretch\" data-id=\"2aaa09d1\" data-element_type=\"section\" data-e-type=\"section\" data-settings=\"{&quot;background_background&quot;:&quot;classic&quot;,&quot;stretch_section&quot;:&quot;section-stretched&quot;}\">\n\t\t\t\t\t\t<div class=\"elementor-container elementor-column-gap-extended\">\n\t\t\t\t\t<div class=\"elementor-column elementor-col-100 elementor-top-column elementor-element elementor-element-e755ed6\" data-id=\"e755ed6\" data-element_type=\"column\" data-e-type=\"column\">\n\t\t\t<div class=\"elementor-widget-wrap elementor-element-populated\">\n\t\t\t\t\t\t<div class=\"elementor-element elementor-element-77beed0e elementor-widget elementor-widget-nuss-heading\" data-id=\"77beed0e\" data-element_type=\"widget\" data-e-type=\"widget\" data-widget_type=\"nuss-heading.default\">\n\t\t\t\t<div class=\"elementor-widget-container\">\n\t\t\t\t\t\t\t<div class=\"nuss-modern-heading\">\r\n\t\t\t\t\t\t<div class=\"heading-secondary-wrap\">\r\n\t\t\t\t<h3 class=\"heading-secondary elementor-heading-title\">Controlla disponibile <\/h3>\t\t\t<\/div>\r\n\t\t\r\n\t\t\t\r\n\t\t\t\r\n\t\t\t\t\t<\/div>\r\n\t\t\t\t\t<\/div>\n\t\t\t\t<\/div>\n\t\t\t\t<div class=\"elementor-element elementor-element-e1e6775 elementor-widget elementor-widget-text-editor\" data-id=\"e1e6775\" data-element_type=\"widget\" data-e-type=\"widget\" data-widget_type=\"text-editor.default\">\n\t\t\t\t\t\t\t\t\t<iframe border=\"0\" src=\"https:\/\/www.trip.com\/partners\/ad\/S5783395?Allianceid=4590391&#038;SID=263897943&#038;trip_sub1=\" style=\"width:900px;height:200px\" frameborder=\"0\" scrolling=\"no\" id=\"S5783395\"><\/iframe>\t\t\t\t\t\t\t\t<\/div>\n\t\t\t\t\t<\/div>\n\t\t<\/div>\n\t\t\t\t\t<\/div>\n\t\t<\/section>\n\t\t\t\t<\/div>","protected":false},"excerpt":{"rendered":"<p>Savor the Soul of Shaanxi: Authentic Dining at OrangeHao Hotel\u2019s On-Site Restaurant in the Heart of Xi\u2019an Step into the OrangeHao Hotel Restaurant\u2014a culinary sanctuary where the bold, aromatic flavors of Shaanxi cuisine come alive in a setting that blends contemporary elegance with the rich heritage of one of China\u2019s oldest cities. Conveniently located within [&hellip;]<\/p>\n","protected":false},"author":1,"featured_media":0,"parent":0,"menu_order":0,"comment_status":"closed","ping_status":"closed","template":"","meta":{"footnotes":""},"class_list":["post-612","page","type-page","status-publish","hentry","post-no-thumbnail"],"_links":{"self":[{"href":"https:\/\/orangehaohotel.com\/it\/wp-json\/wp\/v2\/pages\/612","targetHints":{"allow":["GET"]}}],"collection":[{"href":"https:\/\/orangehaohotel.com\/it\/wp-json\/wp\/v2\/pages"}],"about":[{"href":"https:\/\/orangehaohotel.com\/it\/wp-json\/wp\/v2\/types\/page"}],"author":[{"embeddable":true,"href":"https:\/\/orangehaohotel.com\/it\/wp-json\/wp\/v2\/users\/1"}],"replies":[{"embeddable":true,"href":"https:\/\/orangehaohotel.com\/it\/wp-json\/wp\/v2\/comments?post=612"}],"version-history":[{"count":0,"href":"https:\/\/orangehaohotel.com\/it\/wp-json\/wp\/v2\/pages\/612\/revisions"}],"wp:attachment":[{"href":"https:\/\/orangehaohotel.com\/it\/wp-json\/wp\/v2\/media?parent=612"}],"curies":[{"name":"parola chiave","href":"https:\/\/api.w.org\/{rel}","templated":true}]}}