{"id":647,"date":"2021-03-29T02:13:52","date_gmt":"2021-03-29T02:13:52","guid":{"rendered":"http:\/\/localhost\/nuss\/?page_id=647"},"modified":"2025-10-07T14:25:48","modified_gmt":"2025-10-07T14:25:48","slug":"servizi","status":"publish","type":"page","link":"https:\/\/orangehaohotel.com\/it\/services\/","title":{"rendered":"Servizi"},"content":{"rendered":"<div data-elementor-type=\"wp-page\" data-elementor-id=\"647\" class=\"elementor elementor-647\">\n\t\t\t\t\t\t<section class=\"elementor-section elementor-top-section elementor-element elementor-element-3353bc8 elementor-section-boxed elementor-section-gap-beside-yes elementor-section-height-default elementor-section-height-default elementor-section-column-vertical-align-stretch\" data-id=\"3353bc8\" data-element_type=\"section\" data-e-type=\"section\">\n\t\t\t\t\t\t<div class=\"elementor-container elementor-column-gap-extended\">\n\t\t\t\t\t<div class=\"elementor-column elementor-col-100 elementor-top-column elementor-element elementor-element-0a2bc64\" data-id=\"0a2bc64\" data-element_type=\"column\" data-e-type=\"column\">\n\t\t\t<div class=\"elementor-widget-wrap elementor-element-populated\">\n\t\t\t\t\t\t<div class=\"elementor-element elementor-element-447e3ef elementor-widget__width-initial elementor-invisible elementor-widget elementor-widget-text-editor\" data-id=\"447e3ef\" data-element_type=\"widget\" data-e-type=\"widget\" data-settings=\"{&quot;_animation&quot;:&quot;nussFadeInUp&quot;}\" data-widget_type=\"text-editor.default\">\n\t\t\t\t\t\t\t\t\t<div class=\"svelte-1c06zsf\" data-lang-code=\"\"><p><strong data-spm-anchor-id=\"a2ty_o01.29997173.0.i132.47fcc921vt3Wiu\">Servizio eccezionale, curato nei minimi dettagli: l&#039;esperienza dell&#039;OrangeHao Hotel nel cuore di Xi&#039;an<\/strong><\/p><\/div>\t\t\t\t\t\t\t\t<\/div>\n\t\t\t\t\t<\/div>\n\t\t<\/div>\n\t\t\t\t\t<\/div>\n\t\t<\/section>\n\t\t<div class=\"elementor-element elementor-element-02dd6e2 e-flex e-con-boxed e-con e-parent\" data-id=\"02dd6e2\" data-element_type=\"container\" data-e-type=\"container\">\n\t\t\t\t\t<div class=\"e-con-inner\">\n\t\t\t\t<div class=\"elementor-element elementor-element-72bb240 elementor-widget elementor-widget-nuss-image-gallery\" data-id=\"72bb240\" data-element_type=\"widget\" data-e-type=\"widget\" data-widget_type=\"nuss-image-gallery.default\">\n\t\t\t\t<div class=\"elementor-widget-container\">\n\t\t\t\t\t\t\t<div class=\"nuss-grid-wrapper\" data-grid=\"{&quot;type&quot;:&quot;grid&quot;,&quot;ratio&quot;:null,&quot;columns&quot;:3,&quot;gutter&quot;:30}\">\r\n\t\t\t<div class=\"nuss-grid lazy-grid\">\r\n\t\t\t\t<div class=\"grid-sizer\"><\/div>\r\n\r\n\t\t\t\t\t\t\t\t\t\t\t\t<div class=\"grid-item\">\r\n\t\t\t\t\t\t<div class=\"nuss-box\">\t\t<div class=\"nuss-image image\">\r\n\t\t\t<img decoding=\"async\"  src=\"https:\/\/orangehaohotel.com\/wp-content\/uploads\/2025\/10\/OrangeHao-Hotel-78.webp\" alt=\"OrangeHao Hotel (78)\" \/>\t\t<\/div>\r\n\t\t\t\t<\/div>\t\t\t\t\t<\/div>\r\n\t\t\t\t\t\t<div class=\"grid-item\">\r\n\t\t\t\t\t\t<div class=\"nuss-box\">\t\t<div class=\"nuss-image image\">\r\n\t\t\t<img decoding=\"async\"  src=\"https:\/\/orangehaohotel.com\/wp-content\/uploads\/2025\/10\/OrangeHao-Hotel-77.webp\" alt=\"OrangeHao Hotel (77)\" \/>\t\t<\/div>\r\n\t\t\t\t<\/div>\t\t\t\t\t<\/div>\r\n\t\t\t\t\t\t<div class=\"grid-item\">\r\n\t\t\t\t\t\t<div class=\"nuss-box\">\t\t<div class=\"nuss-image image\">\r\n\t\t\t<img decoding=\"async\"  src=\"https:\/\/orangehaohotel.com\/wp-content\/uploads\/2025\/10\/OrangeHao-Hotel-76.webp\" alt=\"OrangeHao Hotel (76)\" \/>\t\t<\/div>\r\n\t\t\t\t<\/div>\t\t\t\t\t<\/div>\r\n\t\t\t\t\t\t<div class=\"grid-item\">\r\n\t\t\t\t\t\t<div class=\"nuss-box\">\t\t<div class=\"nuss-image image\">\r\n\t\t\t<img decoding=\"async\"  src=\"https:\/\/orangehaohotel.com\/wp-content\/uploads\/2025\/10\/OrangeHao-Hotel-73.webp\" alt=\"OrangeHao Hotel (73)\" \/>\t\t<\/div>\r\n\t\t\t\t<\/div>\t\t\t\t\t<\/div>\r\n\t\t\t\t\t\t<div class=\"grid-item\">\r\n\t\t\t\t\t\t<div class=\"nuss-box\">\t\t<div class=\"nuss-image image\">\r\n\t\t\t<img decoding=\"async\"  src=\"https:\/\/orangehaohotel.com\/wp-content\/uploads\/2025\/10\/OrangeHao-Hotel-68.webp\" alt=\"OrangeHao Hotel (68)\" \/>\t\t<\/div>\r\n\t\t\t\t<\/div>\t\t\t\t\t<\/div>\r\n\t\t\t\t\t\t<div class=\"grid-item\">\r\n\t\t\t\t\t\t<div class=\"nuss-box\">\t\t<div class=\"nuss-image image\">\r\n\t\t\t<img decoding=\"async\"  src=\"https:\/\/orangehaohotel.com\/wp-content\/uploads\/2025\/10\/OrangeHao-Hotel-84.webp\" alt=\"OrangeHao Hotel (84)\" \/>\t\t<\/div>\r\n\t\t\t\t<\/div>\t\t\t\t\t<\/div>\r\n\t\t\t\t\t\t<div class=\"grid-item\">\r\n\t\t\t\t\t\t<div class=\"nuss-box\">\t\t<div class=\"nuss-image image\">\r\n\t\t\t<img decoding=\"async\"  src=\"https:\/\/orangehaohotel.com\/wp-content\/uploads\/2025\/10\/OrangeHao-Hotel-85.webp\" alt=\"OrangeHao Hotel (85)\" \/>\t\t<\/div>\r\n\t\t\t\t<\/div>\t\t\t\t\t<\/div>\r\n\t\t\t\t\t\t<div class=\"grid-item\">\r\n\t\t\t\t\t\t<div class=\"nuss-box\">\t\t<div class=\"nuss-image image\">\r\n\t\t\t<img decoding=\"async\"  src=\"https:\/\/orangehaohotel.com\/wp-content\/uploads\/2025\/10\/OrangeHao-Hotel-34.webp\" alt=\"OrangeHao Hotel (34)\" \/>\t\t<\/div>\r\n\t\t\t\t<\/div>\t\t\t\t\t<\/div>\r\n\t\t\t\t\t\t<div class=\"grid-item\">\r\n\t\t\t\t\t\t<div class=\"nuss-box\">\t\t<div class=\"nuss-image image\">\r\n\t\t\t<img decoding=\"async\"  src=\"https:\/\/orangehaohotel.com\/wp-content\/uploads\/2025\/10\/OrangeHao-Hotel-40.webp\" alt=\"OrangeHao Hotel (40)\" \/>\t\t<\/div>\r\n\t\t\t\t<\/div>\t\t\t\t\t<\/div>\r\n\t\t\t\t\t\t<div class=\"grid-item\">\r\n\t\t\t\t\t\t<div class=\"nuss-box\">\t\t<div class=\"nuss-image image\">\r\n\t\t\t<img decoding=\"async\"  src=\"https:\/\/orangehaohotel.com\/wp-content\/uploads\/2025\/10\/OrangeHao-Hotel-39.webp\" alt=\"OrangeHao Hotel (39)\" \/>\t\t<\/div>\r\n\t\t\t\t<\/div>\t\t\t\t\t<\/div>\r\n\t\t\t\t\t\t<div class=\"grid-item\">\r\n\t\t\t\t\t\t<div class=\"nuss-box\">\t\t<div class=\"nuss-image image\">\r\n\t\t\t<img decoding=\"async\"  src=\"https:\/\/orangehaohotel.com\/wp-content\/uploads\/2025\/10\/OrangeHao-Hotel-15.webp\" alt=\"OrangeHao Hotel (15)\" \/>\t\t<\/div>\r\n\t\t\t\t<\/div>\t\t\t\t\t<\/div>\r\n\t\t\t\t\t\t<div class=\"grid-item\">\r\n\t\t\t\t\t\t<div class=\"nuss-box\">\t\t<div class=\"nuss-image image\">\r\n\t\t\t<img decoding=\"async\"  src=\"https:\/\/orangehaohotel.com\/wp-content\/uploads\/2025\/10\/OrangeHao-Hotel-7.webp\" alt=\"OrangeHao Hotel (7)\" \/>\t\t<\/div>\r\n\t\t\t\t<\/div>\t\t\t\t\t<\/div>\r\n\t\t\t\t\t\t\t\r\n\t\t\t<\/div>\r\n\t\t<\/div>\r\n\t\t\t\t\t\t<\/div>\n\t\t\t\t<\/div>\n\t\t\t\t\t<\/div>\n\t\t\t\t<\/div>\n\t\t<div class=\"elementor-element elementor-element-76953f7 e-flex e-con-boxed e-con e-parent\" data-id=\"76953f7\" data-element_type=\"container\" data-e-type=\"container\">\n\t\t\t\t\t<div class=\"e-con-inner\">\n\t\t\t\t<div class=\"elementor-element elementor-element-2f32cd6 elementor-widget elementor-widget-text-editor\" data-id=\"2f32cd6\" data-element_type=\"widget\" data-e-type=\"widget\" data-widget_type=\"text-editor.default\">\n\t\t\t\t\t\t\t\t\t<div class=\"svelte-1c06zsf\" data-lang-code=\"\"><p data-spm-anchor-id=\"a2ty_o01.29997173.0.i133.47fcc921vt3Wiu\">A <strong>OrangeHao Hotel<\/strong>, situato a <strong>No.16 Huancheng South Road, Distretto di Beilin, Xi&#039;an, Shaanxi 710000, Cina<\/strong>Crediamo che la vera ospitalit\u00e0 non risieda solo nel luogo in cui soggiornate, ma anche nel modo in cui vi prendiamo cura di voi. Dal momento in cui valutate la prenotazione fino al momento del saluto, ogni momento di contatto \u00e8 progettato con attenzione, calore e un profondo rispetto per il vostro tempo, il vostro comfort e le vostre esigenze individuali. La nostra gamma completa di servizi va oltre le aspettative, fondendo l&#039;efficienza moderna con lo spirito cortese di Xi&#039;an, una citt\u00e0 che accoglie i viaggiatori da oltre 2.000 anni.<\/p><div class=\"my-2\">\u00a0<\/div><h3><strong>Arrivo senza intoppi e check-in personalizzato<\/strong><\/h3><p>Il tuo viaggio con noi inizia prima ancora di varcare la nostra porta. Il nostro <strong>Reception aperta 24 ore su 24, 7 giorni su 7<\/strong> garantisce un arrivo senza intoppi a qualsiasi ora, mentre il nostro <strong>check-in e check-out rapidi<\/strong> Le opzioni riducono al minimo i tempi di attesa sia per i viaggiatori d&#039;affari che per gli esploratori stanchi. All&#039;arrivo, sarete accolti dal nostro team multilingue, fluente in mandarino e conversazionale in inglese, che vi fornir\u00e0 non solo le chiavi della camera, ma <strong>biglietti di benvenuto personalizzati<\/strong>, consigli locali e persino mappe disegnate a mano per scoprire tesori nascosti come negozi di noodles secolari o tranquilli cortili di templi.<\/p><div class=\"my-2\">\u00a0<\/div><h3><strong>Servizi in camera attentamente curati<\/strong><\/h3><p>Ogni camera dell&#039;OrangeHao Hotel \u00e8 dotata di comfort pensati per garantire comfort e praticit\u00e0:<\/p><ul dir=\"auto\"><li><strong>Wi-Fi in fibra ottica ad alta velocit\u00e0<\/strong> (gratuito e affidabile per il lavoro da remoto o lo streaming)<\/li><li><strong>Scrivanie da lavoro ergonomiche<\/strong> con ampie prese di corrente e porte USB<\/li><li><strong>Biancheria da letto di alta qualit\u00e0<\/strong> con cuscini ipoallergenici e lenzuola in cotone a 300 fili<\/li><li><strong>Controllo intelligente del clima<\/strong>, tende oscuranti e finestre fonoassorbenti per un riposo ottimale<\/li><li><strong>Articoli da toeletta di lusso<\/strong>, morbidi accappatoi, pantofole e asciugacapelli<\/li><li><strong>Casseforti in camera<\/strong>, bollitori elettrici e una selezione curata di t\u00e8 locali<\/li><\/ul><div class=\"my-2\">\u00a0<\/div><p>Per gli ospiti che cercano un comfort extra, offriamo <strong>men\u00f9 di cuscini<\/strong>, cestini di snack a tarda notte e servizio di couverture su richiesta: perch\u00e9 il lusso vive nei dettagli.<\/p><div class=\"my-2\">\u00a0<\/div><h3><strong>Supporto aziendale e di connettivit\u00e0<\/strong><\/h3><p>Riconoscendo che molti dei nostri ospiti uniscono il lavoro al viaggio, forniamo un <strong>angolo business completamente attrezzato<\/strong> Aperto 24 ore su 24, 7 giorni su 7, con servizi di stampa, scansione, fotocopie e postazioni di lavoro adatte ai laptop. Per piccole riunioni o presentazioni con i clienti, il nostro <strong>spazio riunioni flessibile<\/strong> Pu\u00f2 ospitare fino a 20 persone e include una smart TV da 65 pollici, condivisione dello schermo wireless, funzionalit\u00e0 di videoconferenza e servizio caff\u00e8 gratuito. Devi spedire un pacco o stampare le carte d&#039;imbarco? Basta chiedere: siamo qui per far s\u00ec che la tua vita professionale scorra senza intoppi.<\/p><div class=\"my-2\">\u00a0<\/div><h3><strong>Concierge e cura dell&#039;esperienza locale<\/strong><\/h3><p>Il nostro servizio concierge \u00e8 pi\u00f9 che transazionale: \u00e8 trasformativo. Che tu voglia saltare le file al <strong>Guerrieri di terracotta<\/strong>, assicurati i biglietti last minute per il <strong>Spettacolo della dinastia Tang<\/strong>o scopri una tranquilla sala da t\u00e8 vicino alla Piccola Pagoda dell&#039;Oca Selvatica, il nostro team sfrutta la profonda conoscenza locale per creare <strong>itinerari personalizzati<\/strong>Collaboriamo con guide locali fidate, fornitori di servizi di trasporto e istituzioni culturali per garantire esperienze autentiche e senza problemi.<\/p><div class=\"my-2\">\u00a0<\/div><h3><strong>Assistenza per trasporti e logistica<\/strong><\/h3><p>Orientarsi in una nuova citt\u00e0 pu\u00f2 essere scoraggiante, ma non con OrangeHao al tuo fianco. Offriamo:<\/p><ul dir=\"auto\"><li><strong>Coordinamento dei trasferimenti aeroportuali<\/strong> (da\/per l&#039;aeroporto internazionale di Xi&#039;an Xianyang)<\/li><li><strong>Prenotazione taxi e Didi (Uber cinese)<\/strong> con conducenti controllati<\/li><li><strong>Indicazioni per il percorso della metropolitana e degli autobus<\/strong>, inclusi pass con codice QR per un facile accesso<\/li><li><strong>Consigli per il noleggio di biciclette<\/strong> per passeggiate panoramiche lungo le mura della citt\u00e0<\/li><\/ul><div class=\"my-2\">\u00a0<\/div><p>La nostra posizione: a soli 6 minuti a piedi da <strong>Stazione della metropolitana di Hepingmen (linea 4)<\/strong>\u2014rende l&#039;esplorazione indipendente semplice, ma siamo sempre pronti ad aiutarti ad arrivare dove devi andare.<\/p><div class=\"my-2\">\u00a0<\/div><h3><strong>Benessere e comfort quotidiano<\/strong><\/h3><p>Anche se non disponiamo di una spa completa, diamo priorit\u00e0 al tuo benessere attraverso trattamenti accurati:<\/p><ul dir=\"auto\"><li><strong>Acqua in bottiglia gratuita<\/strong> rifornito quotidianamente<\/li><li><strong>Servizi di lavanderia e lavaggio a secco<\/strong> (disponibile in 24 ore)<\/li><li><strong>Deposito bagagli<\/strong> prima del check-in o dopo il check-out<\/li><li><strong>Politica sulle ore di silenzio<\/strong> e posizionamento delle camere in modo da ridurre al minimo il rumore (disponibili camere con vista sul cortile)<\/li><\/ul><div class=\"my-2\">\u00a0<\/div><p>Per gli ospiti che si stanno riprendendo da lunghi voli o jet lag, offriamo <strong>kit di ristoro<\/strong> con maschere per gli occhi, tisane e miele locale: un piccolo gesto dal grande impatto.<\/p><div class=\"my-2\">\u00a0<\/div><h3><strong>Sostenibilit\u00e0 e ospitalit\u00e0 responsabile<\/strong><\/h3><p>La nostra filosofia di servizio include un impegno verso il pianeta. Abbiamo eliminato la plastica monouso ove possibile, utilizziamo sistemi di illuminazione e riscaldamento, ventilazione e condizionamento (HVAC) a basso consumo energetico, ci riforniamo di prodotti da fornitori locali eco-consapevoli e incoraggiamo programmi di riutilizzo degli asciugamani, il tutto senza compromettere il comfort degli ospiti.<\/p><div class=\"my-2\">\u00a0<\/div><h3><strong>Accessibilit\u00e0 e inclusivit\u00e0<\/strong><\/h3><p>Sebbene ospitati in un moderno edificio urbano, ci impegniamo a soddisfare le esigenze pi\u00f9 diverse. Sebbene le camere completamente conformi ai requisiti ADA siano limitate, offriamo accesso al piano terra, allarmi antincendio visivi e personale qualificato per un servizio inclusivo. Vi preghiamo di contattarci in anticipo per consentirci di personalizzare il vostro soggiorno.<\/p><div class=\"my-2\">\u00a0<\/div><div class=\"py-2 my-3\"><hr \/><\/div><div class=\"my-2\">\u00a0<\/div><p>A <strong>OrangeHao Hotel<\/strong>, il servizio non \u00e8 un reparto, \u00e8 la nostra identit\u00e0. Radicato nell&#039;antico principio cinese di <em>\u201cke ren zhi shang\u201d<\/em> (gli ospiti vengono prima di tutto), ma il nostro approccio, realizzato con efficienza contemporanea, garantisce che ogni soggiorno sia naturale, personale e profondamente umano.<\/p><div class=\"my-2\">\u00a0<\/div><p>Che tu sia qui per una notte o una settimana, per lavoro o per curiosit\u00e0, non sei solo un ospite: sei parte della nostra storia. E noi siamo onorati di far parte della tua.<\/p><div class=\"my-2\">\u00a0<\/div><p data-spm-anchor-id=\"a2ty_o01.29997173.0.i134.47fcc921vt3Wiu\"><em>Scopri la differenza che fa un servizio attento. Benvenuti all&#039;OrangeHao Hotel, dove ogni dettaglio \u00e8 progettato pensando a voi.<\/em><\/p><\/div>\t\t\t\t\t\t\t\t<\/div>\n\t\t\t\t\t<\/div>\n\t\t\t\t<\/div>\n\t\t\t\t<section class=\"elementor-section elementor-top-section elementor-element elementor-element-35095f99 elementor-section-stretched elementor-section-boxed elementor-section-gap-beside-yes elementor-section-height-default elementor-section-height-default elementor-section-column-vertical-align-stretch\" data-id=\"35095f99\" data-element_type=\"section\" data-e-type=\"section\" data-settings=\"{&quot;background_background&quot;:&quot;classic&quot;,&quot;stretch_section&quot;:&quot;section-stretched&quot;}\">\n\t\t\t\t\t\t<div class=\"elementor-container elementor-column-gap-extended\">\n\t\t\t\t\t<div class=\"elementor-column elementor-col-100 elementor-top-column elementor-element elementor-element-4988cc37\" data-id=\"4988cc37\" data-element_type=\"column\" data-e-type=\"column\">\n\t\t\t<div class=\"elementor-widget-wrap elementor-element-populated\">\n\t\t\t\t\t\t<div class=\"elementor-element elementor-element-35183674 elementor-widget elementor-widget-nuss-heading\" data-id=\"35183674\" data-element_type=\"widget\" data-e-type=\"widget\" data-widget_type=\"nuss-heading.default\">\n\t\t\t\t<div class=\"elementor-widget-container\">\n\t\t\t\t\t\t\t<div class=\"nuss-modern-heading\">\r\n\t\t\t\t\t\t<div class=\"heading-secondary-wrap\">\r\n\t\t\t\t<h3 class=\"heading-secondary elementor-heading-title\">Controlla disponibile <\/h3>\t\t\t<\/div>\r\n\t\t\r\n\t\t\t\r\n\t\t\t\r\n\t\t\t\t\t<\/div>\r\n\t\t\t\t\t<\/div>\n\t\t\t\t<\/div>\n\t\t\t\t<div class=\"elementor-element elementor-element-2490794b elementor-widget elementor-widget-text-editor\" data-id=\"2490794b\" data-element_type=\"widget\" data-e-type=\"widget\" data-widget_type=\"text-editor.default\">\n\t\t\t\t\t\t\t\t\t<iframe border=\"0\" src=\"https:\/\/www.trip.com\/partners\/ad\/S5783395?Allianceid=4590391&#038;SID=263897943&#038;trip_sub1=\" style=\"width:900px;height:200px\" frameborder=\"0\" scrolling=\"no\" id=\"S5783395\"><\/iframe>\t\t\t\t\t\t\t\t<\/div>\n\t\t\t\t\t<\/div>\n\t\t<\/div>\n\t\t\t\t\t<\/div>\n\t\t<\/section>\n\t\t\t\t<\/div>","protected":false},"excerpt":{"rendered":"<p>Exceptional Service, Thoughtfully Delivered: The OrangeHao Hotel Experience in the Heart of Xi\u2019an At OrangeHao Hotel, located at No.16 Huancheng South Road, Beilin District, Xi\u2019an, Shaanxi 710000, China, we believe that true hospitality lies not just in where you stay\u2014but in how you\u2019re cared for. From the moment you consider booking to the time you [&hellip;]<\/p>\n","protected":false},"author":1,"featured_media":0,"parent":0,"menu_order":0,"comment_status":"closed","ping_status":"closed","template":"","meta":{"footnotes":""},"class_list":["post-647","page","type-page","status-publish","hentry","post-no-thumbnail"],"_links":{"self":[{"href":"https:\/\/orangehaohotel.com\/it\/wp-json\/wp\/v2\/pages\/647","targetHints":{"allow":["GET"]}}],"collection":[{"href":"https:\/\/orangehaohotel.com\/it\/wp-json\/wp\/v2\/pages"}],"about":[{"href":"https:\/\/orangehaohotel.com\/it\/wp-json\/wp\/v2\/types\/page"}],"author":[{"embeddable":true,"href":"https:\/\/orangehaohotel.com\/it\/wp-json\/wp\/v2\/users\/1"}],"replies":[{"embeddable":true,"href":"https:\/\/orangehaohotel.com\/it\/wp-json\/wp\/v2\/comments?post=647"}],"version-history":[{"count":0,"href":"https:\/\/orangehaohotel.com\/it\/wp-json\/wp\/v2\/pages\/647\/revisions"}],"wp:attachment":[{"href":"https:\/\/orangehaohotel.com\/it\/wp-json\/wp\/v2\/media?parent=647"}],"curies":[{"name":"parola chiave","href":"https:\/\/api.w.org\/{rel}","templated":true}]}}